{"id":42,"date":"2016-03-22T12:19:04","date_gmt":"2016-03-22T11:19:04","guid":{"rendered":"http:\/\/newim.dii.unipd.it\/?page_id=42"},"modified":"2026-01-08T16:12:11","modified_gmt":"2026-01-08T15:12:11","slug":"presentazione-e-obiettivi","status":"publish","type":"page","link":"https:\/\/academics.dii.unipd.it\/aerospaceengineering\/it\/presentazione-e-obiettivi\/","title":{"rendered":"Presentazione e obiettivi formativi"},"content":{"rendered":"<div data-label=\"Cta\" data-id=\"cta--1\" data-export-id=\"cta-blue-section\" data-category=\"cta\" class=\"cta-blue-section content-section content-section-spacing-medium bg-color1 white-text\" id=\"cta-1\">\r\n<div class=\"gridContainer\">\r\n<div class=\"row middle-xs\">\r\n<div class=\"col-sm-8 space-bottom-xs\" data-type=\"column\">\r\n<h3>BSc degree<\/h3>\r\n<\/div>\r\n<div class=\"col-sm-4 end-sm\" data-type=\"column\"><\/div>\r\n<\/div>\r\n<\/div>\r\n<\/div>\r\n<div data-label=\"Content\" data-id=\"content--11\" data-export-id=\"content-12\" data-category=\"content\" class=\"content-12 content-section content-section-spacing\" id=\"content-11\">\r\n<div class=\"gridContainer\">\r\n<div class=\"row text-center\">\r\n<div class=\"section-title-col\" data-type=\"column\">\r\n<h2 class=\"\">Laurea in Ingegneria Aerospaziale<\/h2>\r\n<\/div>\r\n<\/div>\r\n<div class=\"row center-xs middle-xs\">\r\n<div class=\"col-sm-9\" data-type=\"column\"><\/div>\r\n<\/div>\r\n<\/div>\r\n<\/div>\r\n<div data-label=\"Content\" data-id=\"content--9\" data-export-id=\"content-18\" data-category=\"content\" class=\"content-18 content-section content-section-spacing\" id=\"content-9\">\r\n<div class=\"gridContainer\">\r\n<div class=\"row middle-sm\">\r\n<div class=\"col-sm-6 flexbox around-xs top-xs space-bottom-xs space-top-xs\">\r\n<div class=\"overlay-box flexbox middle-xs center-xs overlay-holder\">\r\n<div class=\"overlay-box-offset offset-background shadow-medium bg-color2 hide-xs\"><\/div>\r\n<img decoding=\"async\" class=\"flexbox shadow-large img1\" data-size=\"500x500\" src=\"https:\/\/academics.dii.unipd.it\/aerospaceengineering\/wp-content\/uploads\/sites\/50\/2021\/07\/cropped-cropped-iss_330075494.jpg\" title=\"cropped-cropped-iss_330075494.jpg\" alt=\"\" \/>\r\n\r\n<\/div>\r\n<\/div>\r\n<div class=\"col-sm-6\" data-type=\"column\">\r\n<p class=\"\" style=\"text-align: justify\">Il Corso di Laurea in Ingegneria Aerospaziale ha lo scopo di iniziare un percorso formativo finalizzato alla progettazione, gestione e collaudo di veicoli e vettori in ambito aeronautico e spaziale e dei relativi sottosistemi per applicazioni civili, industriali e scientifiche. Lo studente deve quindi acquisire una solida preparazione di base tecnico-scientifica applicandosi, oltre che ai campi comuni all\u2019ingegneria industriale (meccanica dei fluidi, meccanica dei solidi, termodinamica, scambio termico, elettrotecnica, e altri), anche a filoni culturali specifici quali l\u2019Aerodinamica, le Strutture Aerospaziali, la Dinamica del Volo, gli Impianti e Sistemi di Bordo. Nelle applicazioni prettamente aerospaziali, inoltre, \u00e8 indispensabile possedere anche gli strumenti scientifici di base utili per operare in modo coordinato e sinergico con altri ambiti scientifici (quali, ad esempio, quello dell\u2019Astronomia e le Scienze Planetarie, delle Bioscienze, della Fisica della Materia e dello Spazio), per cui lo studente deve dimostrare anche un\u2019apertura intellettuale che gli consenta di affrontare la continua richiesta d\u2019innovazione per prestazioni al limite delle conoscenze tecnologiche.<\/p>\r\n\r\n<\/div>\r\n<\/div>\r\n<\/div>\r\n<\/div>\r\n<div data-label=\"Content\" data-id=\"content--7\" data-export-id=\"content-17\" data-category=\"content\" class=\"content-17 content-section content-section-spacing\" id=\"content-7\">\r\n<div class=\"gridContainer\">\r\n<div class=\"row middle-sm\">\r\n<div class=\"col-sm-6 space-bottom-xs\" data-type=\"column\">\r\n<h3 class=\"\">Sbocchi occupazionali<\/h3>\r\n<p class=\"\" style=\"text-align: justify\">La Laurea in Ingegneria Aerospaziale mira a fornire capacit\u00e0 professionali quali:\r\n\u2013 operare nelle industrie nazionali ed internazionali del settore;\r\n\u2013 gestire efficacemente rapporti con le agenzie ed enti spaziali;\r\n\u2013 interfacciarsi con enti pubblici e privati per la sperimentazione in campo aerospaziale.<\/p>\r\n<a class=\"button color1 round\" href=\"https:\/\/academics.dii.unipd.it\/aerospaceengineering\/sbocchi-e-dati-occupazionali\" target=\"_self\" data-cp-link=\"1\" data-icon=\"\" rel=\"noopener\">LEARN MORE<\/a>\r\n\r\n<\/div>\r\n<div class=\"col-sm-6 flexbox around-xs top-xs space-top-xs space-bottom-xs\">\r\n<div class=\"overlay-box flexbox middle-xs center-xs overlay-holder\">\r\n<div class=\"overlay-box-offset offset-background shadow-medium bg-color2 hide-xs\"><\/div>\r\n<img decoding=\"async\" class=\"flexbox shadow-large img1\" data-size=\"500x500\" src=\"https:\/\/academics.dii.unipd.it\/aerospaceengineering\/wp-content\/uploads\/sites\/50\/2021\/07\/cropped-cfd-1200x380-1-1.jpg\" title=\"cropped-cfd-1200x380-1-1.jpg\" alt=\"\" \/>\r\n\r\n<\/div>\r\n<\/div>\r\n<\/div>\r\n<\/div>\r\n<\/div>\r\n<div data-label=\"Content\" data-id=\"content--5\" data-export-id=\"content-18\" data-category=\"content\" class=\"content-18 content-section content-section-spacing\" id=\"content-5\">\r\n<div class=\"gridContainer\">\r\n<div class=\"row middle-sm\">\r\n<div class=\"col-sm-6 flexbox around-xs top-xs space-bottom-xs space-top-xs\">\r\n<div class=\"overlay-box flexbox middle-xs center-xs overlay-holder\">\r\n<div class=\"overlay-box-offset offset-background shadow-medium bg-color2 hide-xs\"><\/div>\r\n<img decoding=\"async\" class=\"flexbox shadow-large img1\" data-size=\"500x500\" src=\"https:\/\/academics.dii.unipd.it\/aerospaceengineering\/wp-content\/uploads\/sites\/50\/2021\/03\/cropped-cropped-dopo-la-laurea.jpg\" title=\"cropped-cropped-dopo-la-laurea.jpg\" alt=\"\" \/>\r\n\r\n<\/div>\r\n<\/div>\r\n<div class=\"col-sm-6\" data-type=\"column\">\r\n<h3 class=\"\">Dalla triennale alla magistrale<\/h3>\r\n<p class=\"\" style=\"text-align: justify\">Dal Corso di Laurea di 1\u00b0 livello in Ingegneria Aerospaziale dell\u2019Universit\u00e0 di Padova \u00e8 possibile accedere al Corso di Laurea Magistrale in Ingegneria Aerospaziale. Tale accesso \u00e8 garantito a tutti gli studenti che abbiano ottenuto un voto finale superiore o uguale a 84\/110. Gli studenti che abbiano conseguito la laurea di primo livello in una disciplina dell\u2019ingegneria industriale (classe L9) anche presso altri atenei, ma con una votazione superiore o uguale a 105\/110 hanno l\u2019accesso garantito. Negli altri casi l\u2019accesso \u00e8 possibile a patto che siano rispettati altri criteri. Informazioni complete sull\u2019accesso alla laurea magistrale sono riportate nel regolamento.<\/p>\r\n\r\n<\/div>\r\n<\/div>\r\n<\/div>\r\n<\/div>","protected":false},"excerpt":{"rendered":"<p>BSc degree Laurea in Ingegneria Aerospaziale Il Corso di Laurea in Ingegneria Aerospaziale ha lo scopo di iniziare un percorso formativo finalizzato alla progettazione, gestione e collaudo di veicoli e vettori in ambito aeronautico e spaziale e dei relativi sottosistemi per applicazioni civili, industriali e scientifiche. Lo studente deve quindi acquisire una solida preparazione di&hellip; <br \/> <a class=\"read-more\" href=\"https:\/\/academics.dii.unipd.it\/aerospaceengineering\/it\/presentazione-e-obiettivi\/\">Read more<\/a><\/p>\n","protected":false},"author":1,"featured_media":867,"parent":0,"menu_order":0,"comment_status":"closed","ping_status":"closed","template":"","meta":{"footnotes":""},"folder":[],"class_list":["post-42","page","type-page","status-publish","has-post-thumbnail","hentry"],"yoast_head":"<!-- This site is optimized with the Yoast SEO plugin v27.4 - https:\/\/yoast.com\/product\/yoast-seo-wordpress\/ -->\n<title>Presentazione e obiettivi formativi - Aerospace Engineering - Padova University<\/title>\n<meta name=\"robots\" content=\"index, follow, max-snippet:-1, max-image-preview:large, max-video-preview:-1\" \/>\n<link rel=\"canonical\" href=\"https:\/\/academics.dii.unipd.it\/aerospaceengineering\/it\/presentazione-e-obiettivi\/\" \/>\n<meta property=\"og:locale\" content=\"it_IT\" \/>\n<meta property=\"og:type\" content=\"article\" \/>\n<meta property=\"og:title\" content=\"Presentazione e obiettivi formativi - Aerospace Engineering - Padova University\" \/>\n<meta property=\"og:description\" content=\"BSc degree Laurea in Ingegneria Aerospaziale Il Corso di Laurea in Ingegneria Aerospaziale ha lo scopo di iniziare un percorso formativo finalizzato alla progettazione, gestione e collaudo di veicoli e vettori in ambito aeronautico e spaziale e dei relativi sottosistemi per applicazioni civili, industriali e scientifiche. Lo studente deve quindi acquisire una solida preparazione di&hellip; Read more\" \/>\n<meta property=\"og:url\" content=\"https:\/\/academics.dii.unipd.it\/aerospaceengineering\/it\/presentazione-e-obiettivi\/\" \/>\n<meta property=\"og:site_name\" content=\"Aerospace Engineering - Padova University\" \/>\n<meta property=\"article:modified_time\" content=\"2026-01-08T15:12:11+00:00\" \/>\n<meta property=\"og:image\" content=\"https:\/\/academics.dii.unipd.it\/aerospaceengineering\/wp-content\/uploads\/sites\/50\/2021\/03\/orientarsi_0.png\" \/>\n\t<meta property=\"og:image:width\" content=\"980\" \/>\n\t<meta property=\"og:image:height\" content=\"375\" \/>\n\t<meta property=\"og:image:type\" content=\"image\/png\" \/>\n<meta name=\"twitter:card\" content=\"summary_large_image\" \/>\n<meta name=\"twitter:label1\" content=\"Tempo di lettura stimato\" \/>\n\t<meta name=\"twitter:data1\" content=\"3 minuti\" \/>\n<script type=\"application\/ld+json\" class=\"yoast-schema-graph\">{\"@context\":\"https:\\\/\\\/schema.org\",\"@graph\":[{\"@type\":\"WebPage\",\"@id\":\"https:\\\/\\\/academics.dii.unipd.it\\\/aerospaceengineering\\\/it\\\/presentazione-e-obiettivi\\\/\",\"url\":\"https:\\\/\\\/academics.dii.unipd.it\\\/aerospaceengineering\\\/it\\\/presentazione-e-obiettivi\\\/\",\"name\":\"Presentazione e obiettivi formativi - Aerospace Engineering - Padova University\",\"isPartOf\":{\"@id\":\"https:\\\/\\\/academics.dii.unipd.it\\\/aerospaceengineering\\\/#website\"},\"primaryImageOfPage\":{\"@id\":\"https:\\\/\\\/academics.dii.unipd.it\\\/aerospaceengineering\\\/it\\\/presentazione-e-obiettivi\\\/#primaryimage\"},\"image\":{\"@id\":\"https:\\\/\\\/academics.dii.unipd.it\\\/aerospaceengineering\\\/it\\\/presentazione-e-obiettivi\\\/#primaryimage\"},\"thumbnailUrl\":\"https:\\\/\\\/academics.dii.unipd.it\\\/aerospaceengineering\\\/wp-content\\\/uploads\\\/sites\\\/50\\\/2021\\\/03\\\/orientarsi_0.png\",\"datePublished\":\"2016-03-22T11:19:04+00:00\",\"dateModified\":\"2026-01-08T15:12:11+00:00\",\"breadcrumb\":{\"@id\":\"https:\\\/\\\/academics.dii.unipd.it\\\/aerospaceengineering\\\/it\\\/presentazione-e-obiettivi\\\/#breadcrumb\"},\"inLanguage\":\"it-IT\",\"potentialAction\":[{\"@type\":\"ReadAction\",\"target\":[\"https:\\\/\\\/academics.dii.unipd.it\\\/aerospaceengineering\\\/it\\\/presentazione-e-obiettivi\\\/\"]}]},{\"@type\":\"ImageObject\",\"inLanguage\":\"it-IT\",\"@id\":\"https:\\\/\\\/academics.dii.unipd.it\\\/aerospaceengineering\\\/it\\\/presentazione-e-obiettivi\\\/#primaryimage\",\"url\":\"https:\\\/\\\/academics.dii.unipd.it\\\/aerospaceengineering\\\/wp-content\\\/uploads\\\/sites\\\/50\\\/2021\\\/03\\\/orientarsi_0.png\",\"contentUrl\":\"https:\\\/\\\/academics.dii.unipd.it\\\/aerospaceengineering\\\/wp-content\\\/uploads\\\/sites\\\/50\\\/2021\\\/03\\\/orientarsi_0.png\",\"width\":980,\"height\":375,\"caption\":\"Presentazione e obiettivi formativi\"},{\"@type\":\"BreadcrumbList\",\"@id\":\"https:\\\/\\\/academics.dii.unipd.it\\\/aerospaceengineering\\\/it\\\/presentazione-e-obiettivi\\\/#breadcrumb\",\"itemListElement\":[{\"@type\":\"ListItem\",\"position\":1,\"name\":\"Home\",\"item\":\"https:\\\/\\\/academics.dii.unipd.it\\\/aerospaceengineering\\\/it\\\/homepage\\\/\"},{\"@type\":\"ListItem\",\"position\":2,\"name\":\"Presentazione e obiettivi formativi\"}]},{\"@type\":\"WebSite\",\"@id\":\"https:\\\/\\\/academics.dii.unipd.it\\\/aerospaceengineering\\\/#website\",\"url\":\"https:\\\/\\\/academics.dii.unipd.it\\\/aerospaceengineering\\\/\",\"name\":\"Aerospace Engineering - Padova University\",\"description\":\"\",\"publisher\":{\"@id\":\"https:\\\/\\\/academics.dii.unipd.it\\\/aerospaceengineering\\\/#organization\"},\"potentialAction\":[{\"@type\":\"SearchAction\",\"target\":{\"@type\":\"EntryPoint\",\"urlTemplate\":\"https:\\\/\\\/academics.dii.unipd.it\\\/aerospaceengineering\\\/?s={search_term_string}\"},\"query-input\":{\"@type\":\"PropertyValueSpecification\",\"valueRequired\":true,\"valueName\":\"search_term_string\"}}],\"inLanguage\":\"it-IT\"},{\"@type\":\"Organization\",\"@id\":\"https:\\\/\\\/academics.dii.unipd.it\\\/aerospaceengineering\\\/#organization\",\"name\":\"Dipartimento di Ingegneria Industriale Universit\u00e0 di Padova\",\"url\":\"https:\\\/\\\/academics.dii.unipd.it\\\/aerospaceengineering\\\/\",\"logo\":{\"@type\":\"ImageObject\",\"inLanguage\":\"it-IT\",\"@id\":\"https:\\\/\\\/academics.dii.unipd.it\\\/aerospaceengineering\\\/#\\\/schema\\\/logo\\\/image\\\/\",\"url\":\"https:\\\/\\\/academics.dii.unipd.it\\\/aerospaceengineering\\\/wp-content\\\/uploads\\\/sites\\\/50\\\/2021\\\/11\\\/logo-UniPD-DII-final.png\",\"contentUrl\":\"https:\\\/\\\/academics.dii.unipd.it\\\/aerospaceengineering\\\/wp-content\\\/uploads\\\/sites\\\/50\\\/2021\\\/11\\\/logo-UniPD-DII-final.png\",\"width\":521,\"height\":102,\"caption\":\"Dipartimento di Ingegneria Industriale Universit\u00e0 di Padova\"},\"image\":{\"@id\":\"https:\\\/\\\/academics.dii.unipd.it\\\/aerospaceengineering\\\/#\\\/schema\\\/logo\\\/image\\\/\"}}]}<\/script>\n<!-- \/ Yoast SEO plugin. -->","yoast_head_json":{"title":"Presentazione e obiettivi formativi - Aerospace Engineering - Padova University","robots":{"index":"index","follow":"follow","max-snippet":"max-snippet:-1","max-image-preview":"max-image-preview:large","max-video-preview":"max-video-preview:-1"},"canonical":"https:\/\/academics.dii.unipd.it\/aerospaceengineering\/it\/presentazione-e-obiettivi\/","og_locale":"it_IT","og_type":"article","og_title":"Presentazione e obiettivi formativi - Aerospace Engineering - Padova University","og_description":"BSc degree Laurea in Ingegneria Aerospaziale Il Corso di Laurea in Ingegneria Aerospaziale ha lo scopo di iniziare un percorso formativo finalizzato alla progettazione, gestione e collaudo di veicoli e vettori in ambito aeronautico e spaziale e dei relativi sottosistemi per applicazioni civili, industriali e scientifiche. Lo studente deve quindi acquisire una solida preparazione di&hellip; Read more","og_url":"https:\/\/academics.dii.unipd.it\/aerospaceengineering\/it\/presentazione-e-obiettivi\/","og_site_name":"Aerospace Engineering - Padova University","article_modified_time":"2026-01-08T15:12:11+00:00","og_image":[{"width":980,"height":375,"url":"https:\/\/academics.dii.unipd.it\/aerospaceengineering\/wp-content\/uploads\/sites\/50\/2021\/03\/orientarsi_0.png","type":"image\/png"}],"twitter_card":"summary_large_image","twitter_misc":{"Tempo di lettura stimato":"3 minuti"},"schema":{"@context":"https:\/\/schema.org","@graph":[{"@type":"WebPage","@id":"https:\/\/academics.dii.unipd.it\/aerospaceengineering\/it\/presentazione-e-obiettivi\/","url":"https:\/\/academics.dii.unipd.it\/aerospaceengineering\/it\/presentazione-e-obiettivi\/","name":"Presentazione e obiettivi formativi - Aerospace Engineering - Padova University","isPartOf":{"@id":"https:\/\/academics.dii.unipd.it\/aerospaceengineering\/#website"},"primaryImageOfPage":{"@id":"https:\/\/academics.dii.unipd.it\/aerospaceengineering\/it\/presentazione-e-obiettivi\/#primaryimage"},"image":{"@id":"https:\/\/academics.dii.unipd.it\/aerospaceengineering\/it\/presentazione-e-obiettivi\/#primaryimage"},"thumbnailUrl":"https:\/\/academics.dii.unipd.it\/aerospaceengineering\/wp-content\/uploads\/sites\/50\/2021\/03\/orientarsi_0.png","datePublished":"2016-03-22T11:19:04+00:00","dateModified":"2026-01-08T15:12:11+00:00","breadcrumb":{"@id":"https:\/\/academics.dii.unipd.it\/aerospaceengineering\/it\/presentazione-e-obiettivi\/#breadcrumb"},"inLanguage":"it-IT","potentialAction":[{"@type":"ReadAction","target":["https:\/\/academics.dii.unipd.it\/aerospaceengineering\/it\/presentazione-e-obiettivi\/"]}]},{"@type":"ImageObject","inLanguage":"it-IT","@id":"https:\/\/academics.dii.unipd.it\/aerospaceengineering\/it\/presentazione-e-obiettivi\/#primaryimage","url":"https:\/\/academics.dii.unipd.it\/aerospaceengineering\/wp-content\/uploads\/sites\/50\/2021\/03\/orientarsi_0.png","contentUrl":"https:\/\/academics.dii.unipd.it\/aerospaceengineering\/wp-content\/uploads\/sites\/50\/2021\/03\/orientarsi_0.png","width":980,"height":375,"caption":"Presentazione e obiettivi formativi"},{"@type":"BreadcrumbList","@id":"https:\/\/academics.dii.unipd.it\/aerospaceengineering\/it\/presentazione-e-obiettivi\/#breadcrumb","itemListElement":[{"@type":"ListItem","position":1,"name":"Home","item":"https:\/\/academics.dii.unipd.it\/aerospaceengineering\/it\/homepage\/"},{"@type":"ListItem","position":2,"name":"Presentazione e obiettivi formativi"}]},{"@type":"WebSite","@id":"https:\/\/academics.dii.unipd.it\/aerospaceengineering\/#website","url":"https:\/\/academics.dii.unipd.it\/aerospaceengineering\/","name":"Aerospace Engineering - Padova University","description":"","publisher":{"@id":"https:\/\/academics.dii.unipd.it\/aerospaceengineering\/#organization"},"potentialAction":[{"@type":"SearchAction","target":{"@type":"EntryPoint","urlTemplate":"https:\/\/academics.dii.unipd.it\/aerospaceengineering\/?s={search_term_string}"},"query-input":{"@type":"PropertyValueSpecification","valueRequired":true,"valueName":"search_term_string"}}],"inLanguage":"it-IT"},{"@type":"Organization","@id":"https:\/\/academics.dii.unipd.it\/aerospaceengineering\/#organization","name":"Dipartimento di Ingegneria Industriale Universit\u00e0 di Padova","url":"https:\/\/academics.dii.unipd.it\/aerospaceengineering\/","logo":{"@type":"ImageObject","inLanguage":"it-IT","@id":"https:\/\/academics.dii.unipd.it\/aerospaceengineering\/#\/schema\/logo\/image\/","url":"https:\/\/academics.dii.unipd.it\/aerospaceengineering\/wp-content\/uploads\/sites\/50\/2021\/11\/logo-UniPD-DII-final.png","contentUrl":"https:\/\/academics.dii.unipd.it\/aerospaceengineering\/wp-content\/uploads\/sites\/50\/2021\/11\/logo-UniPD-DII-final.png","width":521,"height":102,"caption":"Dipartimento di Ingegneria Industriale Universit\u00e0 di Padova"},"image":{"@id":"https:\/\/academics.dii.unipd.it\/aerospaceengineering\/#\/schema\/logo\/image\/"}}]}},"_links":{"self":[{"href":"https:\/\/academics.dii.unipd.it\/aerospaceengineering\/wp-json\/wp\/v2\/pages\/42","targetHints":{"allow":["GET"]}}],"collection":[{"href":"https:\/\/academics.dii.unipd.it\/aerospaceengineering\/wp-json\/wp\/v2\/pages"}],"about":[{"href":"https:\/\/academics.dii.unipd.it\/aerospaceengineering\/wp-json\/wp\/v2\/types\/page"}],"author":[{"embeddable":true,"href":"https:\/\/academics.dii.unipd.it\/aerospaceengineering\/wp-json\/wp\/v2\/users\/1"}],"replies":[{"embeddable":true,"href":"https:\/\/academics.dii.unipd.it\/aerospaceengineering\/wp-json\/wp\/v2\/comments?post=42"}],"version-history":[{"count":46,"href":"https:\/\/academics.dii.unipd.it\/aerospaceengineering\/wp-json\/wp\/v2\/pages\/42\/revisions"}],"predecessor-version":[{"id":2696,"href":"https:\/\/academics.dii.unipd.it\/aerospaceengineering\/wp-json\/wp\/v2\/pages\/42\/revisions\/2696"}],"wp:featuredmedia":[{"embeddable":true,"href":"https:\/\/academics.dii.unipd.it\/aerospaceengineering\/wp-json\/wp\/v2\/media\/867"}],"wp:attachment":[{"href":"https:\/\/academics.dii.unipd.it\/aerospaceengineering\/wp-json\/wp\/v2\/media?parent=42"}],"wp:term":[{"taxonomy":"folder","embeddable":true,"href":"https:\/\/academics.dii.unipd.it\/aerospaceengineering\/wp-json\/wp\/v2\/folder?post=42"}],"curies":[{"name":"wp","href":"https:\/\/api.w.org\/{rel}","templated":true}]}}