{"id":78,"date":"2016-04-07T11:12:16","date_gmt":"2016-04-07T09:12:16","guid":{"rendered":"http:\/\/newim.dii.unipd.it\/?page_id=78"},"modified":"2023-09-05T21:56:29","modified_gmt":"2023-09-05T19:56:29","slug":"testimonianze","status":"publish","type":"page","link":"https:\/\/academics.dii.unipd.it\/aerospaceengineering\/it\/testimonianze\/","title":{"rendered":"Testimonianze"},"content":{"rendered":"<div data-label=\"Content\" data-id=\"content--1\" data-export-id=\"content-15\" data-category=\"content\" class=\"content-15 content-section content-section-spacing content-relative\" id=\"content-1\">\r\n<div class=\"gridContainer\">\r\n<div class=\"row middle-sm\">\r\n<div class=\"col-sm-6 flexbox around-xs top-xs space-bottom-xs space-top-xs\">\r\n<div class=\"overlay-box flexbox middle-xs center-xs overlay-holder\">\r\n<div class=\"overlay-box-offset shadow-medium border-color2 hide-xs offset-background\"><\/div>\r\n<img decoding=\"async\" loading=\"lazy\" src=\"https:\/\/academics.dii.unipd.it\/aerospaceengineering\/wp-content\/uploads\/sites\/50\/2021\/07\/gilberto_grassi.png\" alt=\"\" width=\"512\" height=\"512\" class=\"alignnone wp-image-2084 size-full\" srcset=\"https:\/\/academics.dii.unipd.it\/aerospaceengineering\/wp-content\/uploads\/sites\/50\/2021\/07\/gilberto_grassi.png 512w, https:\/\/academics.dii.unipd.it\/aerospaceengineering\/wp-content\/uploads\/sites\/50\/2021\/07\/gilberto_grassi-300x300.png 300w, https:\/\/academics.dii.unipd.it\/aerospaceengineering\/wp-content\/uploads\/sites\/50\/2021\/07\/gilberto_grassi-150x150.png 150w\" sizes=\"auto, (max-width: 512px) 100vw, 512px\" \/>\r\n\r\n<\/div>\r\n<\/div>\r\n<div class=\"col-sm-6\" data-type=\"column\">\r\n<h2 class=\"\">Gilberto Grassi<\/h2>\r\n<p class=\"lead\">Redu Space Services SA (Belgio) per ESA \u2013 European Space Agency<\/p>\r\n<p class=\"\" style=\"text-align: justify\">Grazie al mio percorso di laurea magistrale in Ingegneria Aerospaziale a Padova ho avuto la possibilit\u00e0 di prendere parte a diverse attivit\u00e0 extra-curricolari, le quali mi hanno permesso di sviluppare ed ampliare il mio profilo professionale. Grazie a ci\u00f2, dopo la laurea ho avuto la possibilit\u00e0 svolgere un tirocinio all\u2019Agenzia Spaziale Europea. In seguito ho lavorato sia in Italia che all\u2019estero nel cosiddetto settore \u201cnew space\u201d, ora lavoro come ingegnere sistemista per un programma CubeSat dell\u2019Agenzia Spaziale Europea.<\/p>\r\n\r\n<\/div>\r\n<\/div>\r\n<\/div>\r\n<\/div>\r\n<div data-label=\"Content\" data-id=\"content--2\" data-export-id=\"content-15\" data-category=\"content\" class=\"content-15 content-section content-section-spacing\" id=\"content-2\" style=\"background-image: none\" data-section-ov=\"1\">\r\n<div class=\"gridContainer\">\r\n<div class=\"row middle-sm\">\r\n<div class=\"col-sm-6 flexbox around-xs top-xs space-bottom-xs space-top-xs\">\r\n<div class=\"overlay-box flexbox middle-xs center-xs overlay-holder\">\r\n<div class=\"overlay-box-offset shadow-medium border-color2 hide-xs offset-background\"><\/div>\r\n<a data-cp-link=\"1\" href=\"#\" target=\"_self\" rel=\"noopener\"><img decoding=\"async\" loading=\"lazy\" class=\"flexbox shadow-large img1\" data-size=\"500x500\" src=\"https:\/\/academics.dii.unipd.it\/aerospaceengineering\/wp-content\/uploads\/sites\/50\/2021\/08\/antonello-1-scaled.jpg\" title=\"Ilaria Roveda\" alt=\"\" \/><\/a>\r\n\r\n<\/div>\r\n<\/div>\r\n<div class=\"col-sm-6\" data-type=\"column\">\r\n<h2 class=\"\">Andrea Antonello<\/h2>\r\n<p class=\"lead\">Engineering Manager &amp; Controls Tech Lead \u2013 Automata Technologies (Londra, UK)<\/p>\r\n<p class=\"\" style=\"text-align: justify\">Mi sono laureato in Ingegneria Aerospaziale, triennale e magistrale, a Padova. A seguito di un\u2019esperienza all\u2019estero (University of California), ho iniziato ad interessarmi al mondo dell\u2019attuazione e dei controlli. Come tesi magistrale, ho simulato on-orbit maneuvering attraverso l\u2019utilizzo di un braccio robotico: questo progetto \u00e8 poi maturato nella mia tesi di dottorato, consistente nella costruzione, controllo e sensoristica di un manipolatore antropomorfo. Attualmente, ricopro il ruolo di engineer manager ad Automata, una start-up Londinese che ha come mission la democratizzazione dell\u2019industria robotica, e mi occupo del delivery tecnico di 15 ingegneri meccanici e robotici. Nel mio caso, la profonda conoscenza teorica che l\u2019Universit\u00e0 di Padova fornisce, combinata con le opportune esperienze estere (UCI, MIT, GaTech, Boston University), si \u00e8 rivelata fondamentale per la mia carriera.<\/p>\r\n\r\n<\/div>\r\n<\/div>\r\n<\/div>\r\n<\/div>\r\n<div data-label=\"Content\" data-id=\"content--3\" data-export-id=\"content-15\" data-category=\"content\" class=\"content-15 content-section content-section-spacing\" id=\"content-3\" style=\"background-image: none\">\r\n<div class=\"gridContainer\">\r\n<div class=\"row middle-sm\">\r\n<div class=\"col-sm-6 flexbox around-xs top-xs space-bottom-xs space-top-xs\">\r\n<div class=\"overlay-box flexbox middle-xs center-xs overlay-holder\">\r\n<div class=\"overlay-box-offset shadow-medium border-color2 hide-xs offset-background\"><\/div>\r\n<img decoding=\"async\" loading=\"lazy\" class=\"flexbox shadow-large img1\" data-size=\"500x500\" src=\"https:\/\/academics.dii.unipd.it\/aerospaceengineering\/wp-content\/uploads\/sites\/50\/2021\/08\/francesco_cocco.png\" title=\"francesco_cocco\" alt=\"\" \/>\r\n\r\n<\/div>\r\n<\/div>\r\n<div class=\"col-sm-6\" data-type=\"column\">\r\n<h2 class=\"\">Francesco Cocco<\/h2>\r\n<p class=\"lead\">System Engineer \u2013 GomSpace (Danimarca)<\/p>\r\n<p class=\"\" style=\"text-align: justify\">Il corso di Ingegneria Aerospaziale dell\u2019Universit\u00e0 di Padova \u00e8 stato un importante passo preparatorio per la mia carriera nell\u2019ambito spazio. Oltre a fornirmi le basi teoriche e le nozioni necessarie per capire le sfide collegate allo sviluppo ti progetti spaziali, mi ha anche permesso di partecipare a progetti hand-on che mi hanno permesso di sviluppare le mie competenze tramite l\u2019esperienza diretta.\r\nAlla fine dei miei studi ho avuto esperienze lavorative sia in Italia che all\u2019estero. Al momento lavoro come System Engineer presso GomSpace, un\u2019azienda specializzata nella produzione e integrazione di CubeSat. Amo il mio lavoro perch\u00e8 mi coinvolge nell\u2019intero ciclo di vita dei satelliti che produciamo: dalla proposta di progetto e definizione dei suoi requisiti alla realizzazione e verifica in orbita.<\/p>\r\n\r\n<\/div>\r\n<\/div>\r\n<\/div>\r\n<\/div>","protected":false},"excerpt":{"rendered":"<p>Gilberto Grassi Redu Space Services SA (Belgio) per ESA \u2013 European Space Agency Grazie al mio percorso di laurea magistrale in Ingegneria Aerospaziale a Padova ho avuto la possibilit\u00e0 di prendere parte a diverse attivit\u00e0 extra-curricolari, le quali mi hanno permesso di sviluppare ed ampliare il mio profilo professionale. Grazie a ci\u00f2, dopo la laurea&hellip; <br \/> <a class=\"read-more\" href=\"https:\/\/academics.dii.unipd.it\/aerospaceengineering\/it\/testimonianze\/\">Read more<\/a><\/p>\n","protected":false},"author":1,"featured_media":802,"parent":0,"menu_order":0,"comment_status":"closed","ping_status":"closed","template":"","meta":{"footnotes":""},"folder":[],"class_list":["post-78","page","type-page","status-publish","has-post-thumbnail","hentry"],"yoast_head":"<!-- This site is optimized with the Yoast SEO plugin v27.5 - https:\/\/yoast.com\/product\/yoast-seo-wordpress\/ -->\n<title>Testimonianze - Aerospace Engineering - Padova University<\/title>\n<meta name=\"robots\" content=\"index, follow, max-snippet:-1, max-image-preview:large, max-video-preview:-1\" \/>\n<link rel=\"canonical\" href=\"https:\/\/academics.dii.unipd.it\/aerospaceengineering\/it\/testimonianze\/\" \/>\n<meta property=\"og:locale\" content=\"it_IT\" \/>\n<meta property=\"og:type\" content=\"article\" \/>\n<meta property=\"og:title\" content=\"Testimonianze - Aerospace Engineering - Padova University\" \/>\n<meta property=\"og:description\" content=\"Gilberto Grassi Redu Space Services SA (Belgio) per ESA \u2013 European Space Agency Grazie al mio percorso di laurea magistrale in Ingegneria Aerospaziale a Padova ho avuto la possibilit\u00e0 di prendere parte a diverse attivit\u00e0 extra-curricolari, le quali mi hanno permesso di sviluppare ed ampliare il mio profilo professionale. Grazie a ci\u00f2, dopo la laurea&hellip; Read more\" \/>\n<meta property=\"og:url\" content=\"https:\/\/academics.dii.unipd.it\/aerospaceengineering\/it\/testimonianze\/\" \/>\n<meta property=\"og:site_name\" content=\"Aerospace Engineering - Padova University\" \/>\n<meta property=\"article:modified_time\" content=\"2023-09-05T19:56:29+00:00\" \/>\n<meta property=\"og:image\" content=\"https:\/\/academics.dii.unipd.it\/aerospaceengineering\/wp-content\/uploads\/sites\/50\/2021\/03\/testimonianze-scaled.jpg\" \/>\n\t<meta property=\"og:image:width\" content=\"2560\" \/>\n\t<meta property=\"og:image:height\" content=\"683\" \/>\n\t<meta property=\"og:image:type\" content=\"image\/jpeg\" \/>\n<meta name=\"twitter:card\" content=\"summary_large_image\" \/>\n<meta name=\"twitter:label1\" content=\"Tempo di lettura stimato\" \/>\n\t<meta name=\"twitter:data1\" content=\"3 minuti\" \/>\n<script type=\"application\/ld+json\" class=\"yoast-schema-graph\">{\"@context\":\"https:\\\/\\\/schema.org\",\"@graph\":[{\"@type\":\"WebPage\",\"@id\":\"https:\\\/\\\/academics.dii.unipd.it\\\/aerospaceengineering\\\/it\\\/testimonianze\\\/\",\"url\":\"https:\\\/\\\/academics.dii.unipd.it\\\/aerospaceengineering\\\/it\\\/testimonianze\\\/\",\"name\":\"Testimonianze - Aerospace Engineering - Padova University\",\"isPartOf\":{\"@id\":\"https:\\\/\\\/academics.dii.unipd.it\\\/aerospaceengineering\\\/#website\"},\"primaryImageOfPage\":{\"@id\":\"https:\\\/\\\/academics.dii.unipd.it\\\/aerospaceengineering\\\/it\\\/testimonianze\\\/#primaryimage\"},\"image\":{\"@id\":\"https:\\\/\\\/academics.dii.unipd.it\\\/aerospaceengineering\\\/it\\\/testimonianze\\\/#primaryimage\"},\"thumbnailUrl\":\"https:\\\/\\\/academics.dii.unipd.it\\\/aerospaceengineering\\\/wp-content\\\/uploads\\\/sites\\\/50\\\/2021\\\/03\\\/testimonianze-scaled.jpg\",\"datePublished\":\"2016-04-07T09:12:16+00:00\",\"dateModified\":\"2023-09-05T19:56:29+00:00\",\"breadcrumb\":{\"@id\":\"https:\\\/\\\/academics.dii.unipd.it\\\/aerospaceengineering\\\/it\\\/testimonianze\\\/#breadcrumb\"},\"inLanguage\":\"it-IT\",\"potentialAction\":[{\"@type\":\"ReadAction\",\"target\":[\"https:\\\/\\\/academics.dii.unipd.it\\\/aerospaceengineering\\\/it\\\/testimonianze\\\/\"]}]},{\"@type\":\"ImageObject\",\"inLanguage\":\"it-IT\",\"@id\":\"https:\\\/\\\/academics.dii.unipd.it\\\/aerospaceengineering\\\/it\\\/testimonianze\\\/#primaryimage\",\"url\":\"https:\\\/\\\/academics.dii.unipd.it\\\/aerospaceengineering\\\/wp-content\\\/uploads\\\/sites\\\/50\\\/2021\\\/03\\\/testimonianze-scaled.jpg\",\"contentUrl\":\"https:\\\/\\\/academics.dii.unipd.it\\\/aerospaceengineering\\\/wp-content\\\/uploads\\\/sites\\\/50\\\/2021\\\/03\\\/testimonianze-scaled.jpg\",\"width\":2560,\"height\":683,\"caption\":\"Testimonianze\"},{\"@type\":\"BreadcrumbList\",\"@id\":\"https:\\\/\\\/academics.dii.unipd.it\\\/aerospaceengineering\\\/it\\\/testimonianze\\\/#breadcrumb\",\"itemListElement\":[{\"@type\":\"ListItem\",\"position\":1,\"name\":\"Home\",\"item\":\"https:\\\/\\\/academics.dii.unipd.it\\\/aerospaceengineering\\\/it\\\/homepage\\\/\"},{\"@type\":\"ListItem\",\"position\":2,\"name\":\"Testimonianze\"}]},{\"@type\":\"WebSite\",\"@id\":\"https:\\\/\\\/academics.dii.unipd.it\\\/aerospaceengineering\\\/#website\",\"url\":\"https:\\\/\\\/academics.dii.unipd.it\\\/aerospaceengineering\\\/\",\"name\":\"Aerospace Engineering - Padova University\",\"description\":\"\",\"publisher\":{\"@id\":\"https:\\\/\\\/academics.dii.unipd.it\\\/aerospaceengineering\\\/#organization\"},\"potentialAction\":[{\"@type\":\"SearchAction\",\"target\":{\"@type\":\"EntryPoint\",\"urlTemplate\":\"https:\\\/\\\/academics.dii.unipd.it\\\/aerospaceengineering\\\/?s={search_term_string}\"},\"query-input\":{\"@type\":\"PropertyValueSpecification\",\"valueRequired\":true,\"valueName\":\"search_term_string\"}}],\"inLanguage\":\"it-IT\"},{\"@type\":\"Organization\",\"@id\":\"https:\\\/\\\/academics.dii.unipd.it\\\/aerospaceengineering\\\/#organization\",\"name\":\"Dipartimento di Ingegneria Industriale Universit\u00e0 di Padova\",\"url\":\"https:\\\/\\\/academics.dii.unipd.it\\\/aerospaceengineering\\\/\",\"logo\":{\"@type\":\"ImageObject\",\"inLanguage\":\"it-IT\",\"@id\":\"https:\\\/\\\/academics.dii.unipd.it\\\/aerospaceengineering\\\/#\\\/schema\\\/logo\\\/image\\\/\",\"url\":\"https:\\\/\\\/academics.dii.unipd.it\\\/aerospaceengineering\\\/wp-content\\\/uploads\\\/sites\\\/50\\\/2021\\\/11\\\/logo-UniPD-DII-final.png\",\"contentUrl\":\"https:\\\/\\\/academics.dii.unipd.it\\\/aerospaceengineering\\\/wp-content\\\/uploads\\\/sites\\\/50\\\/2021\\\/11\\\/logo-UniPD-DII-final.png\",\"width\":521,\"height\":102,\"caption\":\"Dipartimento di Ingegneria Industriale Universit\u00e0 di Padova\"},\"image\":{\"@id\":\"https:\\\/\\\/academics.dii.unipd.it\\\/aerospaceengineering\\\/#\\\/schema\\\/logo\\\/image\\\/\"}}]}<\/script>\n<!-- \/ Yoast SEO plugin. -->","yoast_head_json":{"title":"Testimonianze - Aerospace Engineering - Padova University","robots":{"index":"index","follow":"follow","max-snippet":"max-snippet:-1","max-image-preview":"max-image-preview:large","max-video-preview":"max-video-preview:-1"},"canonical":"https:\/\/academics.dii.unipd.it\/aerospaceengineering\/it\/testimonianze\/","og_locale":"it_IT","og_type":"article","og_title":"Testimonianze - Aerospace Engineering - Padova University","og_description":"Gilberto Grassi Redu Space Services SA (Belgio) per ESA \u2013 European Space Agency Grazie al mio percorso di laurea magistrale in Ingegneria Aerospaziale a Padova ho avuto la possibilit\u00e0 di prendere parte a diverse attivit\u00e0 extra-curricolari, le quali mi hanno permesso di sviluppare ed ampliare il mio profilo professionale. Grazie a ci\u00f2, dopo la laurea&hellip; Read more","og_url":"https:\/\/academics.dii.unipd.it\/aerospaceengineering\/it\/testimonianze\/","og_site_name":"Aerospace Engineering - Padova University","article_modified_time":"2023-09-05T19:56:29+00:00","og_image":[{"width":2560,"height":683,"url":"https:\/\/academics.dii.unipd.it\/aerospaceengineering\/wp-content\/uploads\/sites\/50\/2021\/03\/testimonianze-scaled.jpg","type":"image\/jpeg"}],"twitter_card":"summary_large_image","twitter_misc":{"Tempo di lettura stimato":"3 minuti"},"schema":{"@context":"https:\/\/schema.org","@graph":[{"@type":"WebPage","@id":"https:\/\/academics.dii.unipd.it\/aerospaceengineering\/it\/testimonianze\/","url":"https:\/\/academics.dii.unipd.it\/aerospaceengineering\/it\/testimonianze\/","name":"Testimonianze - Aerospace Engineering - Padova University","isPartOf":{"@id":"https:\/\/academics.dii.unipd.it\/aerospaceengineering\/#website"},"primaryImageOfPage":{"@id":"https:\/\/academics.dii.unipd.it\/aerospaceengineering\/it\/testimonianze\/#primaryimage"},"image":{"@id":"https:\/\/academics.dii.unipd.it\/aerospaceengineering\/it\/testimonianze\/#primaryimage"},"thumbnailUrl":"https:\/\/academics.dii.unipd.it\/aerospaceengineering\/wp-content\/uploads\/sites\/50\/2021\/03\/testimonianze-scaled.jpg","datePublished":"2016-04-07T09:12:16+00:00","dateModified":"2023-09-05T19:56:29+00:00","breadcrumb":{"@id":"https:\/\/academics.dii.unipd.it\/aerospaceengineering\/it\/testimonianze\/#breadcrumb"},"inLanguage":"it-IT","potentialAction":[{"@type":"ReadAction","target":["https:\/\/academics.dii.unipd.it\/aerospaceengineering\/it\/testimonianze\/"]}]},{"@type":"ImageObject","inLanguage":"it-IT","@id":"https:\/\/academics.dii.unipd.it\/aerospaceengineering\/it\/testimonianze\/#primaryimage","url":"https:\/\/academics.dii.unipd.it\/aerospaceengineering\/wp-content\/uploads\/sites\/50\/2021\/03\/testimonianze-scaled.jpg","contentUrl":"https:\/\/academics.dii.unipd.it\/aerospaceengineering\/wp-content\/uploads\/sites\/50\/2021\/03\/testimonianze-scaled.jpg","width":2560,"height":683,"caption":"Testimonianze"},{"@type":"BreadcrumbList","@id":"https:\/\/academics.dii.unipd.it\/aerospaceengineering\/it\/testimonianze\/#breadcrumb","itemListElement":[{"@type":"ListItem","position":1,"name":"Home","item":"https:\/\/academics.dii.unipd.it\/aerospaceengineering\/it\/homepage\/"},{"@type":"ListItem","position":2,"name":"Testimonianze"}]},{"@type":"WebSite","@id":"https:\/\/academics.dii.unipd.it\/aerospaceengineering\/#website","url":"https:\/\/academics.dii.unipd.it\/aerospaceengineering\/","name":"Aerospace Engineering - Padova University","description":"","publisher":{"@id":"https:\/\/academics.dii.unipd.it\/aerospaceengineering\/#organization"},"potentialAction":[{"@type":"SearchAction","target":{"@type":"EntryPoint","urlTemplate":"https:\/\/academics.dii.unipd.it\/aerospaceengineering\/?s={search_term_string}"},"query-input":{"@type":"PropertyValueSpecification","valueRequired":true,"valueName":"search_term_string"}}],"inLanguage":"it-IT"},{"@type":"Organization","@id":"https:\/\/academics.dii.unipd.it\/aerospaceengineering\/#organization","name":"Dipartimento di Ingegneria Industriale Universit\u00e0 di Padova","url":"https:\/\/academics.dii.unipd.it\/aerospaceengineering\/","logo":{"@type":"ImageObject","inLanguage":"it-IT","@id":"https:\/\/academics.dii.unipd.it\/aerospaceengineering\/#\/schema\/logo\/image\/","url":"https:\/\/academics.dii.unipd.it\/aerospaceengineering\/wp-content\/uploads\/sites\/50\/2021\/11\/logo-UniPD-DII-final.png","contentUrl":"https:\/\/academics.dii.unipd.it\/aerospaceengineering\/wp-content\/uploads\/sites\/50\/2021\/11\/logo-UniPD-DII-final.png","width":521,"height":102,"caption":"Dipartimento di Ingegneria Industriale Universit\u00e0 di Padova"},"image":{"@id":"https:\/\/academics.dii.unipd.it\/aerospaceengineering\/#\/schema\/logo\/image\/"}}]}},"_links":{"self":[{"href":"https:\/\/academics.dii.unipd.it\/aerospaceengineering\/wp-json\/wp\/v2\/pages\/78","targetHints":{"allow":["GET"]}}],"collection":[{"href":"https:\/\/academics.dii.unipd.it\/aerospaceengineering\/wp-json\/wp\/v2\/pages"}],"about":[{"href":"https:\/\/academics.dii.unipd.it\/aerospaceengineering\/wp-json\/wp\/v2\/types\/page"}],"author":[{"embeddable":true,"href":"https:\/\/academics.dii.unipd.it\/aerospaceengineering\/wp-json\/wp\/v2\/users\/1"}],"replies":[{"embeddable":true,"href":"https:\/\/academics.dii.unipd.it\/aerospaceengineering\/wp-json\/wp\/v2\/comments?post=78"}],"version-history":[{"count":31,"href":"https:\/\/academics.dii.unipd.it\/aerospaceengineering\/wp-json\/wp\/v2\/pages\/78\/revisions"}],"predecessor-version":[{"id":2447,"href":"https:\/\/academics.dii.unipd.it\/aerospaceengineering\/wp-json\/wp\/v2\/pages\/78\/revisions\/2447"}],"wp:featuredmedia":[{"embeddable":true,"href":"https:\/\/academics.dii.unipd.it\/aerospaceengineering\/wp-json\/wp\/v2\/media\/802"}],"wp:attachment":[{"href":"https:\/\/academics.dii.unipd.it\/aerospaceengineering\/wp-json\/wp\/v2\/media?parent=78"}],"wp:term":[{"taxonomy":"folder","embeddable":true,"href":"https:\/\/academics.dii.unipd.it\/aerospaceengineering\/wp-json\/wp\/v2\/folder?post=78"}],"curies":[{"name":"wp","href":"https:\/\/api.w.org\/{rel}","templated":true}]}}