{"id":76,"date":"2016-04-07T11:11:51","date_gmt":"2016-04-07T09:11:51","guid":{"rendered":"http:\/\/newim.dii.unipd.it\/?page_id=76"},"modified":"2021-11-10T11:40:29","modified_gmt":"2021-11-10T10:40:29","slug":"sbocchi-e-dati-occupazionali","status":"publish","type":"page","link":"https:\/\/academics.dii.unipd.it\/aerospaziale\/sbocchi-e-dati-occupazionali\/","title":{"rendered":"Sbocchi e dati occupazionali"},"content":{"rendered":"<div data-label=\"Content\" data-id=\"content--1\" data-export-id=\"content-7\" data-category=\"content\" class=\"content-7 content-section content-section-spacing\" id=\"content-1\" style=\"background-image: none;\" data-section-ov=\"1\">\r\n<div class=\"gridContainer\">\r\n<div class=\"row middle-sm\">\r\n<div class=\"col-sm-6 space-bottom-xs\" data-type=\"column\">\r\n<h2 class=\"\">Laurea in Ingegneria Aerospaziale<\/h2>\r\n<p class=\"\" style=\"text-align: justify;\">Le esperienze didattiche in Italia e all\u2019estero dimostrano chiaramente che la formazione di una figura professionale, in grado di operare efficacemente nel campo dell\u2019Ingegneria Aerospaziale, richiede un percorso formativo pi\u00f9 ampio di quello triennale. Pertanto, il significato professionalizzante che \u00e8 possibile attribuire alla laurea triennale concerne il supporto ad attivit\u00e0 di progettazione, gestione e collaudo, svolgendo un ruolo peraltro non trascurabile come dimostrano figure presenti nelle maggiori aziende aerospaziali nazionali ed internazionali.<\/p>\r\n\u00c8 comunque importante sottolineare che con la preparazione descritta, non soltanto gli obiettivi formativi che a termini di legge sono previsti per la Classe dell\u2019Ingegneria Industriale sono senz\u2019altro pienamente raggiunti, ma il laureato triennale che desiderasse inserirsi subito nel mondo del lavoro, potrebbe far valere le solide basi culturali che ha acquisito, approfondendo direttamente in azienda i contenuti specialistici pi\u00f9 specifici dell\u2019attivit\u00e0 che \u00e8 chiamato a svolgere.\r\n\r\n<a class=\"button color1 round outline\" href=\"https:\/\/academics.dii.unipd.it\/aerospaziale\/testimonianze\" target=\"_self\" data-cp-link=\"1\" data-icon=\"\" rel=\"noopener\">LEARN MORE<\/a>\r\n\r\n<\/div>\r\n<div class=\"col-sm-6\" data-type=\"column\"><img decoding=\"async\" class=\"shadow-large\" src=\"https:\/\/academics.dii.unipd.it\/aerospaziale\/wp-content\/uploads\/sites\/27\/2021\/03\/cropped-aula_uni-scaled-2.jpg\" title=\"cropped-aula_uni-scaled-2.jpg\" alt=\"\" \/><\/div>\r\n<\/div>\r\n<\/div>\r\n<\/div>\r\n<div data-label=\"Content\" data-id=\"content--2\" data-export-id=\"content-8\" data-category=\"content\" class=\"content-8 content-section content-section-spacing\" id=\"content-2\">\r\n<div class=\"gridContainer\">\r\n<div class=\"row middle-sm\">\r\n<div class=\"col-sm-6 space-bottom-xs space-top-xs\" data-type=\"column\"><img decoding=\"async\" class=\"shadow-large\" src=\"https:\/\/academics.dii.unipd.it\/aerospaziale\/wp-content\/uploads\/sites\/27\/2021\/03\/lab-8_2.jpg\" title=\"lab-8_2\" alt=\"\" \/><\/div>\r\n<div class=\"col-sm-6\" data-type=\"column\">\r\n<h2 class=\"\">Laurea Magistrale in Ingegneria Aerospaziale<\/h2>\r\n<p class=\"\" style=\"text-align: justify;\">Ai laureati magistrali in Ingegneria Aerospaziale si aprono sbocchi occupazionali che si estendono ben al di fuori dei limiti regionali e nazionali, sia in centri di ricerca, sia in industrie del settore, grazie a conoscenze idonee a svolgere attivit\u00e0 professionali in ogni ambito proprio dell&#8217;ingegneria aerospaziale. In particolare, riguardo ai programmi spaziali: la definizione del profilo di missione, la realizzazione di studi di fattibilit\u00e0, la definizione dei requisiti tecnico-scientifici, la traduzione di questi ultimi in specifiche di sistema e sottosistema, la progettazione di dettaglio dei sottosistemi di un veicolo spaziale (in particolare l&#8217;aerodinamica, la struttura, i meccanismi, il controllo e la determinazione dell\u2019orbita e dell\u2019assetto, il controllo termico, i propulsori), la progettazione opto-meccanica di strumentazione scientifica, la realizzazione di prototipi e il loro collaudo, l\u2019esecuzione di prove sperimentali di qualifica e accettazione di componenti destinati al volo. Per quanto riguarda il settore aeronautico, il laureato avr\u00e0 acquisito la capacit\u00e0 di progettare veicoli aeronautici nei regimi sia subsonico sia supersonico in base alle conoscenze acquisite in campo aerodinamico, strutturale e della meccanica del volo; sar\u00e0 inoltre capace di dimensionare i vari sottosistemi e impianti aeronautici.\r\nOltre a ci\u00f2, grazie alle caratteristiche peculiari di ogni sistema destinato al volo, un ingegnere aerospaziale ha competenze specifiche per la progettazione e realizzazione di tutti quei sistemi e impianti operanti in ambienti ostili e debolmente controllati, per i quali \u00e8 richiesta la massima affidabilit\u00e0 operativa, per garantire prestazioni, produttivit\u00e0, qualit\u00e0 del prodotto e livelli di sicurezza nel rispetto delle normative vigenti e cogenti.<\/p>\r\n<a class=\"button color1 round outline\" href=\"https:\/\/academics.dii.unipd.it\/aerospaziale\/testimonianze\" target=\"_self\" data-cp-link=\"1\" data-icon=\"\" rel=\"noopener\">LEARN MORE<\/a>\r\n\r\n<\/div>\r\n<\/div>\r\n<\/div>\r\n<\/div>","protected":false},"excerpt":{"rendered":"<p>Laurea in Ingegneria Aerospaziale Le esperienze didattiche in Italia e all\u2019estero dimostrano chiaramente che la formazione di una figura professionale, in grado di operare efficacemente nel campo dell\u2019Ingegneria Aerospaziale, richiede un percorso formativo pi\u00f9 ampio di quello triennale. Pertanto, il significato professionalizzante che \u00e8 possibile attribuire alla laurea triennale concerne il supporto ad attivit\u00e0 di&hellip; <br \/> <a class=\"read-more\" href=\"https:\/\/academics.dii.unipd.it\/aerospaziale\/sbocchi-e-dati-occupazionali\/\">Read more<\/a><\/p>\n","protected":false},"author":1,"featured_media":1301,"parent":0,"menu_order":0,"comment_status":"closed","ping_status":"closed","template":"pro\/page-templates\/full-width-page.php","meta":{"footnotes":""},"folder":[],"class_list":["post-76","page","type-page","status-publish","has-post-thumbnail","hentry"],"yoast_head":"<!-- This site is optimized with the Yoast SEO plugin v27.4 - https:\/\/yoast.com\/product\/yoast-seo-wordpress\/ -->\n<title>Sbocchi e dati occupazionali - Ingegneria Aerospaziale - Universit\u00e0 degli studi di Padova<\/title>\n<meta name=\"robots\" content=\"index, follow, max-snippet:-1, max-image-preview:large, max-video-preview:-1\" \/>\n<link rel=\"canonical\" href=\"https:\/\/academics.dii.unipd.it\/aerospaziale\/sbocchi-e-dati-occupazionali\/\" \/>\n<meta property=\"og:locale\" content=\"it_IT\" \/>\n<meta property=\"og:type\" content=\"article\" \/>\n<meta property=\"og:title\" content=\"Sbocchi e dati occupazionali - Ingegneria Aerospaziale - Universit\u00e0 degli studi di Padova\" \/>\n<meta property=\"og:description\" content=\"Laurea in Ingegneria Aerospaziale Le esperienze didattiche in Italia e all\u2019estero dimostrano chiaramente che la formazione di una figura professionale, in grado di operare efficacemente nel campo dell\u2019Ingegneria Aerospaziale, richiede un percorso formativo pi\u00f9 ampio di quello triennale. Pertanto, il significato professionalizzante che \u00e8 possibile attribuire alla laurea triennale concerne il supporto ad attivit\u00e0 di&hellip; Read more\" \/>\n<meta property=\"og:url\" content=\"https:\/\/academics.dii.unipd.it\/aerospaziale\/sbocchi-e-dati-occupazionali\/\" \/>\n<meta property=\"og:site_name\" content=\"Ingegneria Aerospaziale - Universit\u00e0 degli studi di Padova\" \/>\n<meta property=\"article:modified_time\" content=\"2021-11-10T10:40:29+00:00\" \/>\n<meta property=\"og:image\" content=\"https:\/\/academics.dii.unipd.it\/aerospaziale\/wp-content\/uploads\/sites\/27\/2021\/03\/Mechanical-engineer-the-graduate-who-earns-well-2-scaled.jpg\" \/>\n\t<meta property=\"og:image:width\" content=\"2560\" \/>\n\t<meta property=\"og:image:height\" content=\"1330\" \/>\n\t<meta property=\"og:image:type\" content=\"image\/jpeg\" \/>\n<meta name=\"twitter:card\" content=\"summary_large_image\" \/>\n<meta name=\"twitter:label1\" content=\"Tempo di lettura stimato\" \/>\n\t<meta name=\"twitter:data1\" content=\"3 minuti\" \/>\n<script type=\"application\/ld+json\" class=\"yoast-schema-graph\">{\"@context\":\"https:\\\/\\\/schema.org\",\"@graph\":[{\"@type\":\"WebPage\",\"@id\":\"https:\\\/\\\/academics.dii.unipd.it\\\/aerospaziale\\\/sbocchi-e-dati-occupazionali\\\/\",\"url\":\"https:\\\/\\\/academics.dii.unipd.it\\\/aerospaziale\\\/sbocchi-e-dati-occupazionali\\\/\",\"name\":\"Sbocchi e dati occupazionali - Ingegneria Aerospaziale - Universit\u00e0 degli studi di Padova\",\"isPartOf\":{\"@id\":\"https:\\\/\\\/academics.dii.unipd.it\\\/aerospaziale\\\/#website\"},\"primaryImageOfPage\":{\"@id\":\"https:\\\/\\\/academics.dii.unipd.it\\\/aerospaziale\\\/sbocchi-e-dati-occupazionali\\\/#primaryimage\"},\"image\":{\"@id\":\"https:\\\/\\\/academics.dii.unipd.it\\\/aerospaziale\\\/sbocchi-e-dati-occupazionali\\\/#primaryimage\"},\"thumbnailUrl\":\"https:\\\/\\\/academics.dii.unipd.it\\\/aerospaziale\\\/wp-content\\\/uploads\\\/sites\\\/27\\\/2021\\\/03\\\/Mechanical-engineer-the-graduate-who-earns-well-2-scaled.jpg\",\"datePublished\":\"2016-04-07T09:11:51+00:00\",\"dateModified\":\"2021-11-10T10:40:29+00:00\",\"breadcrumb\":{\"@id\":\"https:\\\/\\\/academics.dii.unipd.it\\\/aerospaziale\\\/sbocchi-e-dati-occupazionali\\\/#breadcrumb\"},\"inLanguage\":\"it-IT\",\"potentialAction\":[{\"@type\":\"ReadAction\",\"target\":[\"https:\\\/\\\/academics.dii.unipd.it\\\/aerospaziale\\\/sbocchi-e-dati-occupazionali\\\/\"]}]},{\"@type\":\"ImageObject\",\"inLanguage\":\"it-IT\",\"@id\":\"https:\\\/\\\/academics.dii.unipd.it\\\/aerospaziale\\\/sbocchi-e-dati-occupazionali\\\/#primaryimage\",\"url\":\"https:\\\/\\\/academics.dii.unipd.it\\\/aerospaziale\\\/wp-content\\\/uploads\\\/sites\\\/27\\\/2021\\\/03\\\/Mechanical-engineer-the-graduate-who-earns-well-2-scaled.jpg\",\"contentUrl\":\"https:\\\/\\\/academics.dii.unipd.it\\\/aerospaziale\\\/wp-content\\\/uploads\\\/sites\\\/27\\\/2021\\\/03\\\/Mechanical-engineer-the-graduate-who-earns-well-2-scaled.jpg\",\"width\":2560,\"height\":1330,\"caption\":\"Sbocchi e dati occupazionali\"},{\"@type\":\"BreadcrumbList\",\"@id\":\"https:\\\/\\\/academics.dii.unipd.it\\\/aerospaziale\\\/sbocchi-e-dati-occupazionali\\\/#breadcrumb\",\"itemListElement\":[{\"@type\":\"ListItem\",\"position\":1,\"name\":\"Home\",\"item\":\"https:\\\/\\\/academics.dii.unipd.it\\\/aerospaziale\\\/\"},{\"@type\":\"ListItem\",\"position\":2,\"name\":\"Sbocchi e dati occupazionali\"}]},{\"@type\":\"WebSite\",\"@id\":\"https:\\\/\\\/academics.dii.unipd.it\\\/aerospaziale\\\/#website\",\"url\":\"https:\\\/\\\/academics.dii.unipd.it\\\/aerospaziale\\\/\",\"name\":\"Ingegneria Aerospaziale - Universit\u00e0 degli studi di Padova\",\"description\":\"\",\"publisher\":{\"@id\":\"https:\\\/\\\/academics.dii.unipd.it\\\/aerospaziale\\\/#organization\"},\"potentialAction\":[{\"@type\":\"SearchAction\",\"target\":{\"@type\":\"EntryPoint\",\"urlTemplate\":\"https:\\\/\\\/academics.dii.unipd.it\\\/aerospaziale\\\/?s={search_term_string}\"},\"query-input\":{\"@type\":\"PropertyValueSpecification\",\"valueRequired\":true,\"valueName\":\"search_term_string\"}}],\"inLanguage\":\"it-IT\"},{\"@type\":\"Organization\",\"@id\":\"https:\\\/\\\/academics.dii.unipd.it\\\/aerospaziale\\\/#organization\",\"name\":\"Dipartimento di Ingegneria Industriale Universit\u00e0 di Padova\",\"url\":\"https:\\\/\\\/academics.dii.unipd.it\\\/aerospaziale\\\/\",\"logo\":{\"@type\":\"ImageObject\",\"inLanguage\":\"it-IT\",\"@id\":\"https:\\\/\\\/academics.dii.unipd.it\\\/aerospaziale\\\/#\\\/schema\\\/logo\\\/image\\\/\",\"url\":\"https:\\\/\\\/academics.dii.unipd.it\\\/aerospaziale\\\/wp-content\\\/uploads\\\/sites\\\/27\\\/2021\\\/11\\\/logo-UniPD-DII-final.png\",\"contentUrl\":\"https:\\\/\\\/academics.dii.unipd.it\\\/aerospaziale\\\/wp-content\\\/uploads\\\/sites\\\/27\\\/2021\\\/11\\\/logo-UniPD-DII-final.png\",\"width\":521,\"height\":102,\"caption\":\"Dipartimento di Ingegneria Industriale Universit\u00e0 di Padova\"},\"image\":{\"@id\":\"https:\\\/\\\/academics.dii.unipd.it\\\/aerospaziale\\\/#\\\/schema\\\/logo\\\/image\\\/\"}}]}<\/script>\n<!-- \/ Yoast SEO plugin. -->","yoast_head_json":{"title":"Sbocchi e dati occupazionali - Ingegneria Aerospaziale - Universit\u00e0 degli studi di Padova","robots":{"index":"index","follow":"follow","max-snippet":"max-snippet:-1","max-image-preview":"max-image-preview:large","max-video-preview":"max-video-preview:-1"},"canonical":"https:\/\/academics.dii.unipd.it\/aerospaziale\/sbocchi-e-dati-occupazionali\/","og_locale":"it_IT","og_type":"article","og_title":"Sbocchi e dati occupazionali - Ingegneria Aerospaziale - Universit\u00e0 degli studi di Padova","og_description":"Laurea in Ingegneria Aerospaziale Le esperienze didattiche in Italia e all\u2019estero dimostrano chiaramente che la formazione di una figura professionale, in grado di operare efficacemente nel campo dell\u2019Ingegneria Aerospaziale, richiede un percorso formativo pi\u00f9 ampio di quello triennale. Pertanto, il significato professionalizzante che \u00e8 possibile attribuire alla laurea triennale concerne il supporto ad attivit\u00e0 di&hellip; Read more","og_url":"https:\/\/academics.dii.unipd.it\/aerospaziale\/sbocchi-e-dati-occupazionali\/","og_site_name":"Ingegneria Aerospaziale - Universit\u00e0 degli studi di Padova","article_modified_time":"2021-11-10T10:40:29+00:00","og_image":[{"width":2560,"height":1330,"url":"https:\/\/academics.dii.unipd.it\/aerospaziale\/wp-content\/uploads\/sites\/27\/2021\/03\/Mechanical-engineer-the-graduate-who-earns-well-2-scaled.jpg","type":"image\/jpeg"}],"twitter_card":"summary_large_image","twitter_misc":{"Tempo di lettura stimato":"3 minuti"},"schema":{"@context":"https:\/\/schema.org","@graph":[{"@type":"WebPage","@id":"https:\/\/academics.dii.unipd.it\/aerospaziale\/sbocchi-e-dati-occupazionali\/","url":"https:\/\/academics.dii.unipd.it\/aerospaziale\/sbocchi-e-dati-occupazionali\/","name":"Sbocchi e dati occupazionali - Ingegneria Aerospaziale - Universit\u00e0 degli studi di Padova","isPartOf":{"@id":"https:\/\/academics.dii.unipd.it\/aerospaziale\/#website"},"primaryImageOfPage":{"@id":"https:\/\/academics.dii.unipd.it\/aerospaziale\/sbocchi-e-dati-occupazionali\/#primaryimage"},"image":{"@id":"https:\/\/academics.dii.unipd.it\/aerospaziale\/sbocchi-e-dati-occupazionali\/#primaryimage"},"thumbnailUrl":"https:\/\/academics.dii.unipd.it\/aerospaziale\/wp-content\/uploads\/sites\/27\/2021\/03\/Mechanical-engineer-the-graduate-who-earns-well-2-scaled.jpg","datePublished":"2016-04-07T09:11:51+00:00","dateModified":"2021-11-10T10:40:29+00:00","breadcrumb":{"@id":"https:\/\/academics.dii.unipd.it\/aerospaziale\/sbocchi-e-dati-occupazionali\/#breadcrumb"},"inLanguage":"it-IT","potentialAction":[{"@type":"ReadAction","target":["https:\/\/academics.dii.unipd.it\/aerospaziale\/sbocchi-e-dati-occupazionali\/"]}]},{"@type":"ImageObject","inLanguage":"it-IT","@id":"https:\/\/academics.dii.unipd.it\/aerospaziale\/sbocchi-e-dati-occupazionali\/#primaryimage","url":"https:\/\/academics.dii.unipd.it\/aerospaziale\/wp-content\/uploads\/sites\/27\/2021\/03\/Mechanical-engineer-the-graduate-who-earns-well-2-scaled.jpg","contentUrl":"https:\/\/academics.dii.unipd.it\/aerospaziale\/wp-content\/uploads\/sites\/27\/2021\/03\/Mechanical-engineer-the-graduate-who-earns-well-2-scaled.jpg","width":2560,"height":1330,"caption":"Sbocchi e dati occupazionali"},{"@type":"BreadcrumbList","@id":"https:\/\/academics.dii.unipd.it\/aerospaziale\/sbocchi-e-dati-occupazionali\/#breadcrumb","itemListElement":[{"@type":"ListItem","position":1,"name":"Home","item":"https:\/\/academics.dii.unipd.it\/aerospaziale\/"},{"@type":"ListItem","position":2,"name":"Sbocchi e dati occupazionali"}]},{"@type":"WebSite","@id":"https:\/\/academics.dii.unipd.it\/aerospaziale\/#website","url":"https:\/\/academics.dii.unipd.it\/aerospaziale\/","name":"Ingegneria Aerospaziale - Universit\u00e0 degli studi di Padova","description":"","publisher":{"@id":"https:\/\/academics.dii.unipd.it\/aerospaziale\/#organization"},"potentialAction":[{"@type":"SearchAction","target":{"@type":"EntryPoint","urlTemplate":"https:\/\/academics.dii.unipd.it\/aerospaziale\/?s={search_term_string}"},"query-input":{"@type":"PropertyValueSpecification","valueRequired":true,"valueName":"search_term_string"}}],"inLanguage":"it-IT"},{"@type":"Organization","@id":"https:\/\/academics.dii.unipd.it\/aerospaziale\/#organization","name":"Dipartimento di Ingegneria Industriale Universit\u00e0 di Padova","url":"https:\/\/academics.dii.unipd.it\/aerospaziale\/","logo":{"@type":"ImageObject","inLanguage":"it-IT","@id":"https:\/\/academics.dii.unipd.it\/aerospaziale\/#\/schema\/logo\/image\/","url":"https:\/\/academics.dii.unipd.it\/aerospaziale\/wp-content\/uploads\/sites\/27\/2021\/11\/logo-UniPD-DII-final.png","contentUrl":"https:\/\/academics.dii.unipd.it\/aerospaziale\/wp-content\/uploads\/sites\/27\/2021\/11\/logo-UniPD-DII-final.png","width":521,"height":102,"caption":"Dipartimento di Ingegneria Industriale Universit\u00e0 di Padova"},"image":{"@id":"https:\/\/academics.dii.unipd.it\/aerospaziale\/#\/schema\/logo\/image\/"}}]}},"_links":{"self":[{"href":"https:\/\/academics.dii.unipd.it\/aerospaziale\/wp-json\/wp\/v2\/pages\/76","targetHints":{"allow":["GET"]}}],"collection":[{"href":"https:\/\/academics.dii.unipd.it\/aerospaziale\/wp-json\/wp\/v2\/pages"}],"about":[{"href":"https:\/\/academics.dii.unipd.it\/aerospaziale\/wp-json\/wp\/v2\/types\/page"}],"author":[{"embeddable":true,"href":"https:\/\/academics.dii.unipd.it\/aerospaziale\/wp-json\/wp\/v2\/users\/1"}],"replies":[{"embeddable":true,"href":"https:\/\/academics.dii.unipd.it\/aerospaziale\/wp-json\/wp\/v2\/comments?post=76"}],"version-history":[{"count":20,"href":"https:\/\/academics.dii.unipd.it\/aerospaziale\/wp-json\/wp\/v2\/pages\/76\/revisions"}],"predecessor-version":[{"id":2411,"href":"https:\/\/academics.dii.unipd.it\/aerospaziale\/wp-json\/wp\/v2\/pages\/76\/revisions\/2411"}],"wp:featuredmedia":[{"embeddable":true,"href":"https:\/\/academics.dii.unipd.it\/aerospaziale\/wp-json\/wp\/v2\/media\/1301"}],"wp:attachment":[{"href":"https:\/\/academics.dii.unipd.it\/aerospaziale\/wp-json\/wp\/v2\/media?parent=76"}],"wp:term":[{"taxonomy":"folder","embeddable":true,"href":"https:\/\/academics.dii.unipd.it\/aerospaziale\/wp-json\/wp\/v2\/folder?post=76"}],"curies":[{"name":"wp","href":"https:\/\/api.w.org\/{rel}","templated":true}]}}