{"id":17,"date":"2015-12-09T12:17:26","date_gmt":"2015-12-09T11:17:26","guid":{"rendered":"http:\/\/newim.dii.unipd.it\/homepage\/"},"modified":"2026-02-03T13:32:02","modified_gmt":"2026-02-03T12:32:02","slug":"homepage","status":"publish","type":"page","link":"https:\/\/academics.dii.unipd.it\/chimicamateriali\/","title":{"rendered":"Homepage"},"content":{"rendered":"<div data-label=\"Features\" data-id=\"features--1\" data-export-id=\"features-16-card-bordered-colored\" data-category=\"features\" class=\"features-16-card-bordered-colored content-section content-section-spacing\" id=\"features-1\">\n<div class=\"gridContainer\">\n<div class=\"row text-center\">\n<div class=\"section-title-col\" data-type=\"column\"><\/div>\n<\/div>\n<div class=\"row spaced-cols\" data-type=\"row\">\n<div class=\"col-xs-12 col-sm-6 col-md-4\">\n<div class=\"card no-padding bottom-border-color1\">\n\n<img decoding=\"async\" class=\"face\" src=\"https:\/\/academics.dii.unipd.it\/chimicamateriali\/wp-content\/uploads\/sites\/30\/2021\/03\/cropped-cropped-aula_uni-scaled-2-1.jpg\" title=\"cropped-cropped-aula_uni-scaled-2-1.jpg\" alt=\"\">\n<div data-type=\"column\" class=\"col-padding-small col-padding-small-xs description-container\">\n<h4 class=\"font-500 color1\"><span style=\"font-weight: bold\">Corso di Laurea<\/span><\/h4>\n<p class=\"\" style=\"text-align: justify\">Il Corso di Laurea in Ingegneria Chimica e dei Materiali \u00e8 attualmente unico in Italia e si propone di integrare metodi, nozioni e competenze comuni ai due orientamenti per formare il profilo professionale dell\u2019Ingegnere di processo. Il percorso formativo si articola in tre settori: formazione fisico-matematica (discipline di base); formazione ingegneristica di base nell\u2019area industriale; formazione pi\u00f9 specifica nei settori della chimica e dei materiali.<\/p>\n\n<\/div>\n<div data-type=\"column\" class=\"col-padding-small col-padding-small-xs read-more-container\"><a class=\"read-more\" href=\"https:\/\/academics.dii.unipd.it\/chimicamateriali\/corso-di-laurea\" target=\"_self\" data-cp-link=\"1\" rel=\"noopener\">learn more<\/a><\/div>\n<\/div>\n<\/div>\n<div class=\"col-xs-12 col-sm-6 col-md-4\">\n<div class=\"card no-padding bottom-border-color1\">\n\n<img decoding=\"async\" class=\"face\" src=\"https:\/\/academics.dii.unipd.it\/chimicamateriali\/wp-content\/uploads\/sites\/30\/2021\/11\/cropped-chemistry-chemicals-test-exam.jpg\" title=\"cropped-chemistry-chemicals-test-exam.jpg\" alt=\"\">\n<div data-type=\"column\" class=\"col-padding-small col-padding-small-xs description-container\">\n<h4 class=\"font-500 color1\"><span style=\"font-weight: bold\">Chimica e Materiali<\/span><\/h4>\n<p class=\"\" style=\"text-align: justify\">Il percorso \u00e8 unico ma articolato in due orientamenti. L\u2019orientamento Chimica enfatizza le trasformazioni che modificano le sostanze su scala molecolare, dai meccanismi chimicofisici fondamentali fino alla scala industriale. L\u2019orientamento Materiali si concentra sulla scelta e realizzazione di materiali per impieghi specifici, nonch\u00e9 sulla messa a punto di nuovi materiali che possano ridefinire ed estendere i settori di impiego tradizionali.<\/p>\n\n<\/div>\n<div data-type=\"column\" class=\"col-padding-small col-padding-small-xs read-more-container\"><a class=\"read-more\" href=\"https:\/\/academics.dii.unipd.it\/chimicamateriali\/presentazione-e-obiettivi\" target=\"_self\" data-cp-link=\"1\" rel=\"noopener\">learn more<\/a><\/div>\n<\/div>\n<\/div>\n<div class=\"col-xs-12 col-sm-6 col-md-4\">\n<div class=\"card no-padding bottom-border-color1\">\n\n<img decoding=\"async\" class=\"face\" src=\"https:\/\/academics.dii.unipd.it\/chimicamateriali\/wp-content\/uploads\/sites\/30\/2021\/11\/cropped-18643231844_82d2c3c8c6_k-e1636559098194.jpg\" title=\"cropped-18643231844_82d2c3c8c6_k-e1636559098194.jpg\" alt=\"\">\n<div data-type=\"column\" class=\"col-padding-small col-padding-small-xs description-container\">\n<h4 class=\"font-500 color1\"><span style=\"font-weight: bold\">Tirocinio formativo e Laboratori<\/span><\/h4>\n<p class=\"\" style=\"text-align: justify\">Il corso prevede un tirocinio formativo distinto per ogni studente, con caratteristiche fortemente applicative. L\u2019attivit\u00e0 di tirocinio \u00e8 svolta prevalentemente in ambito industriale mediante accordi con aziende; pu\u00f2 essere svolta anche all\u2019interno dei Laboratori universitari, su specifici progetti di ricerca. Il corso pu\u00f2 contare sulla disponibilit\u00e0 di numerosi Laboratori didattici e di ricerca, del Laboratorio di Calcolo Automatico e delle Biblioteche di Ingegneria.<\/p>\n\n<\/div>\n<div data-type=\"column\" class=\"col-padding-small col-padding-small-xs read-more-container\"><a class=\"read-more\" href=\"https:\/\/academics.dii.unipd.it\/chimicamateriali\/laboratori\" target=\"_self\" data-cp-link=\"1\" rel=\"noopener\">learn more<\/a><\/div>\n<\/div>\n<\/div>\n<\/div>\n<\/div>\n<\/div><div data-label=\"Testimonials\" data-id=\"testimonials--2\" data-export-id=\"testimonials-1\" data-category=\"testimonials\" class=\"testimonials-1 content-section content-section-spacing\" id=\"testimonials-2\" style=\"background-image: none\" data-section-ov=\"1\">\n<div class=\"gridContainer\">\n<div class=\"row\">\n<div data-type=\"column\" class=\"section-title-col\">\n<h2 class=\"\">Testimonianze<\/h2>\n<\/div>\n<\/div>\n<div class=\"row spaced-cols content-center-sm\" data-type=\"row\">\n<div class=\"col-sm-4\">\n\n<i class=\"fa fa-quote-right icon color1 small quotation-icon\"><\/i>\n<p class=\"\">Il corso in Ingegneria Chimica e dei Materiali \u00e8 completo, diversificato e ricco di opportunit\u00e0. Grazie anche a quanto abbiamo appreso durante il corso, io ed il mio team siamo tra i vincitori della Start Cup Veneto 2021.<\/p>\n<a data-cp-link=\"1\" href=\"https:\/\/academics.dii.unipd.it\/chimicamateriali\/testimonianze\" class=\"\" target=\"_self\" rel=\"noopener\"><img decoding=\"async\" src=\"https:\/\/academics.dii.unipd.it\/chimicamateriali\/wp-content\/uploads\/sites\/30\/2021\/10\/IMG_20190718_064738-1.jpg\" class=\"round icon\" title=\"Ilaria Roveda\" alt=\"\"><\/a>\n<h5 class=\"\">Marco Daniel<\/h5>\n<p class=\"small\" style=\"font-style: italic\">LM Ingegneria dei Materiali<\/p>\n\n<\/div>\n<div class=\"col-sm-4\">\n\n<i class=\"fa fa-quote-right icon color1 small quotation-icon\"><\/i>\n<p class=\"\">Mi occupo di pianificazione e gestione della produzione e della sicurezza di processo nel campo dei composti clorurati. Padova mi ha trasmesso l\u2019equilibrio strategico tra storia e tecnologia: un piede nel passato e lo sguardo dritto e aperto nel futuro!<\/p>\n<a data-cp-link=\"1\" href=\"https:\/\/academics.dii.unipd.it\/chimicamateriali\/testimonianze\" class=\"\" target=\"_self\" rel=\"noopener\"><img decoding=\"async\" src=\"https:\/\/academics.dii.unipd.it\/chimicamateriali\/wp-content\/uploads\/sites\/30\/2021\/10\/cropped-cropped-cropped-Annamaria-Lauria.jpeg\" class=\"round icon\" title=\"Michael-Cattani_Testimonianza-Pic_210321\" alt=\"\"><\/a>\n<h5 class=\"\">Annamaria Lauria<\/h5>\n<p class=\"small\" style=\"font-style: italic\">OLIN Corporation<\/p>\n\n<\/div>\n<div class=\"col-sm-4\">\n\n<i class=\"fa fa-quote-right icon color1 small quotation-icon\"><\/i>\n<p class=\"\">Il mio sogno \u00e8 sempre stato sviluppare materiali per la sostenibilit\u00e0 ambientale. In Fiamm ho partecipato allo sviluppo di nuove batterie ecologiche per auto e bus elettrici e per accumulo energetico da fonti rinnovabili.<\/p>\n<a data-cp-link=\"1\" href=\"https:\/\/academics.dii.unipd.it\/chimicamateriali\/testimonianze\" class=\"\" target=\"_self\" rel=\"noopener\"><img decoding=\"async\" src=\"https:\/\/academics.dii.unipd.it\/chimicamateriali\/wp-content\/uploads\/sites\/30\/2021\/10\/cropped-cropped-cropped-Irene-Dona\u0300.jpeg\" class=\"round icon\" title=\"1558283362311\" alt=\"\"><\/a>\n<h5 class=\"\">Irene Don\u00e0<\/h5>\n<p class=\"small\" style=\"font-style: italic\">Ferrari S.p.A.<\/p>\n\n<\/div>\n<\/div>\n<\/div>\n<\/div><div data-label=\"About\" data-id=\"about--1\" data-export-id=\"about-7\" data-category=\"about\" class=\"about-7 content-section content-section-spacing\" id=\"about-1\">\n<div class=\"gridContainer\">\n<div class=\"row middle-sm text-center\">\n<div class=\"col-sm-6 space-bottom-xs\" data-type=\"column\">\n<h4 class=\"\" style=\"text-align: justify\">PROGETTI COMPETITIVI E INIZIATIVE DEGLI STUDENTI<\/h4>\n<p class=\"\" style=\"text-align: justify\">I progetti studenteschi competitivi sono attivit\u00e0 nelle quali gruppi di studenti, solitamente coordinati da un docente, lavorano alla progettazione e costruzione di dispositivo manufatti ingegneristici o macchinari che poi essi stessi presentano a specifiche gare nelle quali questi sono posti in competizione con analoghi dispositivi realizzati dagli studenti di altre universit\u00e0 italiane ed estere.<\/p>\n<a class=\"button color1 round outline\" href=\"https:\/\/www.dii.unipd.it\/didattica\/progetti\" target=\"_blank\" data-cp-link=\"1\" data-icon=\"\" rel=\"noopener\">LEARN MORE<\/a>\n<h4 class=\"\" style=\"text-align: left\">STAGE E LAVORO<\/h4>\n<p class=\"\" style=\"text-align: justify\">L\u2019Universit\u00e0 di Padova, mette a disposizione sulla piattaforma Moodle proposte di stage per studenti e proposte di lavoro per laureati da parte delle Aziende che operano nel settore.<\/p>\n<a class=\"button color1 round outline\" href=\"https:\/\/elearning.unipd.it\/dii\/mod\/forum\/view.php?id=11221\" target=\"_blank\" data-cp-link=\"1\" data-icon=\"\" rel=\"noopener\">LEARN MORE<\/a>\n\n<\/div>\n<div class=\"col-sm-6 col-relative space-bottom-xs\">\n<div class=\"row spaced-cols\">\n<div class=\"col-xs-6 flexbox middle-xs center-xs\"><img decoding=\"async\" class=\"shadow-large\" data-size=\"300x300\" src=\"https:\/\/academics.dii.unipd.it\/chimicamateriali\/wp-content\/uploads\/sites\/30\/2021\/03\/cropped-cropped-cropped-cropped-FSAE-scaled-1.jpg\" title=\"cropped-cropped-cropped-cropped-FSAE-scaled-1.jpg\" alt=\"\"><\/div>\n<div class=\"col-xs-6 flexbox middle-xs center-xs\"><img decoding=\"async\" class=\"shadow-large\" data-size=\"300x300\" src=\"https:\/\/academics.dii.unipd.it\/chimicamateriali\/wp-content\/uploads\/sites\/30\/2021\/03\/cropped-FSAE1-1.jpg\" title=\"cropped-FSAE1-1.jpg\" alt=\"\"><\/div>\n<div class=\"col-xs-6 flexbox middle-xs center-xs\"><img decoding=\"async\" class=\"shadow-large\" data-size=\"300x300\" src=\"https:\/\/academics.dii.unipd.it\/chimicamateriali\/wp-content\/uploads\/sites\/30\/2021\/03\/cropped-vela-scaled-1.jpg\" title=\"cropped-vela-scaled-1.jpg\" alt=\"\"><\/div>\n<div class=\"col-xs-6 flexbox middle-xs center-xs\"><img decoding=\"async\" class=\"shadow-large\" data-size=\"300x300\" src=\"https:\/\/academics.dii.unipd.it\/chimicamateriali\/wp-content\/uploads\/sites\/30\/2021\/03\/cropped-cropped-IMG_0775-scaled-1.jpg\" title=\"cropped-cropped-IMG_0775-scaled-1.jpg\" alt=\"\"><\/div>\n<\/div>\n<div class=\"center-overlay inner-shadow border-large\"><\/div>\n<\/div>\n<\/div>\n<\/div>\n<\/div><div data-label=\"Contact\" data-id=\"contact--2\" data-export-id=\"contact-6\" data-category=\"contact\" class=\"contact-5 content-section content-section-spacing\" id=\"contact-2\" data-section-ov=\"1\">\n<div class=\"gridContainer\">\n<div class=\"row text-center\">\n<div class=\"section-title-col\" data-type=\"column\">\n<h2 class=\"\">Contatti<\/h2>\n<\/div>\n<\/div>\n<div class=\"row middle-sm\">\n<div class=\"col-xs-12 col-sm-6 image-holder space-bottom-xs\">\n<div data-content-shortcode=\"mesmerize_maps address=&quot;via Venezia 1, Padova&quot; zoom=&quot;75&quot;\" data-editable=\"true\" class=\"shadow-medium\">        <div class=\"mesmerize-google-maps\" style=\"width:100%\">\n            <iframe style=\"width:100%; height:100%;min-height:inherit;display:block;\" src=\"https:\/\/maps.google.com\/maps?q=via%20Venezia%201,%20Padova&#038;z=16&#038;output=embed&#038;iwloc=near\"><\/iframe>\n        <\/div>\n    <\/div>\n<\/div>\n<div class=\"col-xs-12 col-sm-6\">\n<div class=\"row middle-sm\">\n<div data-type=\"column\" class=\"col-xs-12 space-bottom-small\"><\/div>\n<\/div>\n<div class=\"row middle-sm\" data-type=\"row\">\n<div class=\"col-xs-12 space-bottom-small\">\n<div class=\"row\">\n<div data-type=\"column\" class=\"col-xs-12 col-sm-fit label-col\"><\/div>\n<div data-type=\"column\" class=\"col-xs-12 col-sm\">\n<p class=\"lead\"><strong>Informazioni generali:<\/strong><span style=\"color: #800000\">\n<a href=\"http:\/\/www.dii.unipd.it\/didattica\" target=\"_blank\" data-cp-link=\"1\" rel=\"noopener\" class=\"\" style=\"color: #800000\" data-mce-selected=\"inline-boundary\">www.dii.unipd.it\/didattica<\/a><\/span><\/p>\n<p class=\"lead\"><span style=\"font-weight: bold\">Segreteria Didattica:<\/span>\nDipartimento di Ingegneria Industriale\nVia Venezia, 1 (terzo piano) \u2013 <span><span>Padova<\/span>\n<span style=\"text-decoration: underline\">didattica.dii@unipd.it<\/span><\/span><br><span style=\"color: #800000\"><a href=\"mailto:didattica@dii.unipd.it\" data-cp-link=\"1\" style=\"color: #800000\" data-mce-selected=\"inline-boundary\"><\/a><\/span><\/p>\n<span style=\"color: #3c424f;font-size: 1.2rem;background-color: transparent\" class=\"\">Prof.ssa Alessandra Lorenzetti (Presidente)\n<\/span><span style=\"font-size: 14pt;color: #800000\" class=\"\"><a href=\"mailto:alessandra.lorenzetti@unipd.it\" data-cp-link=\"1\" style=\"color: #800000\" data-mce-selected=\"inline-boundary\"><span style=\"background-color: transparent\">alessandra.lorenzetti@unipd.it<\/span><\/a><\/span>\n\n<\/div>\n<\/div>\n<\/div>\n<\/div>\n<\/div>\n<\/div>\n<\/div>\n<\/div>","protected":false},"excerpt":{"rendered":"<p>Corso di Laurea Il Corso di Laurea in Ingegneria Chimica e dei Materiali \u00e8 attualmente unico in Italia e si propone di integrare metodi, nozioni e competenze comuni ai due orientamenti per formare il profilo professionale dell\u2019Ingegnere di processo. Il percorso formativo si articola in tre settori: formazione fisico-matematica (discipline di base); formazione ingegneristica di&hellip; <br \/> <a class=\"read-more\" href=\"https:\/\/academics.dii.unipd.it\/chimicamateriali\/\">Read more<\/a><\/p>\n","protected":false},"author":1,"featured_media":0,"parent":0,"menu_order":0,"comment_status":"closed","ping_status":"closed","template":"","meta":{"footnotes":""},"folder":[],"class_list":["post-17","page","type-page","status-publish","hentry"],"yoast_head":"<!-- This site is optimized with the Yoast SEO plugin v27.4 - https:\/\/yoast.com\/product\/yoast-seo-wordpress\/ -->\n<title>Homepage - Ingegneria Chimica e dei Materiali - Universit\u00e0 degli Studi di Padova<\/title>\n<meta name=\"robots\" content=\"index, follow, max-snippet:-1, max-image-preview:large, max-video-preview:-1\" \/>\n<link rel=\"canonical\" href=\"https:\/\/academics.dii.unipd.it\/chimicamateriali\/\" \/>\n<meta property=\"og:locale\" content=\"it_IT\" \/>\n<meta property=\"og:type\" content=\"article\" \/>\n<meta property=\"og:title\" content=\"Homepage - Ingegneria Chimica e dei Materiali - Universit\u00e0 degli Studi di Padova\" \/>\n<meta property=\"og:description\" content=\"Corso di Laurea Il Corso di Laurea in Ingegneria Chimica e dei Materiali \u00e8 attualmente unico in Italia e si propone di integrare metodi, nozioni e competenze comuni ai due orientamenti per formare il profilo professionale dell\u2019Ingegnere di processo. Il percorso formativo si articola in tre settori: formazione fisico-matematica (discipline di base); formazione ingegneristica di&hellip; Read more\" \/>\n<meta property=\"og:url\" content=\"https:\/\/academics.dii.unipd.it\/chimicamateriali\/\" \/>\n<meta property=\"og:site_name\" content=\"Ingegneria Chimica e dei Materiali - Universit\u00e0 degli Studi di Padova\" \/>\n<meta property=\"article:modified_time\" content=\"2026-02-03T12:32:02+00:00\" \/>\n<meta property=\"og:image\" content=\"https:\/\/academics.dii.unipd.it\/chimicamateriali\/wp-content\/uploads\/sites\/30\/2021\/03\/cropped-cropped-aula_uni-scaled-2-1.jpg\" \/>\n<meta name=\"twitter:card\" content=\"summary_large_image\" \/>\n<meta name=\"twitter:label1\" content=\"Tempo di lettura stimato\" \/>\n\t<meta name=\"twitter:data1\" content=\"5 minuti\" \/>\n<script type=\"application\/ld+json\" class=\"yoast-schema-graph\">{\"@context\":\"https:\\\/\\\/schema.org\",\"@graph\":[{\"@type\":\"WebPage\",\"@id\":\"https:\\\/\\\/academics.dii.unipd.it\\\/chimicamateriali\\\/\",\"url\":\"https:\\\/\\\/academics.dii.unipd.it\\\/chimicamateriali\\\/\",\"name\":\"Homepage - Ingegneria Chimica e dei Materiali - Universit\u00e0 degli Studi di Padova\",\"isPartOf\":{\"@id\":\"https:\\\/\\\/academics.dii.unipd.it\\\/chimicamateriali\\\/#website\"},\"primaryImageOfPage\":{\"@id\":\"https:\\\/\\\/academics.dii.unipd.it\\\/chimicamateriali\\\/#primaryimage\"},\"image\":{\"@id\":\"https:\\\/\\\/academics.dii.unipd.it\\\/chimicamateriali\\\/#primaryimage\"},\"thumbnailUrl\":\"https:\\\/\\\/academics.dii.unipd.it\\\/chimicamateriali\\\/wp-content\\\/uploads\\\/sites\\\/30\\\/2021\\\/03\\\/cropped-cropped-aula_uni-scaled-2-1.jpg\",\"datePublished\":\"2015-12-09T11:17:26+00:00\",\"dateModified\":\"2026-02-03T12:32:02+00:00\",\"breadcrumb\":{\"@id\":\"https:\\\/\\\/academics.dii.unipd.it\\\/chimicamateriali\\\/#breadcrumb\"},\"inLanguage\":\"it-IT\",\"potentialAction\":[{\"@type\":\"ReadAction\",\"target\":[\"https:\\\/\\\/academics.dii.unipd.it\\\/chimicamateriali\\\/\"]}]},{\"@type\":\"ImageObject\",\"inLanguage\":\"it-IT\",\"@id\":\"https:\\\/\\\/academics.dii.unipd.it\\\/chimicamateriali\\\/#primaryimage\",\"url\":\"https:\\\/\\\/academics.dii.unipd.it\\\/chimicamateriali\\\/wp-content\\\/uploads\\\/sites\\\/30\\\/2021\\\/03\\\/cropped-cropped-aula_uni-scaled-2-1.jpg\",\"contentUrl\":\"https:\\\/\\\/academics.dii.unipd.it\\\/chimicamateriali\\\/wp-content\\\/uploads\\\/sites\\\/30\\\/2021\\\/03\\\/cropped-cropped-aula_uni-scaled-2-1.jpg\",\"width\":2049,\"height\":1365},{\"@type\":\"BreadcrumbList\",\"@id\":\"https:\\\/\\\/academics.dii.unipd.it\\\/chimicamateriali\\\/#breadcrumb\",\"itemListElement\":[{\"@type\":\"ListItem\",\"position\":1,\"name\":\"Home\",\"item\":\"https:\\\/\\\/academics.dii.unipd.it\\\/chimicamateriali\\\/\"},{\"@type\":\"ListItem\",\"position\":2,\"name\":\"Homepage\"}]},{\"@type\":\"WebSite\",\"@id\":\"https:\\\/\\\/academics.dii.unipd.it\\\/chimicamateriali\\\/#website\",\"url\":\"https:\\\/\\\/academics.dii.unipd.it\\\/chimicamateriali\\\/\",\"name\":\"Ingegneria Chimica e dei Materiali - Universit\u00e0 degli Studi di Padova\",\"description\":\"\",\"publisher\":{\"@id\":\"https:\\\/\\\/academics.dii.unipd.it\\\/chimicamateriali\\\/#organization\"},\"potentialAction\":[{\"@type\":\"SearchAction\",\"target\":{\"@type\":\"EntryPoint\",\"urlTemplate\":\"https:\\\/\\\/academics.dii.unipd.it\\\/chimicamateriali\\\/?s={search_term_string}\"},\"query-input\":{\"@type\":\"PropertyValueSpecification\",\"valueRequired\":true,\"valueName\":\"search_term_string\"}}],\"inLanguage\":\"it-IT\"},{\"@type\":\"Organization\",\"@id\":\"https:\\\/\\\/academics.dii.unipd.it\\\/chimicamateriali\\\/#organization\",\"name\":\"Dipartimento di Ingegneria Industriale Universit\u00e0 di Padova\",\"url\":\"https:\\\/\\\/academics.dii.unipd.it\\\/chimicamateriali\\\/\",\"logo\":{\"@type\":\"ImageObject\",\"inLanguage\":\"it-IT\",\"@id\":\"https:\\\/\\\/academics.dii.unipd.it\\\/chimicamateriali\\\/#\\\/schema\\\/logo\\\/image\\\/\",\"url\":\"https:\\\/\\\/academics.dii.unipd.it\\\/chimicamateriali\\\/wp-content\\\/uploads\\\/sites\\\/30\\\/2021\\\/11\\\/logo-UniPD-DII-final.png\",\"contentUrl\":\"https:\\\/\\\/academics.dii.unipd.it\\\/chimicamateriali\\\/wp-content\\\/uploads\\\/sites\\\/30\\\/2021\\\/11\\\/logo-UniPD-DII-final.png\",\"width\":521,\"height\":102,\"caption\":\"Dipartimento di Ingegneria Industriale Universit\u00e0 di Padova\"},\"image\":{\"@id\":\"https:\\\/\\\/academics.dii.unipd.it\\\/chimicamateriali\\\/#\\\/schema\\\/logo\\\/image\\\/\"}}]}<\/script>\n<!-- \/ Yoast SEO plugin. -->","yoast_head_json":{"title":"Homepage - Ingegneria Chimica e dei Materiali - Universit\u00e0 degli Studi di Padova","robots":{"index":"index","follow":"follow","max-snippet":"max-snippet:-1","max-image-preview":"max-image-preview:large","max-video-preview":"max-video-preview:-1"},"canonical":"https:\/\/academics.dii.unipd.it\/chimicamateriali\/","og_locale":"it_IT","og_type":"article","og_title":"Homepage - Ingegneria Chimica e dei Materiali - Universit\u00e0 degli Studi di Padova","og_description":"Corso di Laurea Il Corso di Laurea in Ingegneria Chimica e dei Materiali \u00e8 attualmente unico in Italia e si propone di integrare metodi, nozioni e competenze comuni ai due orientamenti per formare il profilo professionale dell\u2019Ingegnere di processo. Il percorso formativo si articola in tre settori: formazione fisico-matematica (discipline di base); formazione ingegneristica di&hellip; Read more","og_url":"https:\/\/academics.dii.unipd.it\/chimicamateriali\/","og_site_name":"Ingegneria Chimica e dei Materiali - Universit\u00e0 degli Studi di Padova","article_modified_time":"2026-02-03T12:32:02+00:00","og_image":[{"url":"https:\/\/academics.dii.unipd.it\/chimicamateriali\/wp-content\/uploads\/sites\/30\/2021\/03\/cropped-cropped-aula_uni-scaled-2-1.jpg","type":"","width":"","height":""}],"twitter_card":"summary_large_image","twitter_misc":{"Tempo di lettura stimato":"5 minuti"},"schema":{"@context":"https:\/\/schema.org","@graph":[{"@type":"WebPage","@id":"https:\/\/academics.dii.unipd.it\/chimicamateriali\/","url":"https:\/\/academics.dii.unipd.it\/chimicamateriali\/","name":"Homepage - Ingegneria Chimica e dei Materiali - Universit\u00e0 degli Studi di Padova","isPartOf":{"@id":"https:\/\/academics.dii.unipd.it\/chimicamateriali\/#website"},"primaryImageOfPage":{"@id":"https:\/\/academics.dii.unipd.it\/chimicamateriali\/#primaryimage"},"image":{"@id":"https:\/\/academics.dii.unipd.it\/chimicamateriali\/#primaryimage"},"thumbnailUrl":"https:\/\/academics.dii.unipd.it\/chimicamateriali\/wp-content\/uploads\/sites\/30\/2021\/03\/cropped-cropped-aula_uni-scaled-2-1.jpg","datePublished":"2015-12-09T11:17:26+00:00","dateModified":"2026-02-03T12:32:02+00:00","breadcrumb":{"@id":"https:\/\/academics.dii.unipd.it\/chimicamateriali\/#breadcrumb"},"inLanguage":"it-IT","potentialAction":[{"@type":"ReadAction","target":["https:\/\/academics.dii.unipd.it\/chimicamateriali\/"]}]},{"@type":"ImageObject","inLanguage":"it-IT","@id":"https:\/\/academics.dii.unipd.it\/chimicamateriali\/#primaryimage","url":"https:\/\/academics.dii.unipd.it\/chimicamateriali\/wp-content\/uploads\/sites\/30\/2021\/03\/cropped-cropped-aula_uni-scaled-2-1.jpg","contentUrl":"https:\/\/academics.dii.unipd.it\/chimicamateriali\/wp-content\/uploads\/sites\/30\/2021\/03\/cropped-cropped-aula_uni-scaled-2-1.jpg","width":2049,"height":1365},{"@type":"BreadcrumbList","@id":"https:\/\/academics.dii.unipd.it\/chimicamateriali\/#breadcrumb","itemListElement":[{"@type":"ListItem","position":1,"name":"Home","item":"https:\/\/academics.dii.unipd.it\/chimicamateriali\/"},{"@type":"ListItem","position":2,"name":"Homepage"}]},{"@type":"WebSite","@id":"https:\/\/academics.dii.unipd.it\/chimicamateriali\/#website","url":"https:\/\/academics.dii.unipd.it\/chimicamateriali\/","name":"Ingegneria Chimica e dei Materiali - Universit\u00e0 degli Studi di Padova","description":"","publisher":{"@id":"https:\/\/academics.dii.unipd.it\/chimicamateriali\/#organization"},"potentialAction":[{"@type":"SearchAction","target":{"@type":"EntryPoint","urlTemplate":"https:\/\/academics.dii.unipd.it\/chimicamateriali\/?s={search_term_string}"},"query-input":{"@type":"PropertyValueSpecification","valueRequired":true,"valueName":"search_term_string"}}],"inLanguage":"it-IT"},{"@type":"Organization","@id":"https:\/\/academics.dii.unipd.it\/chimicamateriali\/#organization","name":"Dipartimento di Ingegneria Industriale Universit\u00e0 di Padova","url":"https:\/\/academics.dii.unipd.it\/chimicamateriali\/","logo":{"@type":"ImageObject","inLanguage":"it-IT","@id":"https:\/\/academics.dii.unipd.it\/chimicamateriali\/#\/schema\/logo\/image\/","url":"https:\/\/academics.dii.unipd.it\/chimicamateriali\/wp-content\/uploads\/sites\/30\/2021\/11\/logo-UniPD-DII-final.png","contentUrl":"https:\/\/academics.dii.unipd.it\/chimicamateriali\/wp-content\/uploads\/sites\/30\/2021\/11\/logo-UniPD-DII-final.png","width":521,"height":102,"caption":"Dipartimento di Ingegneria Industriale Universit\u00e0 di Padova"},"image":{"@id":"https:\/\/academics.dii.unipd.it\/chimicamateriali\/#\/schema\/logo\/image\/"}}]}},"_links":{"self":[{"href":"https:\/\/academics.dii.unipd.it\/chimicamateriali\/wp-json\/wp\/v2\/pages\/17","targetHints":{"allow":["GET"]}}],"collection":[{"href":"https:\/\/academics.dii.unipd.it\/chimicamateriali\/wp-json\/wp\/v2\/pages"}],"about":[{"href":"https:\/\/academics.dii.unipd.it\/chimicamateriali\/wp-json\/wp\/v2\/types\/page"}],"author":[{"embeddable":true,"href":"https:\/\/academics.dii.unipd.it\/chimicamateriali\/wp-json\/wp\/v2\/users\/1"}],"replies":[{"embeddable":true,"href":"https:\/\/academics.dii.unipd.it\/chimicamateriali\/wp-json\/wp\/v2\/comments?post=17"}],"version-history":[{"count":89,"href":"https:\/\/academics.dii.unipd.it\/chimicamateriali\/wp-json\/wp\/v2\/pages\/17\/revisions"}],"predecessor-version":[{"id":2476,"href":"https:\/\/academics.dii.unipd.it\/chimicamateriali\/wp-json\/wp\/v2\/pages\/17\/revisions\/2476"}],"wp:attachment":[{"href":"https:\/\/academics.dii.unipd.it\/chimicamateriali\/wp-json\/wp\/v2\/media?parent=17"}],"wp:term":[{"taxonomy":"folder","embeddable":true,"href":"https:\/\/academics.dii.unipd.it\/chimicamateriali\/wp-json\/wp\/v2\/folder?post=17"}],"curies":[{"name":"wp","href":"https:\/\/api.w.org\/{rel}","templated":true}]}}