{"id":186,"date":"2016-05-19T11:11:06","date_gmt":"2016-05-19T09:11:06","guid":{"rendered":"http:\/\/newim.dii.unipd.it\/?page_id=186"},"modified":"2021-11-18T18:19:00","modified_gmt":"2021-11-18T17:19:00","slug":"laboratori","status":"publish","type":"page","link":"https:\/\/academics.dii.unipd.it\/chimicamateriali\/laboratori\/","title":{"rendered":"Laboratori"},"content":{"rendered":"<div data-id=\"initial-content-section\" data-export-id=\"initial-content-section\" data-label=\"Initial Content\" id=\"initial-content-section\" class=\"content-section content-section-spacing content-relative\" style=\"background-image: none\" data-section-ov=\"1\">\n<div class=\"gridContainer\">\n<div class=\"row\">\n<div class=\"col-xs-12 col-sm-12\">\n<div id=\"pl-186\" class=\"panel-layout\">\n<div id=\"pg-186-0\" class=\"panel-grid panel-no-style\" data-style=\"{&quot;background_image_attachment&quot;:false,&quot;background_display&quot;:&quot;tile&quot;,&quot;cell_alignment&quot;:&quot;flex-start&quot;}\">\n<div id=\"pgc-186-0-0\" class=\"panel-grid-cell\" data-weight=\"1\">\n<div id=\"panel-186-0-0-0\" class=\"so-panel widget widget_sow-editor panel-first-child\" data-index=\"0\" data-style=\"{&quot;background_image_attachment&quot;:false,&quot;background_display&quot;:&quot;tile&quot;}\" title=\"Fai clic tenendo premuto il tasto maiuscole per modificare questo widget\">\n<div class=\"so-widget-sow-editor so-widget-sow-editor-base\">\n<div class=\"siteorigin-widget-tinymce textwidget\">\n\nIl Corso di Laurea in Ingegneria Chimica e dei Materiali pu\u00f2 contare sulla disponibilit\u00e0 di numerosi Laboratori didattici, del <a href=\"https:\/\/www.adt.unipd.it\" target=\"_blank\" rel=\"noopener\" class=\"\">Laboratorio di Calcolo Automatico<\/a> e dei <a href=\"https:\/\/www.dii.unipd.it\/laboratori_virtuali\" target=\"_blank\" rel=\"noopener\" class=\"\">Laboratori Virtuali VLAB<\/a>, della <a href=\"http:\/\/biblioingegneriacentrale.cab.unipd.it\" target=\"_blank\" rel=\"noopener\" class=\"\">Biblioteca Centrale di Ingegneria<\/a> e della <a href=\"http:\/\/biblioingegneriabernardi.cab.unipd.it\" class=\"\" data-cp-link=\"1\" target=\"_blank\" rel=\"noopener\">Biblioteca di Ingegneria Industriale \u201cEnrico Bernardi\u201d<\/a>.\nI <a href=\"https:\/\/www.dii.unipd.it\/ricerca\/gruppi-di-ricerca\" target=\"_blank\" rel=\"noopener\" class=\"\">Laboratori dei gruppi di ricerca<\/a> afferenti al Corso di Laurea sono a disposizione degli studenti che scelgono di svolgere il proprio tirocinio formativo all\u2019interno dell\u2019Universit\u00e0; occupano complessivamente una superficie di oltre 4500 mq e sono equipaggiati con impianti e <strong>strumentazione moderna <\/strong>allo stato dell\u2019arte internazionale. A titolo di esempio, nel periodo 2010-16 il Dipartimento di Ingegneria Industriale ha investito oltre 4 milioni di Euro in <strong>nuovi impianti ed apparecchiature<\/strong> tecnico-scientifiche per la ricerca e la didattica, in larga parte finanziati da enti privati e aziende industriali.\n\n<\/div>\n<\/div>\n<\/div>\n<div id=\"panel-186-0-0-1\" class=\"so-panel widget widget_sow-testimonials panel-last-child\" data-index=\"1\" data-style=\"{&quot;background_image_attachment&quot;:false,&quot;background_display&quot;:&quot;tile&quot;}\" title=\"Fai clic tenendo premuto il tasto maiuscole per modificare questo widget\"><\/div>\n<\/div>\n<\/div>\n<\/div>\n<\/div>\n<\/div>\n<\/div>\n<div class=\"section-separator-bottom\"><\/div>\n<\/div><div data-label=\"Content\" data-id=\"content--1\" data-export-id=\"content-7\" data-category=\"content\" class=\"content-7 content-section content-section-spacing content-relative\" id=\"content-1\" style=\"background-image: none\" data-section-ov=\"1\">\n<div class=\"gridContainer\">\n<div class=\"row middle-sm\">\n<div class=\"col-sm-6 space-bottom-xs\" data-type=\"column\">\n<h2 class=\"\"><span style=\"font-weight: 600\">Laboratorio di Data Science<\/span><\/h2>\n<p class=\"lead\">Responsabile: Prof. Luigi Salmaso<\/p>\n\n<ul class=\"\"><\/ul>\n<p class=\"\">Laboratorio di analisi di dati da casi studio reali attraverso il software MINITAB: analisi descrittive, modelli di regressione, disegno degli esperimenti.<\/p>\nCostruzione di un elaborato personale da un caso studio e presentazione in formato powerpoint o altra modalit\u00e0 interattiva.\n\n<\/div>\n<div class=\"col-sm-6\" data-type=\"column\"><img decoding=\"async\" class=\"shadow-large\" src=\"https:\/\/academics.dii.unipd.it\/chimicamateriali\/wp-content\/uploads\/sites\/30\/2021\/10\/gb-hero-1300px.png\" title=\"gb-hero-1300px\" alt=\"\"><\/div>\n<\/div>\n<\/div>\n<\/div><div data-label=\"Content\" data-id=\"content--4\" data-export-id=\"content-8\" data-category=\"content\" class=\"content-8 content-section content-section-spacing\" id=\"content-4\" style=\"background-image: none\" data-section-ov=\"1\">\n<div class=\"gridContainer\">\n<div class=\"row middle-sm\">\n<div class=\"col-sm-6 space-bottom-xs space-top-xs\" data-type=\"column\"><img decoding=\"async\" class=\"shadow-large\" src=\"https:\/\/academics.dii.unipd.it\/chimicamateriali\/wp-content\/uploads\/sites\/30\/2021\/10\/cropped-thisisengineering-raeng-04y9odvfymw-unsplash-scaled-1.jpg\" title=\"cropped-thisisengineering-raeng-04y9odvfymw-unsplash-scaled-1.jpg\" alt=\"\"><\/div>\n<div class=\"col-sm-6\" data-type=\"column\">\n<h2 class=\"\">Laboratorio di Ingegneria di Processo<\/h2>\n<p class=\"lead\">Responsabile: Prof. Matteo Strumendo<\/p>\n\n<\/div>\n<\/div>\n<\/div>\n<\/div><div data-label=\"Content\" data-id=\"content--7\" data-export-id=\"content-7\" data-category=\"content\" class=\"content-7 content-section content-section-spacing\" id=\"content-7\" data-section-ov=\"1\">\n<div class=\"gridContainer\">\n<div class=\"row middle-sm\">\n<div class=\"col-sm-6 space-bottom-xs\" data-type=\"column\">\n<h2 class=\"\">Laboratorio di Strumentazione Analitica e di Processo<\/h2>\n<p class=\"lead\">Responsabile: Prof.ssa Martina Roso<\/p>\n\n<\/div>\n<div class=\"col-sm-6\" data-type=\"column\"><img decoding=\"async\" class=\"shadow-large\" src=\"https:\/\/academics.dii.unipd.it\/chimicamateriali\/wp-content\/uploads\/sites\/30\/2021\/03\/cambio-fase-scaled.jpg\" title=\"cambio fase\" alt=\"\"><\/div>\n<\/div>\n<\/div>\n<\/div><div data-label=\"Content\" data-id=\"content--6\" data-export-id=\"content-8\" data-category=\"content\" class=\"content-8 content-section content-section-spacing\" id=\"content-6\" style=\"background-image: none\" data-section-ov=\"1\">\n<div class=\"gridContainer\">\n<div class=\"row middle-sm\">\n<div class=\"col-sm-6 space-bottom-xs space-top-xs\" data-type=\"column\"><img decoding=\"async\" class=\"shadow-large\" src=\"https:\/\/academics.dii.unipd.it\/chimicamateriali\/wp-content\/uploads\/sites\/30\/2021\/11\/cropped-Immagine-del-SEM.png\" title=\"cropped-Immagine-del-SEM.png\" alt=\"\"><\/div>\n<div class=\"col-sm-6\" data-type=\"column\">\n<h2 class=\"\">Laboratorio di Caratterizzazione dei Materiali<\/h2>\n<p class=\"lead\">Responsabile: Prof.ssa Irene Calliari<\/p>\n\n<p class=\"\">Durante i laboratori gli studenti prepareranno mediante tecniche metallografiche campioni dei pi\u00f9 comuni materiali metallici (ghise, acciai, leghe di alluminio e titanio) e li osserveranno&nbsp;al microscopio ottico. Svolgeranno inoltre prove meccaniche come prove di micro-durezza, ed osserveranno il funzionamento di altri importanti strumenti di caratterizzazione quali il microscopio elettronico a scansione (SEM) con sonda EDS e il diffrattometro raggi X (XRD), utiilzzando campioni esemplificativi.<\/p><\/div>\n<\/div>\n<\/div>\n<\/div><div data-label=\"Content\" data-id=\"content--8\" data-export-id=\"content-7\" data-category=\"content\" class=\"content-7 content-section content-section-spacing\" id=\"content-8\" data-section-ov=\"1\"><div class=\"gridContainer\"> <div class=\"row middle-sm\"><div class=\"col-sm-6 space-bottom-xs\" data-type=\"column\"> <h2 class=\"\">Laboratorio di Calcolo Numerico<\/h2> <p class=\"lead\">Responsabile: Prof.ssa Michela Redivo Zaglia<\/p><p class=\"\">Durante il laboratorio gli studenti prenderanno dimestichezza con l\u2019ambiente di programmazione Matlab. Molti dei metodi di base del Calcolo Numerico illustrati durante le lezioni, verranno utilizzati al fine di mostrare il loro effettivo utilizzo e le loro potenzialit\u00e0.\n<br>Numerosi esercizi da svolgere in Matlab verranno proposti agli studenti per integrare il loro apprendimento. Alla fine del corso saranno in grado di superare un test che \u00e8 parte integrante dell\u2019esame finale, e di applicare i metodi presentati ad esempi reali.<\/p> <\/div> <div class=\"col-sm-6\" data-type=\"column\"> <img decoding=\"async\" class=\"shadow-large\" src=\"https:\/\/academics.dii.unipd.it\/chimicamateriali\/wp-content\/uploads\/sites\/30\/2021\/11\/cropped-cropped-matlab_chimica.jpg\" title=\"cropped-cropped-matlab_chimica.jpg\" alt=\"\"><\/div> <\/div><\/div> <\/div><div data-label=\"Content\" data-id=\"content--2\" data-export-id=\"content-8\" data-category=\"content\" class=\"content-8 content-section content-section-spacing\" id=\"content-2\" style=\"background-image: none\" data-section-ov=\"1\">\n<div class=\"gridContainer\">\n<div class=\"row middle-sm\">\n<div class=\"col-sm-6 space-bottom-xs space-top-xs\" data-type=\"column\"><img decoding=\"async\" class=\"shadow-large\" src=\"https:\/\/academics.dii.unipd.it\/chimicamateriali\/wp-content\/uploads\/sites\/30\/2021\/11\/cropped-spring.png\" title=\"cropped-spring.png\" alt=\"\"><\/div>\n<div class=\"col-sm-6\" data-type=\"column\">\n<h2 class=\"\">Laboratorio di Fisica 2<\/h2>\n<p class=\"lead\">Responsabile: Prof. Paolo Sartori<\/p>\n<p class=\"\">Il laboratorio si compone di 3 esperienze, che fanno riferimento agli argomenti trattati a lezione, con applicazione della teoria degli errori studiata nel corso di Fisica 1, utilizzando un computer con programmi predisposti:<\/p>\n\n<ul class=\"\">\n \t<li>applicazione del metodo Volt-amperometrico, misura di una resistenza interna di un generatore e studio delle caratteristiche di un circuito RC, mediante utilizzo del software LABPRO e di circuiti predisposti.<\/li>\n \t<li>misura delle caratteristiche del Campo Magnetico in un solenoide corto utilizzando una sonda di Hall.<\/li>\n \t<li>misura della lunghezza d\u2019onda utilizzando un reticolo di diffrazione per trasparenza, illuminato con luce di una lampada al Cadmio.<\/li>\n<\/ul>\n<\/div>\n<\/div>\n<\/div>\n<\/div><div data-label=\"Content\" data-id=\"content--5\" data-export-id=\"content-7\" data-category=\"content\" class=\"content-7 content-section content-section-spacing\" id=\"content-5\" style=\"background-image: none\" data-section-ov=\"1\">\n<div class=\"gridContainer\">\n<div class=\"row middle-sm\">\n<div class=\"col-sm-6 space-bottom-xs\" data-type=\"column\">\n<h2 class=\"\">Laboratorio di Fisica 1<\/h2>\n<p class=\"lead\">Responsabile: Prof. Pietro Giubilato<\/p>\n\n<\/div>\n<div class=\"col-sm-6\" data-type=\"column\"><img decoding=\"async\" class=\"shadow-large\" src=\"https:\/\/academics.dii.unipd.it\/chimicamateriali\/wp-content\/uploads\/sites\/30\/2021\/11\/cropped-cropped-sunder-muthukumaran-d7SxBxEAOfU-unsplash-scaled-1.jpg\" title=\"cropped-cropped-sunder-muthukumaran-d7SxBxEAOfU-unsplash-scaled-1.jpg\" alt=\"\"><\/div>\n<\/div>\n<\/div>\n<\/div>","protected":false},"excerpt":{"rendered":"<p>Il Corso di Laurea in Ingegneria Chimica e dei Materiali pu\u00f2 contare sulla disponibilit\u00e0 di numerosi Laboratori didattici, del Laboratorio di Calcolo Automatico e dei Laboratori Virtuali VLAB, della Biblioteca Centrale di Ingegneria e della Biblioteca di Ingegneria Industriale \u201cEnrico Bernardi\u201d. I Laboratori dei gruppi di ricerca afferenti al Corso di Laurea sono a disposizione&hellip; <br \/> <a class=\"read-more\" href=\"https:\/\/academics.dii.unipd.it\/chimicamateriali\/laboratori\/\">Read more<\/a><\/p>\n","protected":false},"author":1,"featured_media":0,"parent":0,"menu_order":0,"comment_status":"closed","ping_status":"closed","template":"","meta":{"footnotes":""},"folder":[],"class_list":["post-186","page","type-page","status-publish","hentry"],"yoast_head":"<!-- This site is optimized with the Yoast SEO plugin v27.3 - https:\/\/yoast.com\/product\/yoast-seo-wordpress\/ -->\n<title>Laboratori - Ingegneria Chimica e dei Materiali - Universit\u00e0 degli Studi di Padova<\/title>\n<meta name=\"robots\" content=\"index, follow, max-snippet:-1, max-image-preview:large, max-video-preview:-1\" \/>\n<link rel=\"canonical\" href=\"https:\/\/academics.dii.unipd.it\/chimicamateriali\/laboratori\/\" \/>\n<meta property=\"og:locale\" content=\"it_IT\" \/>\n<meta property=\"og:type\" content=\"article\" \/>\n<meta property=\"og:title\" content=\"Laboratori - Ingegneria Chimica e dei Materiali - Universit\u00e0 degli Studi di Padova\" \/>\n<meta property=\"og:description\" content=\"Il Corso di Laurea in Ingegneria Chimica e dei Materiali pu\u00f2 contare sulla disponibilit\u00e0 di numerosi Laboratori didattici, del Laboratorio di Calcolo Automatico e dei Laboratori Virtuali VLAB, della Biblioteca Centrale di Ingegneria e della Biblioteca di Ingegneria Industriale \u201cEnrico Bernardi\u201d. I Laboratori dei gruppi di ricerca afferenti al Corso di Laurea sono a disposizione&hellip; Read more\" \/>\n<meta property=\"og:url\" content=\"https:\/\/academics.dii.unipd.it\/chimicamateriali\/laboratori\/\" \/>\n<meta property=\"og:site_name\" content=\"Ingegneria Chimica e dei Materiali - Universit\u00e0 degli Studi di Padova\" \/>\n<meta property=\"article:modified_time\" content=\"2021-11-18T17:19:00+00:00\" \/>\n<meta property=\"og:image\" content=\"https:\/\/academics.dii.unipd.it\/chimicamateriali\/wp-content\/uploads\/sites\/30\/2021\/10\/gb-hero-1300px.png\" \/>\n<meta name=\"twitter:card\" content=\"summary_large_image\" \/>\n<meta name=\"twitter:label1\" content=\"Tempo di lettura stimato\" \/>\n\t<meta name=\"twitter:data1\" content=\"4 minuti\" \/>\n<script type=\"application\/ld+json\" class=\"yoast-schema-graph\">{\"@context\":\"https:\\\/\\\/schema.org\",\"@graph\":[{\"@type\":\"WebPage\",\"@id\":\"https:\\\/\\\/academics.dii.unipd.it\\\/chimicamateriali\\\/laboratori\\\/\",\"url\":\"https:\\\/\\\/academics.dii.unipd.it\\\/chimicamateriali\\\/laboratori\\\/\",\"name\":\"Laboratori - Ingegneria Chimica e dei Materiali - Universit\u00e0 degli Studi di Padova\",\"isPartOf\":{\"@id\":\"https:\\\/\\\/academics.dii.unipd.it\\\/chimicamateriali\\\/#website\"},\"primaryImageOfPage\":{\"@id\":\"https:\\\/\\\/academics.dii.unipd.it\\\/chimicamateriali\\\/laboratori\\\/#primaryimage\"},\"image\":{\"@id\":\"https:\\\/\\\/academics.dii.unipd.it\\\/chimicamateriali\\\/laboratori\\\/#primaryimage\"},\"thumbnailUrl\":\"https:\\\/\\\/academics.dii.unipd.it\\\/chimicamateriali\\\/wp-content\\\/uploads\\\/sites\\\/30\\\/2021\\\/10\\\/gb-hero-1300px.png\",\"datePublished\":\"2016-05-19T09:11:06+00:00\",\"dateModified\":\"2021-11-18T17:19:00+00:00\",\"breadcrumb\":{\"@id\":\"https:\\\/\\\/academics.dii.unipd.it\\\/chimicamateriali\\\/laboratori\\\/#breadcrumb\"},\"inLanguage\":\"it-IT\",\"potentialAction\":[{\"@type\":\"ReadAction\",\"target\":[\"https:\\\/\\\/academics.dii.unipd.it\\\/chimicamateriali\\\/laboratori\\\/\"]}]},{\"@type\":\"ImageObject\",\"inLanguage\":\"it-IT\",\"@id\":\"https:\\\/\\\/academics.dii.unipd.it\\\/chimicamateriali\\\/laboratori\\\/#primaryimage\",\"url\":\"https:\\\/\\\/academics.dii.unipd.it\\\/chimicamateriali\\\/wp-content\\\/uploads\\\/sites\\\/30\\\/2021\\\/10\\\/gb-hero-1300px.png\",\"contentUrl\":\"https:\\\/\\\/academics.dii.unipd.it\\\/chimicamateriali\\\/wp-content\\\/uploads\\\/sites\\\/30\\\/2021\\\/10\\\/gb-hero-1300px.png\",\"width\":1280,\"height\":682},{\"@type\":\"BreadcrumbList\",\"@id\":\"https:\\\/\\\/academics.dii.unipd.it\\\/chimicamateriali\\\/laboratori\\\/#breadcrumb\",\"itemListElement\":[{\"@type\":\"ListItem\",\"position\":1,\"name\":\"Home\",\"item\":\"https:\\\/\\\/academics.dii.unipd.it\\\/chimicamateriali\\\/\"},{\"@type\":\"ListItem\",\"position\":2,\"name\":\"Laboratori\"}]},{\"@type\":\"WebSite\",\"@id\":\"https:\\\/\\\/academics.dii.unipd.it\\\/chimicamateriali\\\/#website\",\"url\":\"https:\\\/\\\/academics.dii.unipd.it\\\/chimicamateriali\\\/\",\"name\":\"Ingegneria Chimica e dei Materiali - Universit\u00e0 degli Studi di Padova\",\"description\":\"\",\"publisher\":{\"@id\":\"https:\\\/\\\/academics.dii.unipd.it\\\/chimicamateriali\\\/#organization\"},\"potentialAction\":[{\"@type\":\"SearchAction\",\"target\":{\"@type\":\"EntryPoint\",\"urlTemplate\":\"https:\\\/\\\/academics.dii.unipd.it\\\/chimicamateriali\\\/?s={search_term_string}\"},\"query-input\":{\"@type\":\"PropertyValueSpecification\",\"valueRequired\":true,\"valueName\":\"search_term_string\"}}],\"inLanguage\":\"it-IT\"},{\"@type\":\"Organization\",\"@id\":\"https:\\\/\\\/academics.dii.unipd.it\\\/chimicamateriali\\\/#organization\",\"name\":\"Dipartimento di Ingegneria Industriale Universit\u00e0 di Padova\",\"url\":\"https:\\\/\\\/academics.dii.unipd.it\\\/chimicamateriali\\\/\",\"logo\":{\"@type\":\"ImageObject\",\"inLanguage\":\"it-IT\",\"@id\":\"https:\\\/\\\/academics.dii.unipd.it\\\/chimicamateriali\\\/#\\\/schema\\\/logo\\\/image\\\/\",\"url\":\"https:\\\/\\\/academics.dii.unipd.it\\\/chimicamateriali\\\/wp-content\\\/uploads\\\/sites\\\/30\\\/2021\\\/11\\\/logo-UniPD-DII-final.png\",\"contentUrl\":\"https:\\\/\\\/academics.dii.unipd.it\\\/chimicamateriali\\\/wp-content\\\/uploads\\\/sites\\\/30\\\/2021\\\/11\\\/logo-UniPD-DII-final.png\",\"width\":521,\"height\":102,\"caption\":\"Dipartimento di Ingegneria Industriale Universit\u00e0 di Padova\"},\"image\":{\"@id\":\"https:\\\/\\\/academics.dii.unipd.it\\\/chimicamateriali\\\/#\\\/schema\\\/logo\\\/image\\\/\"}}]}<\/script>\n<!-- \/ Yoast SEO plugin. -->","yoast_head_json":{"title":"Laboratori - Ingegneria Chimica e dei Materiali - Universit\u00e0 degli Studi di Padova","robots":{"index":"index","follow":"follow","max-snippet":"max-snippet:-1","max-image-preview":"max-image-preview:large","max-video-preview":"max-video-preview:-1"},"canonical":"https:\/\/academics.dii.unipd.it\/chimicamateriali\/laboratori\/","og_locale":"it_IT","og_type":"article","og_title":"Laboratori - Ingegneria Chimica e dei Materiali - Universit\u00e0 degli Studi di Padova","og_description":"Il Corso di Laurea in Ingegneria Chimica e dei Materiali pu\u00f2 contare sulla disponibilit\u00e0 di numerosi Laboratori didattici, del Laboratorio di Calcolo Automatico e dei Laboratori Virtuali VLAB, della Biblioteca Centrale di Ingegneria e della Biblioteca di Ingegneria Industriale \u201cEnrico Bernardi\u201d. I Laboratori dei gruppi di ricerca afferenti al Corso di Laurea sono a disposizione&hellip; Read more","og_url":"https:\/\/academics.dii.unipd.it\/chimicamateriali\/laboratori\/","og_site_name":"Ingegneria Chimica e dei Materiali - Universit\u00e0 degli Studi di Padova","article_modified_time":"2021-11-18T17:19:00+00:00","og_image":[{"url":"https:\/\/academics.dii.unipd.it\/chimicamateriali\/wp-content\/uploads\/sites\/30\/2021\/10\/gb-hero-1300px.png","type":"","width":"","height":""}],"twitter_card":"summary_large_image","twitter_misc":{"Tempo di lettura stimato":"4 minuti"},"schema":{"@context":"https:\/\/schema.org","@graph":[{"@type":"WebPage","@id":"https:\/\/academics.dii.unipd.it\/chimicamateriali\/laboratori\/","url":"https:\/\/academics.dii.unipd.it\/chimicamateriali\/laboratori\/","name":"Laboratori - Ingegneria Chimica e dei Materiali - Universit\u00e0 degli Studi di Padova","isPartOf":{"@id":"https:\/\/academics.dii.unipd.it\/chimicamateriali\/#website"},"primaryImageOfPage":{"@id":"https:\/\/academics.dii.unipd.it\/chimicamateriali\/laboratori\/#primaryimage"},"image":{"@id":"https:\/\/academics.dii.unipd.it\/chimicamateriali\/laboratori\/#primaryimage"},"thumbnailUrl":"https:\/\/academics.dii.unipd.it\/chimicamateriali\/wp-content\/uploads\/sites\/30\/2021\/10\/gb-hero-1300px.png","datePublished":"2016-05-19T09:11:06+00:00","dateModified":"2021-11-18T17:19:00+00:00","breadcrumb":{"@id":"https:\/\/academics.dii.unipd.it\/chimicamateriali\/laboratori\/#breadcrumb"},"inLanguage":"it-IT","potentialAction":[{"@type":"ReadAction","target":["https:\/\/academics.dii.unipd.it\/chimicamateriali\/laboratori\/"]}]},{"@type":"ImageObject","inLanguage":"it-IT","@id":"https:\/\/academics.dii.unipd.it\/chimicamateriali\/laboratori\/#primaryimage","url":"https:\/\/academics.dii.unipd.it\/chimicamateriali\/wp-content\/uploads\/sites\/30\/2021\/10\/gb-hero-1300px.png","contentUrl":"https:\/\/academics.dii.unipd.it\/chimicamateriali\/wp-content\/uploads\/sites\/30\/2021\/10\/gb-hero-1300px.png","width":1280,"height":682},{"@type":"BreadcrumbList","@id":"https:\/\/academics.dii.unipd.it\/chimicamateriali\/laboratori\/#breadcrumb","itemListElement":[{"@type":"ListItem","position":1,"name":"Home","item":"https:\/\/academics.dii.unipd.it\/chimicamateriali\/"},{"@type":"ListItem","position":2,"name":"Laboratori"}]},{"@type":"WebSite","@id":"https:\/\/academics.dii.unipd.it\/chimicamateriali\/#website","url":"https:\/\/academics.dii.unipd.it\/chimicamateriali\/","name":"Ingegneria Chimica e dei Materiali - Universit\u00e0 degli Studi di Padova","description":"","publisher":{"@id":"https:\/\/academics.dii.unipd.it\/chimicamateriali\/#organization"},"potentialAction":[{"@type":"SearchAction","target":{"@type":"EntryPoint","urlTemplate":"https:\/\/academics.dii.unipd.it\/chimicamateriali\/?s={search_term_string}"},"query-input":{"@type":"PropertyValueSpecification","valueRequired":true,"valueName":"search_term_string"}}],"inLanguage":"it-IT"},{"@type":"Organization","@id":"https:\/\/academics.dii.unipd.it\/chimicamateriali\/#organization","name":"Dipartimento di Ingegneria Industriale Universit\u00e0 di Padova","url":"https:\/\/academics.dii.unipd.it\/chimicamateriali\/","logo":{"@type":"ImageObject","inLanguage":"it-IT","@id":"https:\/\/academics.dii.unipd.it\/chimicamateriali\/#\/schema\/logo\/image\/","url":"https:\/\/academics.dii.unipd.it\/chimicamateriali\/wp-content\/uploads\/sites\/30\/2021\/11\/logo-UniPD-DII-final.png","contentUrl":"https:\/\/academics.dii.unipd.it\/chimicamateriali\/wp-content\/uploads\/sites\/30\/2021\/11\/logo-UniPD-DII-final.png","width":521,"height":102,"caption":"Dipartimento di Ingegneria Industriale Universit\u00e0 di Padova"},"image":{"@id":"https:\/\/academics.dii.unipd.it\/chimicamateriali\/#\/schema\/logo\/image\/"}}]}},"_links":{"self":[{"href":"https:\/\/academics.dii.unipd.it\/chimicamateriali\/wp-json\/wp\/v2\/pages\/186","targetHints":{"allow":["GET"]}}],"collection":[{"href":"https:\/\/academics.dii.unipd.it\/chimicamateriali\/wp-json\/wp\/v2\/pages"}],"about":[{"href":"https:\/\/academics.dii.unipd.it\/chimicamateriali\/wp-json\/wp\/v2\/types\/page"}],"author":[{"embeddable":true,"href":"https:\/\/academics.dii.unipd.it\/chimicamateriali\/wp-json\/wp\/v2\/users\/1"}],"replies":[{"embeddable":true,"href":"https:\/\/academics.dii.unipd.it\/chimicamateriali\/wp-json\/wp\/v2\/comments?post=186"}],"version-history":[{"count":64,"href":"https:\/\/academics.dii.unipd.it\/chimicamateriali\/wp-json\/wp\/v2\/pages\/186\/revisions"}],"predecessor-version":[{"id":2388,"href":"https:\/\/academics.dii.unipd.it\/chimicamateriali\/wp-json\/wp\/v2\/pages\/186\/revisions\/2388"}],"wp:attachment":[{"href":"https:\/\/academics.dii.unipd.it\/chimicamateriali\/wp-json\/wp\/v2\/media?parent=186"}],"wp:term":[{"taxonomy":"folder","embeddable":true,"href":"https:\/\/academics.dii.unipd.it\/chimicamateriali\/wp-json\/wp\/v2\/folder?post=186"}],"curies":[{"name":"wp","href":"https:\/\/api.w.org\/{rel}","templated":true}]}}