{"id":78,"date":"2016-04-07T11:12:16","date_gmt":"2016-04-07T09:12:16","guid":{"rendered":"http:\/\/newim.dii.unipd.it\/?page_id=78"},"modified":"2021-11-22T14:42:58","modified_gmt":"2021-11-22T13:42:58","slug":"testimonianze","status":"publish","type":"page","link":"https:\/\/academics.dii.unipd.it\/chimicamateriali\/testimonianze\/","title":{"rendered":"Testimonianze"},"content":{"rendered":"<div data-label=\"Content\" data-id=\"content--1\" data-export-id=\"content-15\" data-category=\"content\" class=\"content-15 content-section content-section-spacing content-relative\" id=\"content-1\">\n<div class=\"gridContainer\">\n<div class=\"row middle-sm\">\n<div class=\"col-sm-6 flexbox around-xs top-xs space-bottom-xs space-top-xs\">\n<div class=\"overlay-box flexbox middle-xs center-xs overlay-holder\">\n<div class=\"overlay-box-offset shadow-medium border-color2 hide-xs offset-background\"><\/div>\n<img decoding=\"async\" loading=\"lazy\" class=\"flexbox shadow-large img1\" data-size=\"500x500\" src=\"https:\/\/academics.dii.unipd.it\/chimicamateriali\/wp-content\/uploads\/sites\/30\/2021\/10\/cropped-IMG_20190718_064738-1-e1635948222367.jpg\" title=\"cropped-IMG_20190718_064738-1-e1635948222367.jpg\" alt=\"\">\n\n<\/div>\n<\/div>\n<div class=\"col-sm-6\" data-type=\"column\">\n<h2 class=\"\">Marco Daniel<\/h2>\n<p class=\"lead\">Studente LM Ingegneria dei Materiali<\/p>\n<p class=\"\" style=\"text-align: justify\">sono Marco Daniel, mi sono laureato in Ingegneria Chimica e dei Materiali nel 2019. Se tornassi indietro penso che sceglierei di nuovo ad occhi chiusi questo corso di laurea: mi ha dato conoscenze che spaziano dalla chimica industriale alla scienza dei materiali. Un corso completo con molte opportunit\u00e0, in quanto \u00e8 presente un tirocinio curricolare. Io l\u2019ho svolto nei laboratori del gruppo di ricerca CerAMglass dell\u2019Universit\u00e0, dove ho avuto la possibilit\u00e0 di utilizzare strumenti molto avanzati ed apprezzare gli aspetti innovativi della ricerca universitaria. Inoltre, ho appreso conoscenze diversificate in diversi settori, che \u00e8 perfetto per chi vuole diventare un imprenditore. Infatti, anche grazie a questo corso di laurea, io e il mio team stiamo stati premiati alla Start Cup Veneto 2021. In ogni caso, consiglio caldamente di proseguire con il corso di laurea magistrale.<\/p>\n\n<\/div>\n<\/div>\n<\/div>\n<\/div><div data-label=\"Content\" data-id=\"content--2\" data-export-id=\"content-15\" data-category=\"content\" class=\"content-15 content-section content-section-spacing\" id=\"content-2\" style=\"background-image: none\" data-section-ov=\"1\">\n<div class=\"gridContainer\">\n<div class=\"row middle-sm\">\n<div class=\"col-sm-6 flexbox around-xs top-xs space-bottom-xs space-top-xs\">\n<div class=\"overlay-box flexbox middle-xs center-xs overlay-holder\">\n<div class=\"overlay-box-offset shadow-medium border-color2 hide-xs offset-background\"><\/div>\n<a data-cp-link=\"1\" href=\"#\" target=\"_self\" rel=\"noopener\"><img decoding=\"async\" loading=\"lazy\" class=\"flexbox shadow-large img1\" data-size=\"500x500\" src=\"https:\/\/academics.dii.unipd.it\/chimicamateriali\/wp-content\/uploads\/sites\/30\/2021\/11\/cropped-annamaria-lauria.jpg\" title=\"Ilaria Roveda\" alt=\"\"><\/a>\n\n<\/div>\n<\/div>\n<div class=\"col-sm-6\" data-type=\"column\">\n<h2 class=\"\">Annamaria Lauria<\/h2>\n<p class=\"lead\">Responsabile di produzione&nbsp;\u2013 OLIN Corporation, Epoxy Pisticci Plant<\/p>\n<p class=\"\" style=\"text-align: justify\">Ho conseguito la laurea magistrale in Ingegneria Chimica e Dei Processi Industriali nel 2015, dopo aver svolto attivit\u00e0 analitica e di studio nell\u2019ambito dell\u2019abbattimento dei composti organici volatili presso i laboratori di Ingegneria dei Polimeri del DII. Successivamente, ho avuto la preziosa possibilit\u00e0 di estendere il mio periodo di ricerca per quasi due anni approfondendo diverse tematiche, dallo sviluppo di nuove metodologie per l\u2019abbattimento dei componenti organici, al conferimento e rafforzamento di propriet\u00e0 fisiche e meccaniche a materiali polimerici. Dal 2017 sono entrata a far parte di OLIN Corporation, multinazionale leader nella produzione di composti organici clorurati, rivestendo il ruolo di ingegnere di processo. La mia posizione, nello stabilimento di produzione di resine epossidiche, prevedeva lo studio e l\u2019ottimizzazione dei processi, la riduzione dei tempi ciclo e l\u2019implementazione di nuovi strumenti di gestione. Da Marzo 2020 ricopro il ruolo di responsabile di produzione, affiancando l\u2019attivit\u00e0 di pianificazione e gestione della produzione a quella di sicurezza di processo. Studiare Ingegneria Chimica a Padova \u00e8 stato fondamentale per molteplici aspetti: oltre all\u2019acquisizione di solide basi tecniche vi \u00e8 stata una continua correlazione con gli aspetti pratici di ogni materia dell\u2019ingegneria; la metodologia di studio e di attivit\u00e0 trasmessa negli anni \u00e8 stata fondamentale per sviluppare un approccio utile in svariati ambiti. Sar\u00f2 sempre grata all\u2019UniPD per l\u2019equilibrio strategico tra storia e tecnologia: con un piede nel passato e lo sguardo dritto e aperto nel futuro!\u201d<\/p>\n\n<\/div>\n<\/div>\n<\/div>\n<\/div><div data-label=\"Content\" data-id=\"content--3\" data-export-id=\"content-15\" data-category=\"content\" class=\"content-15 content-section content-section-spacing\" id=\"content-3\" style=\"background-image: none\">\n<div class=\"gridContainer\">\n<div class=\"row middle-sm\">\n<div class=\"col-sm-6 flexbox around-xs top-xs space-bottom-xs space-top-xs\">\n<div class=\"overlay-box flexbox middle-xs center-xs overlay-holder\">\n<div class=\"overlay-box-offset shadow-medium border-color2 hide-xs offset-background\"><\/div>\n<img decoding=\"async\" loading=\"lazy\" class=\"flexbox shadow-large img1\" data-size=\"500x500\" src=\"https:\/\/academics.dii.unipd.it\/chimicamateriali\/wp-content\/uploads\/sites\/30\/2021\/11\/cropped-cropped-Irene-dona-e1635948294732.jpg\" title=\"cropped-cropped-Irene-dona-e1635948294732.jpg\" alt=\"\">\n\n<\/div>\n<\/div>\n<div class=\"col-sm-6\" data-type=\"column\">\n<h2 class=\"\">Irene Don\u00e0<\/h2>\n<p class=\"lead\">Cells and Batteries Testing Manager \u2013 Ferrari S.p.A.<\/p>\n<p class=\"\" style=\"text-align: justify\">Ho scelto Ingegneria dei Materiali perch\u00e9 \u00e8 un ambito di studi recente, stimolante, su cui punteranno sempre pi\u00f9 la ricerca e l\u2019innovazione. Il mio sogno \u00e8 sempre stato migliorare e sviluppare i materiali nell\u2019ambito della sostenibilit\u00e0 ambientale. Dopo la laurea ho lavorato alla Fiamm, una grande azienda che produce batterie, avvisatori acustici ed antenne; in particolare, ho partecipato allo sviluppo delle nuove batterie ecologiche \u201cal sale\u201d, per auto e bus elettrici ed accumulo energetico da fonti rinnovabili. Da cinque anni lavoro per Ferrari S.p.A., dove sono responsabile di test e validazione di batterie e celle a combustibile.<\/p>\n\n<\/div>\n<\/div>\n<\/div>\n<\/div><div data-label=\"Content\" data-id=\"content--4\" data-export-id=\"content-15\" data-category=\"content\" class=\"content-15 content-section content-section-spacing\" id=\"content-4\" style=\"background-image: none\" data-section-ov=\"1\">\n<div class=\"gridContainer\">\n<div class=\"row middle-sm\">\n<div class=\"col-sm-6 flexbox around-xs top-xs space-bottom-xs space-top-xs\">\n<div class=\"overlay-box flexbox middle-xs center-xs overlay-holder\">\n<div class=\"overlay-box-offset shadow-medium border-color2 hide-xs offset-background\"><\/div>\n<img decoding=\"async\" loading=\"lazy\" class=\"flexbox shadow-large img1\" data-size=\"500x500\" src=\"https:\/\/academics.dii.unipd.it\/chimicamateriali\/wp-content\/uploads\/sites\/30\/2021\/11\/cropped-mauro-cavinato2.jpg\" title=\"cropped-mauro-cavinato2.jpg\" alt=\"\">\n\n<\/div>\n<\/div>\n<div class=\"col-sm-6\" data-type=\"column\">\n<h2 class=\"\">Mauro Cavinato<\/h2>\n<p class=\"lead\">Principal Scientist\/Team Lead \u2013 GSK<\/p>\n<p class=\"\" style=\"text-align: justify\">Ho conseguito la laurea di secondo livello in Ingegneria Chimica nel 2007 presso l\u2019Universit\u00e0 di Padova e concluso il Dottorato di Ricerca in Ingegneria Chimica nel 2010 in collaborazione con l\u2019azienda farmaceutica GlaxoSmithKline (GSK). Durante il Dottorato ho avuto la fortuna di svolgere gran parte della mia attivit\u00e0 di ricerca in azienda e all\u2019estero (Purdue University, USA). Alla fine del Dottorato sono stato assunto dal colosso alimentare Nestl\u00e9, prima a Losanna (Svizzera), poi presso il Product Technology Centre di York (Regno Unito) e quindi nuovamente in Svizzera. Nel 2016 ho lasciato l\u2019industria alimentare per ritornare nel mondo farmaceutico in GSK sempre in Svizzera. Il mio ruolo consiste nello sviluppare processi innovati per GSK, in particolare per quanto riguarda la produzione di farmaci antidolorifici. La mia formazione universitaria mi ha senza dubbio permesso un facile inserimento in un ambiente lavorativo internazionale, dove posso confrontarmi con esperti provenienti da alcune delle migliori Universit\u00e0 al mondo.<\/p>\n\n<\/div>\n<\/div>\n<\/div>\n<\/div><div data-label=\"Content\" data-id=\"content--5\" data-export-id=\"content-15\" data-category=\"content\" class=\"content-15 content-section content-section-spacing\" id=\"content-5\" style=\"background-image: none\" data-section-ov=\"1\">\n<div class=\"gridContainer\">\n<div class=\"row middle-sm\">\n<div class=\"col-sm-6 flexbox around-xs top-xs space-bottom-xs space-top-xs\">\n<div class=\"overlay-box flexbox middle-xs center-xs overlay-holder\">\n<div class=\"overlay-box-offset shadow-medium border-color2 hide-xs offset-background\"><\/div>\n<a data-cp-link=\"1\" href=\"#\" target=\"_self\" rel=\"noopener\"><img decoding=\"async\" loading=\"lazy\" class=\"flexbox shadow-large img1\" data-size=\"500x500\" src=\"https:\/\/academics.dii.unipd.it\/chimicamateriali\/wp-content\/uploads\/sites\/30\/2021\/11\/cropped-emilio-manfrin2.jpg\" title=\"cropped-Costantino-Guzzardi.jpeg\" alt=\"\"><\/a>\n\n<\/div>\n<\/div>\n<div class=\"col-sm-6\" data-type=\"column\">\n<h2 class=\"\">Emilio Manfrin<\/h2>\n<p class=\"lead\">Addetto Assicurazione Qualit\u00e0, Sicurezza e Ambiente&nbsp;\u2013 Atlas Filtri S.r.l.<\/p>\n<p class=\"\" style=\"text-align: justify\">Mi sono laureato in Ingegneria dei Materiali a Padova nel 2011 e l\u2019anno successivo o ho iniziato la mia esperienza lavorativa nel trattamento di acque potabili per conto di Atlas Filtri Italia. Nel corso della mia carriera in Atlas Filtri Italia ho avuto l\u2019opportunit\u00e0 di occupare posizioni con responsabilit\u00e0 molto diverse, dall\u2019ambito della progettazione, realizzazione ed assemblaggio di sistemi per il trattamento di acque potabili. Attualmente opero alla dipendenza diretta dell\u2019amministratore di Atlas Filtri S.r.l. per il miglioramento e lo sviluppo del sistema di qualit\u00e0 aziendale nel rispetto delle normative ISO 9001, ISO 45001 e ISO 14001. Credo che la mia formazione universitaria abbia contribuito proprio a fornirmi quella versatilit\u00e0 che ha garantito la mia crescita professionale al di l\u00e0 delle conoscenze tecniche.<\/p>\n\n<\/div>\n<\/div>\n<\/div>\n<\/div><div data-label=\"Content\" data-id=\"content--6\" data-export-id=\"content-18\" data-category=\"content\" class=\"content-18 content-section content-section-spacing\" id=\"content-6\" style=\"background-image: none\" data-section-ov=\"1\">\n<div class=\"gridContainer\">\n<div class=\"row middle-sm\">\n<div class=\"col-sm-6 flexbox around-xs top-xs space-bottom-xs space-top-xs\">\n<div class=\"overlay-box flexbox middle-xs center-xs overlay-holder\">\n<div class=\"overlay-box-offset offset-background shadow-medium bg-color2 hide-xs\"><\/div>\n<img decoding=\"async\" loading=\"lazy\" class=\"flexbox shadow-large img1\" data-size=\"500x500\" src=\"https:\/\/academics.dii.unipd.it\/chimicamateriali\/wp-content\/uploads\/sites\/30\/2021\/11\/cropped-martina-largoni.jpg\" title=\"cropped-martina-largoni.jpg\" alt=\"\">\n\n<\/div>\n<\/div>\n<div class=\"col-sm-6\" data-type=\"column\">\n<h2 class=\"\">Martina Largoni<\/h2>\n<h4 class=\"\"><span style=\"font-family: Roboto, arial, helvetica, sans-serif;font-weight: 300\">Project Portfolio Management \u2013 Stevanato Group<\/span><\/h4>\n<p class=\"\" style=\"text-align: justify\">Ho conseguito la Laurea magistrale a Padova in Ingegneria Chimica e dei Processi Industriali nel 2012. Dopo la Laurea ho collaborato con il Dipartimento di Ingegneria Industriale dell\u2019Universit\u00e0 di Padova e due aziende nel settore della chimica fine e della farmaceutica, sviluppando progetti incentrati sull\u2019ottimizzazione di processo e sul controllo e monitoraggio della qualit\u00e0 di prodotto. Dallo scorso anno rivesto il ruolo di Technical and Quality Assurance Front End presso Stevanato Group, azienda che opera nel settore del vetro per utilizzo farmaceutico. Mi occupo di coordinare progetti, business development e supporto tecnico e di qualit\u00e0 per le aziende farmaceutiche con cui gestisco il business (Novartis Group, Johnson&amp;Johnson Group, Bayer Pharma, Takeda, Boehringer Ingelheim). Flessibilit\u00e0, approccio positivo al cambiamento, capacit\u00e0 di problem solving e propensit\u00e0 al lavoro di squadra sono caratteristiche che ho acquisito durante gli studi universitari e sono alla base del mio lavoro quotidiano che presenta ogni giorno una nuova sfida e richiede una costante interazione e collaborazione con persone di ruoli ed esperienze diverse, sia all\u2019interno che all\u2019esterno della mia azienda.<\/p>\n\n<\/div>\n<\/div>\n<\/div>\n<\/div>","protected":false},"excerpt":{"rendered":"<p>Marco Daniel Studente LM Ingegneria dei Materiali sono Marco Daniel, mi sono laureato in Ingegneria Chimica e dei Materiali nel 2019. Se tornassi indietro penso che sceglierei di nuovo ad occhi chiusi questo corso di laurea: mi ha dato conoscenze che spaziano dalla chimica industriale alla scienza dei materiali. Un corso completo con molte opportunit\u00e0,&hellip; <br \/> <a class=\"read-more\" href=\"https:\/\/academics.dii.unipd.it\/chimicamateriali\/testimonianze\/\">Read more<\/a><\/p>\n","protected":false},"author":1,"featured_media":2406,"parent":0,"menu_order":0,"comment_status":"closed","ping_status":"closed","template":"","meta":{"footnotes":""},"folder":[],"class_list":["post-78","page","type-page","status-publish","has-post-thumbnail","hentry"],"yoast_head":"<!-- This site is optimized with the Yoast SEO plugin v27.5 - https:\/\/yoast.com\/product\/yoast-seo-wordpress\/ -->\n<title>Testimonianze - Ingegneria Chimica e dei Materiali - Universit\u00e0 degli Studi di Padova<\/title>\n<meta name=\"robots\" content=\"index, follow, max-snippet:-1, max-image-preview:large, max-video-preview:-1\" \/>\n<link rel=\"canonical\" href=\"https:\/\/academics.dii.unipd.it\/chimicamateriali\/testimonianze\/\" \/>\n<meta property=\"og:locale\" content=\"it_IT\" \/>\n<meta property=\"og:type\" content=\"article\" \/>\n<meta property=\"og:title\" content=\"Testimonianze - Ingegneria Chimica e dei Materiali - Universit\u00e0 degli Studi di Padova\" \/>\n<meta property=\"og:description\" content=\"Marco Daniel Studente LM Ingegneria dei Materiali sono Marco Daniel, mi sono laureato in Ingegneria Chimica e dei Materiali nel 2019. Se tornassi indietro penso che sceglierei di nuovo ad occhi chiusi questo corso di laurea: mi ha dato conoscenze che spaziano dalla chimica industriale alla scienza dei materiali. Un corso completo con molte opportunit\u00e0,&hellip; Read more\" \/>\n<meta property=\"og:url\" content=\"https:\/\/academics.dii.unipd.it\/chimicamateriali\/testimonianze\/\" \/>\n<meta property=\"og:site_name\" content=\"Ingegneria Chimica e dei Materiali - Universit\u00e0 degli Studi di Padova\" \/>\n<meta property=\"article:modified_time\" content=\"2021-11-22T13:42:58+00:00\" \/>\n<meta property=\"og:image\" content=\"https:\/\/academics.dii.unipd.it\/chimicamateriali\/wp-content\/uploads\/sites\/30\/2021\/03\/testimonianze-scaled.jpg\" \/>\n\t<meta property=\"og:image:width\" content=\"2560\" \/>\n\t<meta property=\"og:image:height\" content=\"683\" \/>\n\t<meta property=\"og:image:type\" content=\"image\/jpeg\" \/>\n<meta name=\"twitter:card\" content=\"summary_large_image\" \/>\n<meta name=\"twitter:label1\" content=\"Tempo di lettura stimato\" \/>\n\t<meta name=\"twitter:data1\" content=\"8 minuti\" \/>\n<script type=\"application\/ld+json\" class=\"yoast-schema-graph\">{\"@context\":\"https:\\\/\\\/schema.org\",\"@graph\":[{\"@type\":\"WebPage\",\"@id\":\"https:\\\/\\\/academics.dii.unipd.it\\\/chimicamateriali\\\/testimonianze\\\/\",\"url\":\"https:\\\/\\\/academics.dii.unipd.it\\\/chimicamateriali\\\/testimonianze\\\/\",\"name\":\"Testimonianze - Ingegneria Chimica e dei Materiali - Universit\u00e0 degli Studi di Padova\",\"isPartOf\":{\"@id\":\"https:\\\/\\\/academics.dii.unipd.it\\\/chimicamateriali\\\/#website\"},\"primaryImageOfPage\":{\"@id\":\"https:\\\/\\\/academics.dii.unipd.it\\\/chimicamateriali\\\/testimonianze\\\/#primaryimage\"},\"image\":{\"@id\":\"https:\\\/\\\/academics.dii.unipd.it\\\/chimicamateriali\\\/testimonianze\\\/#primaryimage\"},\"thumbnailUrl\":\"https:\\\/\\\/academics.dii.unipd.it\\\/chimicamateriali\\\/wp-content\\\/uploads\\\/sites\\\/30\\\/2021\\\/11\\\/Testimonianze-1-1.png\",\"datePublished\":\"2016-04-07T09:12:16+00:00\",\"dateModified\":\"2021-11-22T13:42:58+00:00\",\"breadcrumb\":{\"@id\":\"https:\\\/\\\/academics.dii.unipd.it\\\/chimicamateriali\\\/testimonianze\\\/#breadcrumb\"},\"inLanguage\":\"it-IT\",\"potentialAction\":[{\"@type\":\"ReadAction\",\"target\":[\"https:\\\/\\\/academics.dii.unipd.it\\\/chimicamateriali\\\/testimonianze\\\/\"]}]},{\"@type\":\"ImageObject\",\"inLanguage\":\"it-IT\",\"@id\":\"https:\\\/\\\/academics.dii.unipd.it\\\/chimicamateriali\\\/testimonianze\\\/#primaryimage\",\"url\":\"https:\\\/\\\/academics.dii.unipd.it\\\/chimicamateriali\\\/wp-content\\\/uploads\\\/sites\\\/30\\\/2021\\\/11\\\/Testimonianze-1-1.png\",\"contentUrl\":\"https:\\\/\\\/academics.dii.unipd.it\\\/chimicamateriali\\\/wp-content\\\/uploads\\\/sites\\\/30\\\/2021\\\/11\\\/Testimonianze-1-1.png\",\"width\":4146,\"height\":998},{\"@type\":\"BreadcrumbList\",\"@id\":\"https:\\\/\\\/academics.dii.unipd.it\\\/chimicamateriali\\\/testimonianze\\\/#breadcrumb\",\"itemListElement\":[{\"@type\":\"ListItem\",\"position\":1,\"name\":\"Home\",\"item\":\"https:\\\/\\\/academics.dii.unipd.it\\\/chimicamateriali\\\/\"},{\"@type\":\"ListItem\",\"position\":2,\"name\":\"Testimonianze\"}]},{\"@type\":\"WebSite\",\"@id\":\"https:\\\/\\\/academics.dii.unipd.it\\\/chimicamateriali\\\/#website\",\"url\":\"https:\\\/\\\/academics.dii.unipd.it\\\/chimicamateriali\\\/\",\"name\":\"Ingegneria Chimica e dei Materiali - Universit\u00e0 degli Studi di Padova\",\"description\":\"\",\"publisher\":{\"@id\":\"https:\\\/\\\/academics.dii.unipd.it\\\/chimicamateriali\\\/#organization\"},\"potentialAction\":[{\"@type\":\"SearchAction\",\"target\":{\"@type\":\"EntryPoint\",\"urlTemplate\":\"https:\\\/\\\/academics.dii.unipd.it\\\/chimicamateriali\\\/?s={search_term_string}\"},\"query-input\":{\"@type\":\"PropertyValueSpecification\",\"valueRequired\":true,\"valueName\":\"search_term_string\"}}],\"inLanguage\":\"it-IT\"},{\"@type\":\"Organization\",\"@id\":\"https:\\\/\\\/academics.dii.unipd.it\\\/chimicamateriali\\\/#organization\",\"name\":\"Dipartimento di Ingegneria Industriale Universit\u00e0 di Padova\",\"url\":\"https:\\\/\\\/academics.dii.unipd.it\\\/chimicamateriali\\\/\",\"logo\":{\"@type\":\"ImageObject\",\"inLanguage\":\"it-IT\",\"@id\":\"https:\\\/\\\/academics.dii.unipd.it\\\/chimicamateriali\\\/#\\\/schema\\\/logo\\\/image\\\/\",\"url\":\"https:\\\/\\\/academics.dii.unipd.it\\\/chimicamateriali\\\/wp-content\\\/uploads\\\/sites\\\/30\\\/2021\\\/11\\\/logo-UniPD-DII-final.png\",\"contentUrl\":\"https:\\\/\\\/academics.dii.unipd.it\\\/chimicamateriali\\\/wp-content\\\/uploads\\\/sites\\\/30\\\/2021\\\/11\\\/logo-UniPD-DII-final.png\",\"width\":521,\"height\":102,\"caption\":\"Dipartimento di Ingegneria Industriale Universit\u00e0 di Padova\"},\"image\":{\"@id\":\"https:\\\/\\\/academics.dii.unipd.it\\\/chimicamateriali\\\/#\\\/schema\\\/logo\\\/image\\\/\"}}]}<\/script>\n<!-- \/ Yoast SEO plugin. -->","yoast_head_json":{"title":"Testimonianze - Ingegneria Chimica e dei Materiali - Universit\u00e0 degli Studi di Padova","robots":{"index":"index","follow":"follow","max-snippet":"max-snippet:-1","max-image-preview":"max-image-preview:large","max-video-preview":"max-video-preview:-1"},"canonical":"https:\/\/academics.dii.unipd.it\/chimicamateriali\/testimonianze\/","og_locale":"it_IT","og_type":"article","og_title":"Testimonianze - Ingegneria Chimica e dei Materiali - Universit\u00e0 degli Studi di Padova","og_description":"Marco Daniel Studente LM Ingegneria dei Materiali sono Marco Daniel, mi sono laureato in Ingegneria Chimica e dei Materiali nel 2019. Se tornassi indietro penso che sceglierei di nuovo ad occhi chiusi questo corso di laurea: mi ha dato conoscenze che spaziano dalla chimica industriale alla scienza dei materiali. Un corso completo con molte opportunit\u00e0,&hellip; Read more","og_url":"https:\/\/academics.dii.unipd.it\/chimicamateriali\/testimonianze\/","og_site_name":"Ingegneria Chimica e dei Materiali - Universit\u00e0 degli Studi di Padova","article_modified_time":"2021-11-22T13:42:58+00:00","og_image":[{"width":2560,"height":683,"url":"https:\/\/academics.dii.unipd.it\/chimicamateriali\/wp-content\/uploads\/sites\/30\/2021\/03\/testimonianze-scaled.jpg","type":"image\/jpeg"}],"twitter_card":"summary_large_image","twitter_misc":{"Tempo di lettura stimato":"8 minuti"},"schema":{"@context":"https:\/\/schema.org","@graph":[{"@type":"WebPage","@id":"https:\/\/academics.dii.unipd.it\/chimicamateriali\/testimonianze\/","url":"https:\/\/academics.dii.unipd.it\/chimicamateriali\/testimonianze\/","name":"Testimonianze - Ingegneria Chimica e dei Materiali - Universit\u00e0 degli Studi di Padova","isPartOf":{"@id":"https:\/\/academics.dii.unipd.it\/chimicamateriali\/#website"},"primaryImageOfPage":{"@id":"https:\/\/academics.dii.unipd.it\/chimicamateriali\/testimonianze\/#primaryimage"},"image":{"@id":"https:\/\/academics.dii.unipd.it\/chimicamateriali\/testimonianze\/#primaryimage"},"thumbnailUrl":"https:\/\/academics.dii.unipd.it\/chimicamateriali\/wp-content\/uploads\/sites\/30\/2021\/11\/Testimonianze-1-1.png","datePublished":"2016-04-07T09:12:16+00:00","dateModified":"2021-11-22T13:42:58+00:00","breadcrumb":{"@id":"https:\/\/academics.dii.unipd.it\/chimicamateriali\/testimonianze\/#breadcrumb"},"inLanguage":"it-IT","potentialAction":[{"@type":"ReadAction","target":["https:\/\/academics.dii.unipd.it\/chimicamateriali\/testimonianze\/"]}]},{"@type":"ImageObject","inLanguage":"it-IT","@id":"https:\/\/academics.dii.unipd.it\/chimicamateriali\/testimonianze\/#primaryimage","url":"https:\/\/academics.dii.unipd.it\/chimicamateriali\/wp-content\/uploads\/sites\/30\/2021\/11\/Testimonianze-1-1.png","contentUrl":"https:\/\/academics.dii.unipd.it\/chimicamateriali\/wp-content\/uploads\/sites\/30\/2021\/11\/Testimonianze-1-1.png","width":4146,"height":998},{"@type":"BreadcrumbList","@id":"https:\/\/academics.dii.unipd.it\/chimicamateriali\/testimonianze\/#breadcrumb","itemListElement":[{"@type":"ListItem","position":1,"name":"Home","item":"https:\/\/academics.dii.unipd.it\/chimicamateriali\/"},{"@type":"ListItem","position":2,"name":"Testimonianze"}]},{"@type":"WebSite","@id":"https:\/\/academics.dii.unipd.it\/chimicamateriali\/#website","url":"https:\/\/academics.dii.unipd.it\/chimicamateriali\/","name":"Ingegneria Chimica e dei Materiali - Universit\u00e0 degli Studi di Padova","description":"","publisher":{"@id":"https:\/\/academics.dii.unipd.it\/chimicamateriali\/#organization"},"potentialAction":[{"@type":"SearchAction","target":{"@type":"EntryPoint","urlTemplate":"https:\/\/academics.dii.unipd.it\/chimicamateriali\/?s={search_term_string}"},"query-input":{"@type":"PropertyValueSpecification","valueRequired":true,"valueName":"search_term_string"}}],"inLanguage":"it-IT"},{"@type":"Organization","@id":"https:\/\/academics.dii.unipd.it\/chimicamateriali\/#organization","name":"Dipartimento di Ingegneria Industriale Universit\u00e0 di Padova","url":"https:\/\/academics.dii.unipd.it\/chimicamateriali\/","logo":{"@type":"ImageObject","inLanguage":"it-IT","@id":"https:\/\/academics.dii.unipd.it\/chimicamateriali\/#\/schema\/logo\/image\/","url":"https:\/\/academics.dii.unipd.it\/chimicamateriali\/wp-content\/uploads\/sites\/30\/2021\/11\/logo-UniPD-DII-final.png","contentUrl":"https:\/\/academics.dii.unipd.it\/chimicamateriali\/wp-content\/uploads\/sites\/30\/2021\/11\/logo-UniPD-DII-final.png","width":521,"height":102,"caption":"Dipartimento di Ingegneria Industriale Universit\u00e0 di Padova"},"image":{"@id":"https:\/\/academics.dii.unipd.it\/chimicamateriali\/#\/schema\/logo\/image\/"}}]}},"_links":{"self":[{"href":"https:\/\/academics.dii.unipd.it\/chimicamateriali\/wp-json\/wp\/v2\/pages\/78","targetHints":{"allow":["GET"]}}],"collection":[{"href":"https:\/\/academics.dii.unipd.it\/chimicamateriali\/wp-json\/wp\/v2\/pages"}],"about":[{"href":"https:\/\/academics.dii.unipd.it\/chimicamateriali\/wp-json\/wp\/v2\/types\/page"}],"author":[{"embeddable":true,"href":"https:\/\/academics.dii.unipd.it\/chimicamateriali\/wp-json\/wp\/v2\/users\/1"}],"replies":[{"embeddable":true,"href":"https:\/\/academics.dii.unipd.it\/chimicamateriali\/wp-json\/wp\/v2\/comments?post=78"}],"version-history":[{"count":32,"href":"https:\/\/academics.dii.unipd.it\/chimicamateriali\/wp-json\/wp\/v2\/pages\/78\/revisions"}],"predecessor-version":[{"id":2408,"href":"https:\/\/academics.dii.unipd.it\/chimicamateriali\/wp-json\/wp\/v2\/pages\/78\/revisions\/2408"}],"wp:featuredmedia":[{"embeddable":true,"href":"https:\/\/academics.dii.unipd.it\/chimicamateriali\/wp-json\/wp\/v2\/media\/2406"}],"wp:attachment":[{"href":"https:\/\/academics.dii.unipd.it\/chimicamateriali\/wp-json\/wp\/v2\/media?parent=78"}],"wp:term":[{"taxonomy":"folder","embeddable":true,"href":"https:\/\/academics.dii.unipd.it\/chimicamateriali\/wp-json\/wp\/v2\/folder?post=78"}],"curies":[{"name":"wp","href":"https:\/\/api.w.org\/{rel}","templated":true}]}}