{"id":46,"date":"2016-03-22T12:20:26","date_gmt":"2016-03-22T11:20:26","guid":{"rendered":"http:\/\/newim.dii.unipd.it\/?page_id=46"},"modified":"2024-07-03T18:23:19","modified_gmt":"2024-07-03T16:23:19","slug":"presentazione-e-obiettivi-formativi","status":"publish","type":"page","link":"https:\/\/academics.dii.unipd.it\/electricalengineering\/it\/presentazione-e-obiettivi-formativi\/","title":{"rendered":"Presentazione e obiettivi formativi"},"content":{"rendered":"<div data-label=\"Fascia bianca\" data-id=\"cta--8\" data-export-id=\"cta-centered-section-grid\" data-category=\"cta\" class=\"cta-centered-section-grid content-section content-section-spacing-medium bg-color1 white-text\" id=\"fascia-bianca\" style=\"background-image: none\" data-section-ov=\"1\">\r\n<div class=\"gridContainer\">\r\n<div class=\"row text-center\">\r\n<div class=\"col-xs-12 col-sm-10 col-sm-offset-1 col-md-8 col-md-offset-2\" data-type=\"column\"><\/div>\r\n<\/div>\r\n<\/div>\r\n<\/div>\r\n<div data-label=\"Titolo pagina\" data-id=\"cta--3\" data-export-id=\"cta-centered-section-grid\" data-category=\"cta\" class=\"cta-centered-section-grid content-section content-section-spacing-medium bg-color1 white-text\" id=\"titolo-pagina\" style=\"background-image: none\" data-section-ov=\"1\">\r\n<div class=\"gridContainer\">\r\n<div class=\"row text-center\">\r\n<div class=\"col-xs-12 col-sm-10 col-sm-offset-1 col-md-8 col-md-offset-2\" data-type=\"column\">\r\n<h2 class=\"\" style=\"text-align: left\"><span>Laurea Magistrale in Ingegneria dell\u2019Energia Elettrica<\/span><\/h2>\r\n<\/div>\r\n<\/div>\r\n<\/div>\r\n<\/div>\r\n<div data-label=\"Intro\" data-id=\"cta--1\" data-export-id=\"cta-centered-section-grid\" data-category=\"cta\" class=\"cta-centered-section-grid content-section content-section-spacing-medium bg-color1 dark-text\" id=\"intro\" style=\"background-image: none\" data-section-ov=\"1\">\r\n<div class=\"gridContainer\">\r\n<div class=\"row text-center\">\r\n<div class=\"col-xs-12 col-sm-10 col-sm-offset-1 col-md-8 col-md-offset-2\" data-type=\"column\">\r\n<p class=\"\" style=\"text-align: justify\">La formazione acquisita in questo corso di studi \u00e8 particolarmente efficace sia nel contesto di tutte le attivit\u00e0 produttive e di servizi connesse alla generazione e trasmissione dell\u2019energia elettrica sia in quello vastissimo industriale\/professionale relativo a tutte le applicazioni in cui sono richieste le specifiche competenze per poter veicolare ed utilizzare l\u2019energia elettrica in modo sicuro, efficace ed efficiente.<\/p>\r\n\r\n<\/div>\r\n<\/div>\r\n<\/div>\r\n<\/div>\r\n<div data-label=\"Presentazione del corso\" data-id=\"cta--4\" data-export-id=\"cta-centered-section-grid\" data-category=\"cta\" class=\"cta-centered-section-grid content-section content-section-spacing-medium bg-color1 dark-text\" id=\"presentazione-del-corso\" style=\"background-image: none\" data-section-ov=\"1\">\r\n<div class=\"gridContainer\">\r\n<div class=\"row text-center\">\r\n<div class=\"col-xs-12 col-sm-10 col-sm-offset-1 col-md-8 col-md-offset-2\" data-type=\"column\" style=\"text-align: justify\">\r\n<h3 class=\"\" style=\"text-align: left\">Presentazione del corso<\/h3>\r\n<img loading=\"lazy\" decoding=\"async\" src=\"https:\/\/academics.dii.unipd.it\/electricalengineering\/wp-content\/uploads\/sites\/49\/2024\/07\/LMEE_topics-e1720000749291-270x300.png?ver=1720004076\" alt=\"\" width=\"270\" height=\"300\" class=\"alignright wp-image-2576 size-medium\" srcset=\"https:\/\/academics.dii.unipd.it\/electricalengineering\/wp-content\/uploads\/sites\/49\/2024\/07\/LMEE_topics-e1720000749291-270x300.png 270w, https:\/\/academics.dii.unipd.it\/electricalengineering\/wp-content\/uploads\/sites\/49\/2024\/07\/LMEE_topics-e1720000749291-923x1024.png 923w, https:\/\/academics.dii.unipd.it\/electricalengineering\/wp-content\/uploads\/sites\/49\/2024\/07\/LMEE_topics-e1720000749291-768x852.png 768w, https:\/\/academics.dii.unipd.it\/electricalengineering\/wp-content\/uploads\/sites\/49\/2024\/07\/LMEE_topics-e1720000749291-1384x1536.png 1384w, https:\/\/academics.dii.unipd.it\/electricalengineering\/wp-content\/uploads\/sites\/49\/2024\/07\/LMEE_topics-e1720000749291-1024x1137.png 1024w, https:\/\/academics.dii.unipd.it\/electricalengineering\/wp-content\/uploads\/sites\/49\/2024\/07\/LMEE_topics-e1720000749291-973x1080.png 973w, https:\/\/academics.dii.unipd.it\/electricalengineering\/wp-content\/uploads\/sites\/49\/2024\/07\/LMEE_topics-e1720000749291.png 1429w\" sizes=\"auto, (max-width: 270px) 100vw, 270px\" \/>Il corso di Laurea Magistrale in Electrical Engineering (M.Sc. EE) prevede un percorso didattico di 2 anni per 120 Crediti Formativi Universitari (CFU), articolato in due indirizzi:\r\n<table style=\"width: 53.4163%;border-collapse: collapse;border-style: hidden\">\r\n<tbody>\r\n<tr>\r\n<td style=\"width: 100%\"><strong>\u00a0 \u2022\u00a0 Machines and Drives for Industry and Mobility<\/strong><\/td>\r\n<\/tr>\r\n<tr>\r\n<td style=\"width: 100%\"><strong>\u00a0 \u2022\u00a0 Green Technologies and Energy Infrastructures\u00a0<\/strong><\/td>\r\n<\/tr>\r\n<\/tbody>\r\n<\/table>\r\nIl corso \u00e8 erogato in lingua inglese, offrendo cos\u00ec agli studenti la possibilit\u00e0 di prepararsi ad operare in modo competitivo nel mercato internazionale. Il corso prevede attivit\u00e0 di laboratorio, attivit\u00e0 di tirocinio per l\u2019avviamento alla ricerca scientifica e la possibilit\u00e0 di periodi di studio all\u2019estero nell\u2019ambito di programmi di collaborazione internazionale con atenei e centri di ricerca di alta qualificazione.\r\nIl corso di studio prepara l\u2019ingegnere elettrico a funzioni direttive o di ricerca e sviluppo nell&#8217;ambito dei processi connessi all\u2019energia elettrica tra cui la produzione, il trasporto e la distribuzione, la sua conversione in altre forme di energia e il suo utilizzo.\r\n\r\n<\/div>\r\n<\/div>\r\n<\/div>\r\n<\/div>\r\n<div data-label=\"Prospettive occupazionaliObiettiv\" data-id=\"cta--5\" data-export-id=\"cta-centered-section-grid\" data-category=\"cta\" class=\"cta-centered-section-grid content-section content-section-spacing-medium bg-color1 dark-text\" id=\"prospettive-occupazionaliobiettiv\" style=\"background-image: none\" data-section-ov=\"1\">\r\n<div class=\"gridContainer\">\r\n<div class=\"row text-center\">\r\n<div class=\"col-xs-12 col-sm-10 col-sm-offset-1 col-md-8 col-md-offset-2\" data-type=\"column\">\r\n<h3 class=\"\" style=\"text-align: left\">Obiettivi formativi<\/h3>\r\n<p class=\"\" style=\"text-align: justify\">L\u2019energia elettrica avr\u00e0 un ruolo fondamentale nella transizione energetica e nella decarbonizzazione dei processi industriali grazie all\u2019elevatissima flessibilit\u00e0 ed ubiquit\u00e0 del suo utilizzo. La Laurea Magistrale in Electrical Engineering permette di acquisire non solo le conoscenze e le competenze tecnologiche pi\u00f9 progredite in ambito elettrico, ma anche una visione strategica necessaria ad affrontare con successo le sfide tecnologiche e socio-economiche del futuro.\r\nLa preparazione acquisita in questo corso di studi \u00e8 pensata sia per il contesto delle attivit\u00e0 produttive e di servizi connesse alla generazione e trasmissione dell\u2019energia elettrica sia in quello industriale e professionale (ad esempio nel settore della mobilit\u00e0 elettrica) dove sono richieste specifiche competenze per poter veicolare ed utilizzare l\u2019energia elettrica in modo sicuro, efficace ed efficiente.\r\nQuesto tipo di preparazione \u00e8 stato e continua ad essere particolarmente appropriato all\u2019integrazione nella struttura produttiva del territorio, caratterizzata da numerose realt\u00e0 aziendali nei settori impiantistico, elettromeccanico, elettronico e dell\u2019automazione e da molte strutture dedite alla produzione dell\u2019energia elettrica, da fonti convenzionali e rinnovabili, ed alla sue distribuzione e gestione; nel contempo, con le conoscenze relative ai pi\u00f9 recenti sviluppi in ambito tecnologico\/applicativo, si intende promuovere l\u2019innovazione anche nell\u2019ambito delle piccole e medie imprese.<\/p>\r\n\r\n<\/div>\r\n<\/div>\r\n<\/div>\r\n<\/div>\r\n<div data-label=\"Prospettive occupazionali\" data-id=\"cta--6\" data-export-id=\"cta-centered-section-grid\" data-category=\"cta\" class=\"cta-centered-section-grid content-section content-section-spacing-medium bg-color1 dark-text\" id=\"prospettive-occupazionali\" style=\"background-image: none\" data-section-ov=\"1\">\r\n<div class=\"gridContainer\">\r\n<div class=\"row text-center\">\r\n<div class=\"col-xs-12 col-sm-10 col-sm-offset-1 col-md-8 col-md-offset-2\" data-type=\"column\" style=\"text-align: left\">\r\n<h3 class=\"\" style=\"text-align: left\">Prospettive occupazionali<\/h3>\r\nI principali sbocchi occupazionali riguardano la progettazione la supervisione alla realizzazione di componenti e sistemi elettrici complessi e la gestione operativa di impianti e sistemi dove sono presenti processi connessi all\u2019utilizzo dell\u2019energia elettrica. I laureati magistrali trovano occupazione presso:\r\n<ul>\r\n \t<li><strong>Industrie del settore elettromeccanico<\/strong> (componentistica elettrica, applicazioni di elettronica di potenza, automazione industriale)<\/li>\r\n \t<li><strong>Industrie manifatturiere non elettriche<\/strong> (processi connessi all\u2019utilizzo dell\u2019energia elettrica, generazione da fonti rinnovabili, sistemi di cogenerazione, sistemi di accumulo energetico)<\/li>\r\n \t<li><strong>Enti pubblici e privati<\/strong> (gestione dei sistemi, delle reti e dei dispositivi di generazione elettrica sia convenzionali che innovativi)<\/li>\r\n \t<li><strong>Societ\u00e0 di engineering<\/strong> (consulenza e studi professionali per la progettazione e la gestione di sistemi e processi nel settore dell\u2019energia, dell\u2019automazione e della comunicazione)<\/li>\r\n \t<li><strong>Universit\u00e0 ed enti di ricerca<\/strong> (settore elettrico ed energetico a livello nazionale ed internazionale)<\/li>\r\n<\/ul>\r\n<p style=\"text-align: left\"><span style=\"color: #333333\"><em><strong><a class=\"link\" href=\"https:\/\/www2.almalaurea.it\/cgi-php\/universita\/statistiche\/visualizza.php?anno=2023&amp;corstipo=LS&amp;ateneo=70019&amp;facolta=tutti&amp;gruppo=tutti&amp;pa=70019&amp;classe=11031&amp;postcorso=0280107302900001&amp;isstella=0&amp;annolau=tutti&amp;disaggregazione=&amp;LANG=it&amp;CONFIG=occupazione\" target=\"_blank\" data-cp-link=\"1\" rel=\"noopener\" style=\"color: #333333\">Dati occupazionali per l\u2019anno 2023 (fonte ALMALAUREA)<\/a><\/strong><\/em><\/span><\/p>\r\n\r\n<\/div>\r\n<\/div>\r\n<\/div>\r\n<\/div>\r\n<div data-label=\"Accesso\" data-id=\"cta--7\" data-export-id=\"cta-centered-section-grid\" data-category=\"cta\" class=\"cta-centered-section-grid content-section content-section-spacing-medium bg-color1 dark-text\" id=\"accesso\" style=\"background-image: none\" data-section-ov=\"1\">\r\n<div class=\"gridContainer\">\r\n<div class=\"row text-center\">\r\n<div class=\"col-xs-12 col-sm-10 col-sm-offset-1 col-md-8 col-md-offset-2\" data-type=\"column\">\r\n<h3 class=\"\" style=\"text-align: left\">Accesso<\/h3>\r\n<p class=\"\" style=\"text-align: justify\">L\u2019accesso naturale al Corso di Laurea Magistrale in Ingegneria dell\u2019Energia Elettrica avviene dal Corso di Laurea in Ingegneria dell\u2019Energia di Padova. Informazioni dettagliate sono disponibili\u00a0<span style=\"font-weight: bold\"><a href=\"https:\/\/stem.elearning.unipd.it\/course\/view.php?id=150\" target=\"_blank\" rel=\"noopener\" data-cp-link=\"1\" class=\"\"> qui<\/a><\/span>. Informazioni sull\u2019accesso da parte di studenti che hanno conseguito la Laurea in altre Sedi universitarie, o o che hanno conseguito Lauree in discipline diverse dall\u2019Ingegneria Elettrica, si rimanda a <span style=\"font-weight: bold\"><a href=\"https:\/\/stem.elearning.unipd.it\/mod\/page\/view.php?id=195684\" target=\"_blank\" rel=\"noopener\" data-cp-link=\"1\" class=\"\">questa pagina<\/a><a href=\"https:\/\/academics.dii.unipd.it\/electricalengineering\/trasferimenti\" target=\"_self\" data-cp-link=\"1\" rel=\"noopener\"><\/a><\/span>.<\/p>\r\n\r\n<\/div>\r\n<\/div>\r\n<\/div>\r\n<\/div>","protected":false},"excerpt":{"rendered":"<p>Laurea Magistrale in Ingegneria dell\u2019Energia Elettrica La formazione acquisita in questo corso di studi \u00e8 particolarmente efficace sia nel contesto di tutte le attivit\u00e0 produttive e di servizi connesse alla generazione e trasmissione dell\u2019energia elettrica sia in quello vastissimo industriale\/professionale relativo a tutte le applicazioni in cui sono richieste le specifiche competenze per poter veicolare&hellip; <br \/> <a class=\"read-more\" href=\"https:\/\/academics.dii.unipd.it\/electricalengineering\/it\/presentazione-e-obiettivi-formativi\/\">Read more<\/a><\/p>\n","protected":false},"author":1,"featured_media":867,"parent":0,"menu_order":0,"comment_status":"closed","ping_status":"closed","template":"pro\/page-templates\/full-width-page.php","meta":{"footnotes":""},"folder":[36],"class_list":["post-46","page","type-page","status-publish","has-post-thumbnail","hentry"],"yoast_head":"<!-- This site is optimized with the Yoast SEO plugin v27.4 - https:\/\/yoast.com\/product\/yoast-seo-wordpress\/ -->\n<title>Presentazione e obiettivi formativi - Electrical Engineering - Padova University<\/title>\n<meta name=\"robots\" content=\"index, follow, max-snippet:-1, max-image-preview:large, max-video-preview:-1\" \/>\n<link rel=\"canonical\" href=\"https:\/\/academics.dii.unipd.it\/electricalengineering\/it\/presentazione-e-obiettivi-formativi\/\" \/>\n<meta property=\"og:locale\" content=\"it_IT\" \/>\n<meta property=\"og:type\" content=\"article\" \/>\n<meta property=\"og:title\" content=\"Presentazione e obiettivi formativi - Electrical Engineering - Padova University\" \/>\n<meta property=\"og:description\" content=\"Laurea Magistrale in Ingegneria dell\u2019Energia Elettrica La formazione acquisita in questo corso di studi \u00e8 particolarmente efficace sia nel contesto di tutte le attivit\u00e0 produttive e di servizi connesse alla generazione e trasmissione dell\u2019energia elettrica sia in quello vastissimo industriale\/professionale relativo a tutte le applicazioni in cui sono richieste le specifiche competenze per poter veicolare&hellip; Read more\" \/>\n<meta property=\"og:url\" content=\"https:\/\/academics.dii.unipd.it\/electricalengineering\/it\/presentazione-e-obiettivi-formativi\/\" \/>\n<meta property=\"og:site_name\" content=\"Electrical Engineering - Padova University\" \/>\n<meta property=\"article:modified_time\" content=\"2024-07-03T16:23:19+00:00\" \/>\n<meta property=\"og:image\" content=\"https:\/\/academics.dii.unipd.it\/electricalengineering\/wp-content\/uploads\/sites\/49\/2021\/03\/orientarsi_0.png\" \/>\n\t<meta property=\"og:image:width\" content=\"980\" \/>\n\t<meta property=\"og:image:height\" content=\"375\" \/>\n\t<meta property=\"og:image:type\" content=\"image\/png\" \/>\n<meta name=\"twitter:card\" content=\"summary_large_image\" \/>\n<meta name=\"twitter:label1\" content=\"Tempo di lettura stimato\" \/>\n\t<meta name=\"twitter:data1\" content=\"4 minuti\" \/>\n<script type=\"application\/ld+json\" class=\"yoast-schema-graph\">{\"@context\":\"https:\\\/\\\/schema.org\",\"@graph\":[{\"@type\":\"WebPage\",\"@id\":\"https:\\\/\\\/academics.dii.unipd.it\\\/electricalengineering\\\/it\\\/presentazione-e-obiettivi-formativi\\\/\",\"url\":\"https:\\\/\\\/academics.dii.unipd.it\\\/electricalengineering\\\/it\\\/presentazione-e-obiettivi-formativi\\\/\",\"name\":\"Presentazione e obiettivi formativi - Electrical Engineering - Padova University\",\"isPartOf\":{\"@id\":\"https:\\\/\\\/academics.dii.unipd.it\\\/electricalengineering\\\/#website\"},\"primaryImageOfPage\":{\"@id\":\"https:\\\/\\\/academics.dii.unipd.it\\\/electricalengineering\\\/it\\\/presentazione-e-obiettivi-formativi\\\/#primaryimage\"},\"image\":{\"@id\":\"https:\\\/\\\/academics.dii.unipd.it\\\/electricalengineering\\\/it\\\/presentazione-e-obiettivi-formativi\\\/#primaryimage\"},\"thumbnailUrl\":\"https:\\\/\\\/academics.dii.unipd.it\\\/electricalengineering\\\/wp-content\\\/uploads\\\/sites\\\/49\\\/2021\\\/03\\\/orientarsi_0.png\",\"datePublished\":\"2016-03-22T11:20:26+00:00\",\"dateModified\":\"2024-07-03T16:23:19+00:00\",\"breadcrumb\":{\"@id\":\"https:\\\/\\\/academics.dii.unipd.it\\\/electricalengineering\\\/it\\\/presentazione-e-obiettivi-formativi\\\/#breadcrumb\"},\"inLanguage\":\"it-IT\",\"potentialAction\":[{\"@type\":\"ReadAction\",\"target\":[\"https:\\\/\\\/academics.dii.unipd.it\\\/electricalengineering\\\/it\\\/presentazione-e-obiettivi-formativi\\\/\"]}]},{\"@type\":\"ImageObject\",\"inLanguage\":\"it-IT\",\"@id\":\"https:\\\/\\\/academics.dii.unipd.it\\\/electricalengineering\\\/it\\\/presentazione-e-obiettivi-formativi\\\/#primaryimage\",\"url\":\"https:\\\/\\\/academics.dii.unipd.it\\\/electricalengineering\\\/wp-content\\\/uploads\\\/sites\\\/49\\\/2021\\\/03\\\/orientarsi_0.png\",\"contentUrl\":\"https:\\\/\\\/academics.dii.unipd.it\\\/electricalengineering\\\/wp-content\\\/uploads\\\/sites\\\/49\\\/2021\\\/03\\\/orientarsi_0.png\",\"width\":980,\"height\":375,\"caption\":\"Presentazione e obiettivi formativi\"},{\"@type\":\"BreadcrumbList\",\"@id\":\"https:\\\/\\\/academics.dii.unipd.it\\\/electricalengineering\\\/it\\\/presentazione-e-obiettivi-formativi\\\/#breadcrumb\",\"itemListElement\":[{\"@type\":\"ListItem\",\"position\":1,\"name\":\"Home\",\"item\":\"https:\\\/\\\/academics.dii.unipd.it\\\/electricalengineering\\\/it\\\/homepage\\\/\"},{\"@type\":\"ListItem\",\"position\":2,\"name\":\"Presentazione e obiettivi formativi\"}]},{\"@type\":\"WebSite\",\"@id\":\"https:\\\/\\\/academics.dii.unipd.it\\\/electricalengineering\\\/#website\",\"url\":\"https:\\\/\\\/academics.dii.unipd.it\\\/electricalengineering\\\/\",\"name\":\"Electrical Engineering - Padova University\",\"description\":\"\",\"publisher\":{\"@id\":\"https:\\\/\\\/academics.dii.unipd.it\\\/electricalengineering\\\/#organization\"},\"potentialAction\":[{\"@type\":\"SearchAction\",\"target\":{\"@type\":\"EntryPoint\",\"urlTemplate\":\"https:\\\/\\\/academics.dii.unipd.it\\\/electricalengineering\\\/?s={search_term_string}\"},\"query-input\":{\"@type\":\"PropertyValueSpecification\",\"valueRequired\":true,\"valueName\":\"search_term_string\"}}],\"inLanguage\":\"it-IT\"},{\"@type\":\"Organization\",\"@id\":\"https:\\\/\\\/academics.dii.unipd.it\\\/electricalengineering\\\/#organization\",\"name\":\"Dipartimento di Ingegneria Industriale Universit\u00e0 di Padova\",\"url\":\"https:\\\/\\\/academics.dii.unipd.it\\\/electricalengineering\\\/\",\"logo\":{\"@type\":\"ImageObject\",\"inLanguage\":\"it-IT\",\"@id\":\"https:\\\/\\\/academics.dii.unipd.it\\\/electricalengineering\\\/#\\\/schema\\\/logo\\\/image\\\/\",\"url\":\"https:\\\/\\\/academics.dii.unipd.it\\\/electricalengineering\\\/wp-content\\\/uploads\\\/sites\\\/49\\\/2021\\\/11\\\/logo-UniPD-DII-final.png\",\"contentUrl\":\"https:\\\/\\\/academics.dii.unipd.it\\\/electricalengineering\\\/wp-content\\\/uploads\\\/sites\\\/49\\\/2021\\\/11\\\/logo-UniPD-DII-final.png\",\"width\":521,\"height\":102,\"caption\":\"Dipartimento di Ingegneria Industriale Universit\u00e0 di Padova\"},\"image\":{\"@id\":\"https:\\\/\\\/academics.dii.unipd.it\\\/electricalengineering\\\/#\\\/schema\\\/logo\\\/image\\\/\"}}]}<\/script>\n<!-- \/ Yoast SEO plugin. -->","yoast_head_json":{"title":"Presentazione e obiettivi formativi - Electrical Engineering - Padova University","robots":{"index":"index","follow":"follow","max-snippet":"max-snippet:-1","max-image-preview":"max-image-preview:large","max-video-preview":"max-video-preview:-1"},"canonical":"https:\/\/academics.dii.unipd.it\/electricalengineering\/it\/presentazione-e-obiettivi-formativi\/","og_locale":"it_IT","og_type":"article","og_title":"Presentazione e obiettivi formativi - Electrical Engineering - Padova University","og_description":"Laurea Magistrale in Ingegneria dell\u2019Energia Elettrica La formazione acquisita in questo corso di studi \u00e8 particolarmente efficace sia nel contesto di tutte le attivit\u00e0 produttive e di servizi connesse alla generazione e trasmissione dell\u2019energia elettrica sia in quello vastissimo industriale\/professionale relativo a tutte le applicazioni in cui sono richieste le specifiche competenze per poter veicolare&hellip; Read more","og_url":"https:\/\/academics.dii.unipd.it\/electricalengineering\/it\/presentazione-e-obiettivi-formativi\/","og_site_name":"Electrical Engineering - Padova University","article_modified_time":"2024-07-03T16:23:19+00:00","og_image":[{"width":980,"height":375,"url":"https:\/\/academics.dii.unipd.it\/electricalengineering\/wp-content\/uploads\/sites\/49\/2021\/03\/orientarsi_0.png","type":"image\/png"}],"twitter_card":"summary_large_image","twitter_misc":{"Tempo di lettura stimato":"4 minuti"},"schema":{"@context":"https:\/\/schema.org","@graph":[{"@type":"WebPage","@id":"https:\/\/academics.dii.unipd.it\/electricalengineering\/it\/presentazione-e-obiettivi-formativi\/","url":"https:\/\/academics.dii.unipd.it\/electricalengineering\/it\/presentazione-e-obiettivi-formativi\/","name":"Presentazione e obiettivi formativi - Electrical Engineering - Padova University","isPartOf":{"@id":"https:\/\/academics.dii.unipd.it\/electricalengineering\/#website"},"primaryImageOfPage":{"@id":"https:\/\/academics.dii.unipd.it\/electricalengineering\/it\/presentazione-e-obiettivi-formativi\/#primaryimage"},"image":{"@id":"https:\/\/academics.dii.unipd.it\/electricalengineering\/it\/presentazione-e-obiettivi-formativi\/#primaryimage"},"thumbnailUrl":"https:\/\/academics.dii.unipd.it\/electricalengineering\/wp-content\/uploads\/sites\/49\/2021\/03\/orientarsi_0.png","datePublished":"2016-03-22T11:20:26+00:00","dateModified":"2024-07-03T16:23:19+00:00","breadcrumb":{"@id":"https:\/\/academics.dii.unipd.it\/electricalengineering\/it\/presentazione-e-obiettivi-formativi\/#breadcrumb"},"inLanguage":"it-IT","potentialAction":[{"@type":"ReadAction","target":["https:\/\/academics.dii.unipd.it\/electricalengineering\/it\/presentazione-e-obiettivi-formativi\/"]}]},{"@type":"ImageObject","inLanguage":"it-IT","@id":"https:\/\/academics.dii.unipd.it\/electricalengineering\/it\/presentazione-e-obiettivi-formativi\/#primaryimage","url":"https:\/\/academics.dii.unipd.it\/electricalengineering\/wp-content\/uploads\/sites\/49\/2021\/03\/orientarsi_0.png","contentUrl":"https:\/\/academics.dii.unipd.it\/electricalengineering\/wp-content\/uploads\/sites\/49\/2021\/03\/orientarsi_0.png","width":980,"height":375,"caption":"Presentazione e obiettivi formativi"},{"@type":"BreadcrumbList","@id":"https:\/\/academics.dii.unipd.it\/electricalengineering\/it\/presentazione-e-obiettivi-formativi\/#breadcrumb","itemListElement":[{"@type":"ListItem","position":1,"name":"Home","item":"https:\/\/academics.dii.unipd.it\/electricalengineering\/it\/homepage\/"},{"@type":"ListItem","position":2,"name":"Presentazione e obiettivi formativi"}]},{"@type":"WebSite","@id":"https:\/\/academics.dii.unipd.it\/electricalengineering\/#website","url":"https:\/\/academics.dii.unipd.it\/electricalengineering\/","name":"Electrical Engineering - Padova University","description":"","publisher":{"@id":"https:\/\/academics.dii.unipd.it\/electricalengineering\/#organization"},"potentialAction":[{"@type":"SearchAction","target":{"@type":"EntryPoint","urlTemplate":"https:\/\/academics.dii.unipd.it\/electricalengineering\/?s={search_term_string}"},"query-input":{"@type":"PropertyValueSpecification","valueRequired":true,"valueName":"search_term_string"}}],"inLanguage":"it-IT"},{"@type":"Organization","@id":"https:\/\/academics.dii.unipd.it\/electricalengineering\/#organization","name":"Dipartimento di Ingegneria Industriale Universit\u00e0 di Padova","url":"https:\/\/academics.dii.unipd.it\/electricalengineering\/","logo":{"@type":"ImageObject","inLanguage":"it-IT","@id":"https:\/\/academics.dii.unipd.it\/electricalengineering\/#\/schema\/logo\/image\/","url":"https:\/\/academics.dii.unipd.it\/electricalengineering\/wp-content\/uploads\/sites\/49\/2021\/11\/logo-UniPD-DII-final.png","contentUrl":"https:\/\/academics.dii.unipd.it\/electricalengineering\/wp-content\/uploads\/sites\/49\/2021\/11\/logo-UniPD-DII-final.png","width":521,"height":102,"caption":"Dipartimento di Ingegneria Industriale Universit\u00e0 di Padova"},"image":{"@id":"https:\/\/academics.dii.unipd.it\/electricalengineering\/#\/schema\/logo\/image\/"}}]}},"_links":{"self":[{"href":"https:\/\/academics.dii.unipd.it\/electricalengineering\/wp-json\/wp\/v2\/pages\/46","targetHints":{"allow":["GET"]}}],"collection":[{"href":"https:\/\/academics.dii.unipd.it\/electricalengineering\/wp-json\/wp\/v2\/pages"}],"about":[{"href":"https:\/\/academics.dii.unipd.it\/electricalengineering\/wp-json\/wp\/v2\/types\/page"}],"author":[{"embeddable":true,"href":"https:\/\/academics.dii.unipd.it\/electricalengineering\/wp-json\/wp\/v2\/users\/1"}],"replies":[{"embeddable":true,"href":"https:\/\/academics.dii.unipd.it\/electricalengineering\/wp-json\/wp\/v2\/comments?post=46"}],"version-history":[{"count":88,"href":"https:\/\/academics.dii.unipd.it\/electricalengineering\/wp-json\/wp\/v2\/pages\/46\/revisions"}],"predecessor-version":[{"id":2651,"href":"https:\/\/academics.dii.unipd.it\/electricalengineering\/wp-json\/wp\/v2\/pages\/46\/revisions\/2651"}],"wp:featuredmedia":[{"embeddable":true,"href":"https:\/\/academics.dii.unipd.it\/electricalengineering\/wp-json\/wp\/v2\/media\/867"}],"wp:attachment":[{"href":"https:\/\/academics.dii.unipd.it\/electricalengineering\/wp-json\/wp\/v2\/media?parent=46"}],"wp:term":[{"taxonomy":"folder","embeddable":true,"href":"https:\/\/academics.dii.unipd.it\/electricalengineering\/wp-json\/wp\/v2\/folder?post=46"}],"curies":[{"name":"wp","href":"https:\/\/api.w.org\/{rel}","templated":true}]}}