{"id":17,"date":"2015-12-09T12:17:26","date_gmt":"2015-12-09T11:17:26","guid":{"rendered":"http:\/\/newim.dii.unipd.it\/homepage\/"},"modified":"2024-11-14T22:09:17","modified_gmt":"2024-11-14T21:09:17","slug":"homepage","status":"publish","type":"page","link":"https:\/\/academics.dii.unipd.it\/energia\/","title":{"rendered":"Homepage"},"content":{"rendered":"<div data-label=\"Features\" data-id=\"features--1\" data-export-id=\"features-16-card-bordered-colored\" data-category=\"features\" class=\"features-16-card-bordered-colored content-section content-section-spacing\" id=\"features-1\">\n<div class=\"gridContainer\">\n<div class=\"row text-center\">\n<div class=\"section-title-col\" data-type=\"column\"><\/div>\n<\/div>\n<div class=\"row spaced-cols center-sm\" data-type=\"row\">\n<div class=\"col-xs-12 col-sm-6 col-md-6 \">\n<div class=\"card no-padding bottom-border-color1\">\n\n<img decoding=\"async\" class=\"face\" src=\"https:\/\/academics.dii.unipd.it\/energia\/wp-content\/uploads\/sites\/28\/2021\/03\/cropped-aula_uni-scaled-1.jpg\" title=\"cropped-aula_uni-scaled-1.jpg\" alt=\"\">\n<div data-type=\"column\" class=\"col-padding-small col-padding-small-xs description-container\">\n<h4 class=\"font-500 color1\"><span style=\"font-weight: bold\">Corso di Laurea<\/span><\/h4>\n<p class=\"\" style=\"text-align: justify\">Il corso prevede due curricula:\n<span style=\"font-weight: bold\">Energetico<\/span> ed <span style=\"font-weight: bold\">Elettrico<\/span>.\nIl curriculum <span style=\"font-family: Roboto, arial, helvetica, sans-serif;font-weight: bold\">Energetico&nbsp;<\/span>enfatizza le trasformazioni e l\u2019utilizzo dell\u2019energia nelle sue forme termica, frigorifera, chimica e meccanica.\nIl curriculum <span style=\"font-weight: bold\">Elettrico<\/span>&nbsp;ha come obiettivo specifico la formazione di un ingegnere che possegga un\u2019adeguata competenza finalizzata al corretto utilizzo e gestione dell\u2019energia elettrica.<\/p>\n\n<\/div>\n<div data-type=\"column\" class=\"col-padding-small col-padding-small-xs read-more-container\"><a class=\"read-more\" href=\"https:\/\/academics.dii.unipd.it\/energia\/corso-di-laurea\" target=\"_self\" data-cp-link=\"1\" rel=\"noopener\">learn more<\/a><\/div>\n<\/div>\n<\/div>\n<div class=\"col-xs-12 col-sm-6 col-md-6 \">\n<div class=\"card no-padding bottom-border-color1\">\n\n<img decoding=\"async\" class=\"face\" src=\"https:\/\/academics.dii.unipd.it\/energia\/wp-content\/uploads\/sites\/28\/2021\/03\/cropped-dopo-la-laurea-1.jpg\" title=\"cropped-dopo-la-laurea-1.jpg\" alt=\"\">\n<div data-type=\"column\" class=\"col-padding-small col-padding-small-xs description-container\">\n<h4 class=\"font-500 color1\"><span style=\"font-weight: bold\">Corsi di Laurea Magistrale<\/span><\/h4>\n<p class=\"\" style=\"text-align: justify\">II corso di Laurea in Ingegneria dell\u2019Energia d\u00e0 accesso, senza integrazioni che comportino l\u2019acquisizione di crediti formativi aggiuntivi:\nalla <span style=\"font-weight: bold\">Laurea Magistrale Internazionale in Energy Engineering<\/span> (si suggerisce di seguire il curriculum Energetico),\nalla <span style=\"font-weight: bold\">Laurea Magistrale Internazionale in Electrical Engineering<\/span>&nbsp;(si suggerisce di seguire il curriculum Elettrico).<\/p>\n\n<\/div>\n<div data-type=\"column\" class=\"col-padding-small col-padding-small-xs read-more-container\"><\/div>\n<\/div>\n<\/div>\n<\/div>\n<\/div>\n<\/div><div data-label=\"Testimonials\" data-id=\"testimonials--2\" data-export-id=\"testimonials-1\" data-category=\"testimonials\" class=\"testimonials-1 content-section content-section-spacing\" id=\"testimonials-2\" style=\"background-image: none\" data-section-ov=\"1\">\n<div class=\"gridContainer\">\n<div class=\"row\">\n<div data-type=\"column\" class=\"section-title-col\">\n<h2 class=\"\">Testimonianze<\/h2>\n<\/div>\n<\/div>\n<div class=\"row spaced-cols content-center-sm\" data-type=\"row\">\n<div class=\"col-sm-4\">\n\n<i class=\"fa fa-quote-right icon color1 small quotation-icon\"><\/i>\n<p class=\"\">Nel 2014 mi sono iscritto al corso di laurea di Ingegneria dell\u2019Energia all\u2019Universit\u00e0 degli Studi di Padova. Qui ho trovato un ambiente accademico molto stimolante composto da studenti e docenti con cui condividevo le stesse passioni e motivazioni.<\/p>\n<a data-cp-link=\"1\" href=\"https:\/\/academics.dii.unipd.it\/energia\/testimonianze\" class=\"\" target=\"_self\" rel=\"noopener\"><img decoding=\"async\" src=\"https:\/\/academics.dii.unipd.it\/energia\/wp-content\/uploads\/sites\/28\/2021\/09\/cropped-Pierdonato-scaled-2.jpeg\" class=\"round icon\" title=\"Ilaria Roveda\" alt=\"\"><\/a>\n<h5 class=\"\">Pierdonato Romano<\/h5>\n<p class=\"small\" style=\"font-style: italic\">ESPCOM<\/p>\n\n<\/div>\n<div class=\"col-sm-4\">\n\n<i class=\"fa fa-quote-right icon color1 small quotation-icon\"><\/i>\n<p class=\"\">Mi sono indirizzata verso Ingegneria dell\u2019Energia, non solo perch\u00e9 mi interessavano i corsi presenti nel piano di studio, ma soprattutto perch\u00e9 era, ed \u00e8 tuttora, una laurea molto richiesta nel mondo del lavoro.<\/p>\n<a data-cp-link=\"1\" href=\"https:\/\/academics.dii.unipd.it\/energia\/testimonianze\" class=\"\" target=\"_self\" rel=\"noopener\"><img decoding=\"async\" src=\"https:\/\/academics.dii.unipd.it\/energia\/wp-content\/uploads\/sites\/28\/2021\/09\/cropped-Ambroso-1.jpg\" class=\"round icon\" title=\"Michael-Cattani_Testimonianza-Pic_210321\" alt=\"\"><\/a>\n<h5 class=\"\">Cristina Ambroso<\/h5>\n<p class=\"small\" style=\"font-style: italic\">Universit\u00e0 degli Studi di Padova<\/p>\n\n<\/div>\n<div class=\"col-sm-4\">\n\n<i class=\"fa fa-quote-right icon color1 small quotation-icon\"><\/i>\n<p class=\"\">Grazie all\u2019Universit\u00e0 ho potuto iniziare il mio percorso lavorativo in una azienda leader nel settore impiantistico degli edifici e di possedere le conoscenze tecniche per risolvere i problemi che l\u2019azienda necessita.<\/p>\n<a data-cp-link=\"1\" href=\"https:\/\/academics.dii.unipd.it\/energia\/testimonianze\" class=\"\" target=\"_self\" rel=\"noopener\"><img decoding=\"async\" src=\"https:\/\/academics.dii.unipd.it\/energia\/wp-content\/uploads\/sites\/28\/2021\/08\/cropped-fototessera-scaled-2.jpg\" class=\"round icon\" title=\"1558283362311\" alt=\"\"><\/a>\n<h5 class=\"\">Nicol\u00f2 Caltran<\/h5>\n<p class=\"small\" style=\"font-style: italic\">Manens-TiFS SpA<\/p>\n\n<\/div>\n<\/div>\n<\/div>\n<\/div><div data-label=\"About\" data-id=\"about--1\" data-export-id=\"about-7\" data-category=\"about\" class=\"about-7 content-section content-section-spacing\" id=\"about-1\">\n<div class=\"gridContainer\">\n<div class=\"row middle-sm text-center\">\n<div class=\"col-sm-6 space-bottom-xs\" data-type=\"column\">\n<h4 class=\"\" style=\"text-align: justify\">INIZIATIVE DEGLI STUDENTI<\/h4>\n<p class=\"\" style=\"text-align: justify\">L\u2019Associazione studentesca <span style=\"font-weight: bold\">L<\/span>\u2019<span style=\"font-weight: bold\">E<\/span>nergia <span style=\"font-weight: bold\">D<\/span>egli <span style=\"font-weight: bold\">S<\/span>tudenti <span style=\"font-weight: bold\">LEDS<\/span> contribuisce ad arricchire la formazione degli studenti grazie all\u2019interazione con esperti del settore e aziende innovative, a costruire un percorso di studi pi\u00f9 completo e pi\u00f9 attivo, a comprendere le trasformazioni in atto nel mondo dell\u2019energia, a porsi come possibile intermediari tra studenti e mondo post universitario.<\/p>\n<a class=\"button color1 round outline\" href=\"https:\/\/www.ledspadova.eu\" target=\"_blank\" data-cp-link=\"1\" data-icon=\"\" rel=\"noopener\">LEARN MORE<\/a>\n<h4 class=\"\" style=\"text-align: left\">STAGE E LAVORO<\/h4>\n<p class=\"\" style=\"text-align: justify\">L\u2019Universit\u00e0 di Padova, mette a disposizione sulla piattaforma Moodle proposte di stage per studenti e proposte di lavoro per laureati da parte delle Aziende che operano nel settore.<\/p>\n<a class=\"button color1 round outline\" href=\"https:\/\/stem.elearning.unipd.it\/course\/view.php?id=145\" target=\"_blank\" data-cp-link=\"1\" data-icon=\"\" rel=\"noopener\">LEARN MORE<\/a>\n\n<\/div>\n<div class=\"col-sm-6 col-relative space-bottom-xs\">\n<div class=\"row spaced-cols\">\n<div class=\"col-xs-6 flexbox middle-xs center-xs\"><img decoding=\"async\" class=\"shadow-large\" data-size=\"300x300\" src=\"https:\/\/academics.dii.unipd.it\/energia\/wp-content\/uploads\/sites\/28\/2021\/08\/cropped-LEDS_1.jpg\" title=\"cropped-LEDS_1.jpg\" alt=\"\"><\/div>\n<div class=\"col-xs-6 flexbox middle-xs center-xs\"><img decoding=\"async\" class=\"shadow-large\" data-size=\"300x300\" src=\"https:\/\/academics.dii.unipd.it\/energia\/wp-content\/uploads\/sites\/28\/2021\/08\/LEDS_2.jpg\" title=\"LEDS_2\" alt=\"\"><\/div>\n<div class=\"col-xs-6 flexbox middle-xs center-xs\"><img decoding=\"async\" class=\"shadow-large\" data-size=\"300x300\" src=\"https:\/\/academics.dii.unipd.it\/energia\/wp-content\/uploads\/sites\/28\/2021\/08\/cropped-cropped-LEDS_3-1.jpg\" title=\"cropped-cropped-LEDS_3-1.jpg\" alt=\"\"><\/div>\n<div class=\"col-xs-6 flexbox middle-xs center-xs\"><img decoding=\"async\" class=\"shadow-large\" data-size=\"300x300\" src=\"https:\/\/academics.dii.unipd.it\/energia\/wp-content\/uploads\/sites\/28\/2021\/03\/cropped-cropped-cropped-IMG_0775-scaled-1.jpg\" title=\"cropped-cropped-cropped-IMG_0775-scaled-1.jpg\" alt=\"\"><\/div>\n<\/div>\n<div class=\"center-overlay inner-shadow border-large\"><\/div>\n<\/div>\n<\/div>\n<\/div>\n<\/div><div data-label=\"Contact\" data-id=\"contact--2\" data-export-id=\"contact-6\" data-category=\"contact\" class=\"contact-5 content-section content-section-spacing\" id=\"contact-2\" data-section-ov=\"1\">\n<div class=\"gridContainer\">\n<div class=\"row text-center\">\n<div class=\"section-title-col\" data-type=\"column\">\n<h2 class=\"\">Contatti<\/h2>\n<\/div>\n<\/div>\n<div class=\"row middle-sm\">\n<div class=\"col-xs-12 col-sm-6 image-holder space-bottom-xs\">\n<div data-content-shortcode=\"mesmerize_maps address=&quot;via Venezia 1, Padova&quot; zoom=&quot;75&quot;\" data-editable=\"true\" class=\"shadow-medium\">        <div class=\"mesmerize-google-maps\" style=\"width:100%\">\n            <iframe style=\"width:100%; height:100%;min-height:inherit;display:block;\" src=\"https:\/\/maps.google.com\/maps?q=via%20Venezia%201,%20Padova&#038;z=16&#038;output=embed&#038;iwloc=near\"><\/iframe>\n        <\/div>\n    <\/div>\n<\/div>\n<div class=\"col-xs-12 col-sm-6\">\n<div class=\"row middle-sm\">\n<div data-type=\"column\" class=\"col-xs-12 space-bottom-small\"><\/div>\n<\/div>\n<div class=\"row middle-sm\" data-type=\"row\">\n<div class=\"col-xs-12 space-bottom-small\">\n<div class=\"row\">\n<div data-type=\"column\" class=\"col-xs-12 col-sm-fit label-col\"><\/div>\n<div data-type=\"column\" class=\"col-xs-12 col-sm\">\n<p class=\"lead\"><a href=\"http:\/\/www.dii.unipd.it\/didattica\" target=\"_blank\" data-cp-link=\"1\" rel=\"noopener\" class=\"\">www.dii.unipd.it\/didattica<\/a><\/p>\ninformazioni generali\n<p class=\"lead\"><span style=\"font-weight: bold\">Segreteria Didattica:<\/span>\nDipartimento di Ingegneria Industriale\nVia Venezia, 1 (terzo piano) \u2013 Padova<\/p>\ndidattica.dii@unipd.it\n<p class=\"lead\">Prof. Angelo Zarrella (Presidente)\nangelo.zarrella@unipd.it<\/p>\n\n<\/div>\n<\/div>\n<\/div>\n<\/div>\n<\/div>\n<\/div>\n<\/div>\n<\/div>","protected":false},"excerpt":{"rendered":"<p>Corso di Laurea Il corso prevede due curricula: Energetico ed Elettrico. Il curriculum Energetico&nbsp;enfatizza le trasformazioni e l\u2019utilizzo dell\u2019energia nelle sue forme termica, frigorifera, chimica e meccanica. Il curriculum Elettrico&nbsp;ha come obiettivo specifico la formazione di un ingegnere che possegga un\u2019adeguata competenza finalizzata al corretto utilizzo e gestione dell\u2019energia elettrica. learn more Corsi di Laurea&hellip; <br \/> <a class=\"read-more\" href=\"https:\/\/academics.dii.unipd.it\/energia\/\">Read more<\/a><\/p>\n","protected":false},"author":1,"featured_media":0,"parent":0,"menu_order":0,"comment_status":"closed","ping_status":"closed","template":"","meta":{"footnotes":""},"folder":[],"class_list":["post-17","page","type-page","status-publish","hentry"],"yoast_head":"<!-- This site is optimized with the Yoast SEO plugin v27.4 - https:\/\/yoast.com\/product\/yoast-seo-wordpress\/ -->\n<title>Homepage - Ingegneria dell&#039;Energia - Universit\u00e0 degli studi di Padova<\/title>\n<meta name=\"robots\" content=\"index, follow, max-snippet:-1, max-image-preview:large, max-video-preview:-1\" \/>\n<link rel=\"canonical\" href=\"https:\/\/academics.dii.unipd.it\/energia\/\" \/>\n<meta property=\"og:locale\" content=\"it_IT\" \/>\n<meta property=\"og:type\" content=\"article\" \/>\n<meta property=\"og:title\" content=\"Homepage - Ingegneria dell&#039;Energia - Universit\u00e0 degli studi di Padova\" \/>\n<meta property=\"og:description\" content=\"Corso di Laurea Il corso prevede due curricula: Energetico ed Elettrico. Il curriculum Energetico&nbsp;enfatizza le trasformazioni e l\u2019utilizzo dell\u2019energia nelle sue forme termica, frigorifera, chimica e meccanica. Il curriculum Elettrico&nbsp;ha come obiettivo specifico la formazione di un ingegnere che possegga un\u2019adeguata competenza finalizzata al corretto utilizzo e gestione dell\u2019energia elettrica. learn more Corsi di Laurea&hellip; Read more\" \/>\n<meta property=\"og:url\" content=\"https:\/\/academics.dii.unipd.it\/energia\/\" \/>\n<meta property=\"og:site_name\" content=\"Ingegneria dell&#039;Energia - Universit\u00e0 degli studi di Padova\" \/>\n<meta property=\"article:modified_time\" content=\"2024-11-14T21:09:17+00:00\" \/>\n<meta property=\"og:image\" content=\"https:\/\/academics.dii.unipd.it\/energia\/wp-content\/uploads\/sites\/28\/2021\/03\/cropped-aula_uni-scaled-1.jpg\" \/>\n<meta name=\"twitter:card\" content=\"summary_large_image\" \/>\n<meta name=\"twitter:label1\" content=\"Tempo di lettura stimato\" \/>\n\t<meta name=\"twitter:data1\" content=\"4 minuti\" \/>\n<script type=\"application\/ld+json\" class=\"yoast-schema-graph\">{\"@context\":\"https:\\\/\\\/schema.org\",\"@graph\":[{\"@type\":\"WebPage\",\"@id\":\"https:\\\/\\\/academics.dii.unipd.it\\\/energia\\\/\",\"url\":\"https:\\\/\\\/academics.dii.unipd.it\\\/energia\\\/\",\"name\":\"Homepage - Ingegneria dell&#039;Energia - Universit\u00e0 degli studi di Padova\",\"isPartOf\":{\"@id\":\"https:\\\/\\\/academics.dii.unipd.it\\\/energia\\\/#website\"},\"primaryImageOfPage\":{\"@id\":\"https:\\\/\\\/academics.dii.unipd.it\\\/energia\\\/#primaryimage\"},\"image\":{\"@id\":\"https:\\\/\\\/academics.dii.unipd.it\\\/energia\\\/#primaryimage\"},\"thumbnailUrl\":\"https:\\\/\\\/academics.dii.unipd.it\\\/energia\\\/wp-content\\\/uploads\\\/sites\\\/28\\\/2021\\\/03\\\/cropped-aula_uni-scaled-1.jpg\",\"datePublished\":\"2015-12-09T11:17:26+00:00\",\"dateModified\":\"2024-11-14T21:09:17+00:00\",\"breadcrumb\":{\"@id\":\"https:\\\/\\\/academics.dii.unipd.it\\\/energia\\\/#breadcrumb\"},\"inLanguage\":\"it-IT\",\"potentialAction\":[{\"@type\":\"ReadAction\",\"target\":[\"https:\\\/\\\/academics.dii.unipd.it\\\/energia\\\/\"]}]},{\"@type\":\"ImageObject\",\"inLanguage\":\"it-IT\",\"@id\":\"https:\\\/\\\/academics.dii.unipd.it\\\/energia\\\/#primaryimage\",\"url\":\"https:\\\/\\\/academics.dii.unipd.it\\\/energia\\\/wp-content\\\/uploads\\\/sites\\\/28\\\/2021\\\/03\\\/cropped-aula_uni-scaled-1.jpg\",\"contentUrl\":\"https:\\\/\\\/academics.dii.unipd.it\\\/energia\\\/wp-content\\\/uploads\\\/sites\\\/28\\\/2021\\\/03\\\/cropped-aula_uni-scaled-1.jpg\",\"width\":2051,\"height\":1365},{\"@type\":\"BreadcrumbList\",\"@id\":\"https:\\\/\\\/academics.dii.unipd.it\\\/energia\\\/#breadcrumb\",\"itemListElement\":[{\"@type\":\"ListItem\",\"position\":1,\"name\":\"Home\",\"item\":\"https:\\\/\\\/academics.dii.unipd.it\\\/energia\\\/\"},{\"@type\":\"ListItem\",\"position\":2,\"name\":\"Homepage\"}]},{\"@type\":\"WebSite\",\"@id\":\"https:\\\/\\\/academics.dii.unipd.it\\\/energia\\\/#website\",\"url\":\"https:\\\/\\\/academics.dii.unipd.it\\\/energia\\\/\",\"name\":\"Ingegneria dell&#039;Energia - Universit\u00e0 degli studi di Padova\",\"description\":\"\",\"publisher\":{\"@id\":\"https:\\\/\\\/academics.dii.unipd.it\\\/energia\\\/#organization\"},\"potentialAction\":[{\"@type\":\"SearchAction\",\"target\":{\"@type\":\"EntryPoint\",\"urlTemplate\":\"https:\\\/\\\/academics.dii.unipd.it\\\/energia\\\/?s={search_term_string}\"},\"query-input\":{\"@type\":\"PropertyValueSpecification\",\"valueRequired\":true,\"valueName\":\"search_term_string\"}}],\"inLanguage\":\"it-IT\"},{\"@type\":\"Organization\",\"@id\":\"https:\\\/\\\/academics.dii.unipd.it\\\/energia\\\/#organization\",\"name\":\"Dipartimento di Ingegneria Industriale Universit\u00e0 di Padova\",\"url\":\"https:\\\/\\\/academics.dii.unipd.it\\\/energia\\\/\",\"logo\":{\"@type\":\"ImageObject\",\"inLanguage\":\"it-IT\",\"@id\":\"https:\\\/\\\/academics.dii.unipd.it\\\/energia\\\/#\\\/schema\\\/logo\\\/image\\\/\",\"url\":\"https:\\\/\\\/academics.dii.unipd.it\\\/energia\\\/wp-content\\\/uploads\\\/sites\\\/28\\\/2021\\\/11\\\/logo-UniPD-DII-final.png\",\"contentUrl\":\"https:\\\/\\\/academics.dii.unipd.it\\\/energia\\\/wp-content\\\/uploads\\\/sites\\\/28\\\/2021\\\/11\\\/logo-UniPD-DII-final.png\",\"width\":521,\"height\":102,\"caption\":\"Dipartimento di Ingegneria Industriale Universit\u00e0 di Padova\"},\"image\":{\"@id\":\"https:\\\/\\\/academics.dii.unipd.it\\\/energia\\\/#\\\/schema\\\/logo\\\/image\\\/\"}}]}<\/script>\n<!-- \/ Yoast SEO plugin. -->","yoast_head_json":{"title":"Homepage - Ingegneria dell&#039;Energia - Universit\u00e0 degli studi di Padova","robots":{"index":"index","follow":"follow","max-snippet":"max-snippet:-1","max-image-preview":"max-image-preview:large","max-video-preview":"max-video-preview:-1"},"canonical":"https:\/\/academics.dii.unipd.it\/energia\/","og_locale":"it_IT","og_type":"article","og_title":"Homepage - Ingegneria dell&#039;Energia - Universit\u00e0 degli studi di Padova","og_description":"Corso di Laurea Il corso prevede due curricula: Energetico ed Elettrico. Il curriculum Energetico&nbsp;enfatizza le trasformazioni e l\u2019utilizzo dell\u2019energia nelle sue forme termica, frigorifera, chimica e meccanica. Il curriculum Elettrico&nbsp;ha come obiettivo specifico la formazione di un ingegnere che possegga un\u2019adeguata competenza finalizzata al corretto utilizzo e gestione dell\u2019energia elettrica. learn more Corsi di Laurea&hellip; Read more","og_url":"https:\/\/academics.dii.unipd.it\/energia\/","og_site_name":"Ingegneria dell&#039;Energia - Universit\u00e0 degli studi di Padova","article_modified_time":"2024-11-14T21:09:17+00:00","og_image":[{"url":"https:\/\/academics.dii.unipd.it\/energia\/wp-content\/uploads\/sites\/28\/2021\/03\/cropped-aula_uni-scaled-1.jpg","type":"","width":"","height":""}],"twitter_card":"summary_large_image","twitter_misc":{"Tempo di lettura stimato":"4 minuti"},"schema":{"@context":"https:\/\/schema.org","@graph":[{"@type":"WebPage","@id":"https:\/\/academics.dii.unipd.it\/energia\/","url":"https:\/\/academics.dii.unipd.it\/energia\/","name":"Homepage - Ingegneria dell&#039;Energia - Universit\u00e0 degli studi di Padova","isPartOf":{"@id":"https:\/\/academics.dii.unipd.it\/energia\/#website"},"primaryImageOfPage":{"@id":"https:\/\/academics.dii.unipd.it\/energia\/#primaryimage"},"image":{"@id":"https:\/\/academics.dii.unipd.it\/energia\/#primaryimage"},"thumbnailUrl":"https:\/\/academics.dii.unipd.it\/energia\/wp-content\/uploads\/sites\/28\/2021\/03\/cropped-aula_uni-scaled-1.jpg","datePublished":"2015-12-09T11:17:26+00:00","dateModified":"2024-11-14T21:09:17+00:00","breadcrumb":{"@id":"https:\/\/academics.dii.unipd.it\/energia\/#breadcrumb"},"inLanguage":"it-IT","potentialAction":[{"@type":"ReadAction","target":["https:\/\/academics.dii.unipd.it\/energia\/"]}]},{"@type":"ImageObject","inLanguage":"it-IT","@id":"https:\/\/academics.dii.unipd.it\/energia\/#primaryimage","url":"https:\/\/academics.dii.unipd.it\/energia\/wp-content\/uploads\/sites\/28\/2021\/03\/cropped-aula_uni-scaled-1.jpg","contentUrl":"https:\/\/academics.dii.unipd.it\/energia\/wp-content\/uploads\/sites\/28\/2021\/03\/cropped-aula_uni-scaled-1.jpg","width":2051,"height":1365},{"@type":"BreadcrumbList","@id":"https:\/\/academics.dii.unipd.it\/energia\/#breadcrumb","itemListElement":[{"@type":"ListItem","position":1,"name":"Home","item":"https:\/\/academics.dii.unipd.it\/energia\/"},{"@type":"ListItem","position":2,"name":"Homepage"}]},{"@type":"WebSite","@id":"https:\/\/academics.dii.unipd.it\/energia\/#website","url":"https:\/\/academics.dii.unipd.it\/energia\/","name":"Ingegneria dell&#039;Energia - Universit\u00e0 degli studi di Padova","description":"","publisher":{"@id":"https:\/\/academics.dii.unipd.it\/energia\/#organization"},"potentialAction":[{"@type":"SearchAction","target":{"@type":"EntryPoint","urlTemplate":"https:\/\/academics.dii.unipd.it\/energia\/?s={search_term_string}"},"query-input":{"@type":"PropertyValueSpecification","valueRequired":true,"valueName":"search_term_string"}}],"inLanguage":"it-IT"},{"@type":"Organization","@id":"https:\/\/academics.dii.unipd.it\/energia\/#organization","name":"Dipartimento di Ingegneria Industriale Universit\u00e0 di Padova","url":"https:\/\/academics.dii.unipd.it\/energia\/","logo":{"@type":"ImageObject","inLanguage":"it-IT","@id":"https:\/\/academics.dii.unipd.it\/energia\/#\/schema\/logo\/image\/","url":"https:\/\/academics.dii.unipd.it\/energia\/wp-content\/uploads\/sites\/28\/2021\/11\/logo-UniPD-DII-final.png","contentUrl":"https:\/\/academics.dii.unipd.it\/energia\/wp-content\/uploads\/sites\/28\/2021\/11\/logo-UniPD-DII-final.png","width":521,"height":102,"caption":"Dipartimento di Ingegneria Industriale Universit\u00e0 di Padova"},"image":{"@id":"https:\/\/academics.dii.unipd.it\/energia\/#\/schema\/logo\/image\/"}}]}},"_links":{"self":[{"href":"https:\/\/academics.dii.unipd.it\/energia\/wp-json\/wp\/v2\/pages\/17","targetHints":{"allow":["GET"]}}],"collection":[{"href":"https:\/\/academics.dii.unipd.it\/energia\/wp-json\/wp\/v2\/pages"}],"about":[{"href":"https:\/\/academics.dii.unipd.it\/energia\/wp-json\/wp\/v2\/types\/page"}],"author":[{"embeddable":true,"href":"https:\/\/academics.dii.unipd.it\/energia\/wp-json\/wp\/v2\/users\/1"}],"replies":[{"embeddable":true,"href":"https:\/\/academics.dii.unipd.it\/energia\/wp-json\/wp\/v2\/comments?post=17"}],"version-history":[{"count":80,"href":"https:\/\/academics.dii.unipd.it\/energia\/wp-json\/wp\/v2\/pages\/17\/revisions"}],"predecessor-version":[{"id":2312,"href":"https:\/\/academics.dii.unipd.it\/energia\/wp-json\/wp\/v2\/pages\/17\/revisions\/2312"}],"wp:attachment":[{"href":"https:\/\/academics.dii.unipd.it\/energia\/wp-json\/wp\/v2\/media?parent=17"}],"wp:term":[{"taxonomy":"folder","embeddable":true,"href":"https:\/\/academics.dii.unipd.it\/energia\/wp-json\/wp\/v2\/folder?post=17"}],"curies":[{"name":"wp","href":"https:\/\/api.w.org\/{rel}","templated":true}]}}