{"id":1059,"date":"2021-03-29T16:00:16","date_gmt":"2021-03-29T14:00:16","guid":{"rendered":"https:\/\/academics.dii.unipd.it\/materialsengineering\/?page_id=1059"},"modified":"2021-11-11T11:15:22","modified_gmt":"2021-11-11T10:15:22","slug":"open-day-di-presentazione","status":"publish","type":"page","link":"https:\/\/academics.dii.unipd.it\/materialsengineering\/open-day-di-presentazione\/","title":{"rendered":"Open Day di presentazione"},"content":{"rendered":"<div data-label=\"Cta\" data-id=\"cta--2\" data-export-id=\"cta-blue-section\" data-category=\"cta\" class=\"cta-blue-section content-section content-section-spacing-medium bg-color1 white-text\" id=\"cta-2\" style=\"background-image: none;\" data-section-ov=\"1\">\r\n<div class=\"gridContainer\">\r\n<div class=\"row middle-xs\">\r\n<div class=\"col-sm-8 space-bottom-xs\" data-type=\"column\"><\/div>\r\n<div class=\"col-sm-4 end-sm\" data-type=\"column\"><\/div>\r\n<\/div>\r\n<\/div>\r\n<\/div>\r\n<div data-label=\"Cta\" data-id=\"cta--1\" data-export-id=\"cta-centered-section-grid\" data-category=\"cta\" class=\"cta-centered-section-grid content-section content-section-spacing-medium bg-color1 white-text\" id=\"cta-1\">\r\n<div class=\"gridContainer\">\r\n<div class=\"row text-center\">\r\n<div class=\"col-xs-12 col-sm-10 col-sm-offset-1 col-md-8 col-md-offset-2\" data-type=\"column\">\r\n<h2 class=\"\">Open Day 2021<\/h2>\r\n<p class=\"\" style=\"text-align: justify;\">L\u2019Open Day di presentazione dell\u2019offerta formativa 2021-22 \u00e8 costituito dalle video-presentazioni che seguono.\r\nPer rispondere a richieste di chiarimento da parte degli studenti interessati, i Docenti Referenti per l\u2019orientamento sono disponibili Venerd\u00ec 28 maggio 2021 ore 10.30 in collegamento telematico ZOOM (su prenotazione:\u00a0<a href=\"https:\/\/www.unipd.it\/open-day\" target=\"_blank\" rel=\"noopener\" data-cp-link=\"1\" class=\"\">https:\/\/www.unipd.it\/open-day<\/a>) Buona Visione!<\/p>\r\n\r\n<h3 class=\"\">Presentazione del corso di Laurea Magistrale<\/h3>\r\n<a class=\"button big color-white round outline\" href=\"https:\/\/mediaspace.unipd.it\/media\/LM_IngMateriali\/1_2waudynb\" target=\"_blank\" data-cp-link=\"1\" data-icon=\"fa-video-camera\" rel=\"noopener\"><span class=\"button-icon fa fa-video-camera\"><\/span>Click here!<\/a>\r\n<p class=\"\" style=\"text-align: justify;\">L\u2019Ingegneria dei Materiali \u00e8 un settore interdisciplinare e rivoluzionario. Infatti l\u2019Ingegneria dei Materiali ha trasformato ogni aspetto della vita moderna. I nuovi materiali sono stati tra i pi\u00f9 grandi successi di tutti i tempi e risultano fondamentali per la crescita, per la sicurezza e per la qualit\u00e0 della vita umana fin dall\u2019inizio della storia. \u00c8 sempre grazie a nuovi materiali che si \u00e8 aperta lo sviluppo di nuove tecnologie. I progressi nei materiali sono cruciali per la continua vitalit\u00e0 di numerose industrie.\r\nAttualmente gli Ingegneri dei Materiali continuano ad essere in prima linea in moltissime aree della scienza e della tecnologia. Essi esplorano le fondamenta scientifiche dei materiali, il loro design e le loro trasformazioni per le applicazioni nel mondo reale in modo da influenzare la nostra vita ogni volta che acquistiamo od utilizziamo un nuovo dispositivo, una nuova macchina o struttura. Gli Ingegneri dei Materiali applicano i principi basilari della chimica e della fisica per conoscere la struttura e le propriet\u00e0 dei materiali. Essi sviluppano processi per la modificazione dei materiali per soddisfare le esigenze della moderna tecnologia.\r\nUn materiale pu\u00f2 essere scelto per la sua resistenza meccanica, per le sue propriet\u00e0 elettriche, per la sua resistenza al calore o alla corrosione, o per una serie di altre ragioni che tutte per\u00f2 si riferiscono alle loro propriet\u00e0. Tutte le propriet\u00e0 utili di un materiale sono intimamente legate alla sua struttura a qualsiasi livello, compreso quali tipi di atomi sono presenti, come gli atomi sono legati e come i gruppi di atomi sono disposti in tutto il materiale. Gli Ingegneri dei Materiali apprendono come questa struttura e le propriet\u00e0 risultanti da essa, possano essere controllate mediante la lavorazione del materiale. L\u2019Ingegneria dei Materiali spazia dal molto piccolo, come le nanotecnologie, all\u2019estremamente grande, come la produzione di migliaia di tonnellate di ferro alla settimana in un altoforno.\r\nConoscere le relazioni tra le propriet\u00e0, la struttura, la lavorazione e le prestazioni di un materiale, rende l\u2019Ingegnere dei Materiali unn protagonista nell\u2019universo dell\u2019Ingegneria.<\/p>\r\n\r\n<\/div>\r\n<\/div>\r\n<\/div>\r\n<\/div>\r\n<div data-label=\"Content\" data-id=\"content--17\" data-export-id=\"content-7\" data-category=\"content\" class=\"content-7 content-section content-section-spacing\" id=\"content-17\" style=\"background-image: none;\" data-section-ov=\"1\">\r\n<div class=\"gridContainer\">\r\n<div class=\"row middle-sm\">\r\n<div class=\"col-sm-6 space-bottom-xs\" data-type=\"column\">\r\n<h2 class=\"\"><span style=\"color: #993300;\">Scegliere Ingegneria dei Materiali a Padova<\/span><\/h2>\r\n<a class=\"button small color1 round outline\" href=\"https:\/\/youtu.be\/oufDC3a2EBU\" target=\"_blank\" data-cp-link=\"1\" data-icon=\"fa-video-camera\" rel=\"noopener\"><span class=\"button-icon fa fa-video-camera\"><\/span><\/a>\r\n<ul style=\"list-style-type: square;\" class=\"\"><\/ul>\r\n<p class=\"lead\">Un\u2019introduzione generale a cura del Prof. Manuele Dabal\u00e0<\/p>\r\n\r\n<\/div>\r\n<div class=\"col-sm-6\" data-type=\"column\"><img decoding=\"async\" class=\"shadow-large\" src=\"https:\/\/academics.dii.unipd.it\/materialsengineering\/wp-content\/uploads\/sites\/48\/2021\/07\/cropped-dabala-intro.png\" title=\"cropped-dabala-intro.png\" alt=\"\" \/><\/div>\r\n<\/div>\r\n<\/div>\r\n<\/div>\r\n<div data-label=\"Content\" data-id=\"content--18\" data-export-id=\"content-7\" data-category=\"content\" class=\"content-7 content-section content-section-spacing\" id=\"content-18\" style=\"background-image: none;\" data-section-ov=\"1\">\r\n<div class=\"gridContainer\">\r\n<div class=\"row middle-sm\">\r\n<div class=\"col-sm-6 space-bottom-xs\" data-type=\"column\">\r\n<h2 class=\"\"><span>Uno sguardo all\u2019attivit\u00e0 didattica, p.1<\/span><\/h2>\r\n<a class=\"button small color1 round outline\" href=\"https:\/\/youtu.be\/djj4BRNEokU\" target=\"_blank\" data-cp-link=\"1\" data-icon=\"fa-video-camera\" rel=\"noopener\"><span class=\"button-icon fa fa-video-camera\"><\/span><\/a>\r\n<p class=\"lead\">Un\u2019introduzione agli insegnamenti di \u2018Siderurgia (Ironmaking and Steelmaking)\u2019 [Prof. Manuele Dabal\u00e0] e di \u2018Materiali nanostrutturati (Nanostructured Materials)\u2019 [Prof. Alessandro Martucci]\r\n\r\n<a href=\"https:\/\/didattica.unipd.it\/off\/2020\/LM\/IN\/IN0523\/000ZZ\/INP9086838\/N0\" target=\"_self\" data-cp-link=\"1\" rel=\"noopener\" class=\"\">Syllabus del corso di Ironmaking and Steelmaking \u2013 Siderurgia<\/a>\r\n\r\n<a href=\"https:\/\/didattica.unipd.it\/off\/2019\/LM\/IN\/IN0523\/000ZZ\/INP6075498\/N0\" target=\"_self\" data-cp-link=\"1\" rel=\"noopener\" class=\"\">Syllabus del corso di Nanostructured Materials \u2013 Materiali nanostrutturati<\/a><\/p>\r\n\r\n<\/div>\r\n<div class=\"col-sm-6\" data-type=\"column\"><img decoding=\"async\" class=\"shadow-large\" src=\"https:\/\/academics.dii.unipd.it\/materialsengineering\/wp-content\/uploads\/sites\/48\/2021\/07\/cropped-alex.png\" title=\"cropped-alex.png\" alt=\"\" \/><\/div>\r\n<\/div>\r\n<\/div>\r\n<\/div>\r\n<div data-label=\"Content\" data-id=\"content--19\" data-export-id=\"content-7\" data-category=\"content\" class=\"content-7 content-section content-section-spacing\" id=\"content-19\" style=\"background-image: none;\" data-section-ov=\"1\">\r\n<div class=\"gridContainer\">\r\n<div class=\"row middle-sm\">\r\n<div class=\"col-sm-6 space-bottom-xs\" data-type=\"column\">\r\n<h2 class=\"\"><span style=\"color: #993300;\">Uno sguardo all\u2019attivit\u00e0 didattica, p.2<\/span><\/h2>\r\n<a class=\"button small color1 round outline\" href=\"https:\/\/youtu.be\/n32TE_kW81I\" target=\"_blank\" data-cp-link=\"1\" data-icon=\"fa-video-camera\" rel=\"noopener\"><span class=\"button-icon fa fa-video-camera\"><\/span><\/a>\r\n<p class=\"lead\">Un\u2019introduzione all\u2019insegnamento di \u2018Selezione e Progettazione dei Materiali (Materials Selection and Design)\u2019 [Prof. Enrico Bernardo]\r\n\r\n<a href=\"https:\/\/didattica.unipd.it\/off\/2019\/LM\/IN\/IN0523\/000ZZ\/INP6075497\/N0\" target=\"_self\" data-cp-link=\"1\" rel=\"noopener\" class=\"\">Syllabus del corso di Materials Selection and Design \u2013 Selezione e Progettazione dei Materiali<\/a><\/p>\r\n\r\n<\/div>\r\n<div class=\"col-sm-6\" data-type=\"column\"><img decoding=\"async\" class=\"shadow-large\" src=\"https:\/\/academics.dii.unipd.it\/materialsengineering\/wp-content\/uploads\/sites\/48\/2021\/07\/cropped-bernardo.png\" title=\"cropped-bernardo.png\" alt=\"\" \/><\/div>\r\n<\/div>\r\n<\/div>\r\n<\/div>\r\n<div data-label=\"Content\" data-id=\"content--20\" data-export-id=\"content-7\" data-category=\"content\" class=\"content-7 content-section content-section-spacing\" id=\"content-20\" style=\"background-image: none;\" data-section-ov=\"1\">\r\n<div class=\"gridContainer\">\r\n<div class=\"row middle-sm\">\r\n<div class=\"col-sm-6 space-bottom-xs\" data-type=\"column\">\r\n<h2 class=\"\"><span style=\"color: #993300;\">Cosa fa l\u2019Ingegnere dei Materiali<\/span><\/h2>\r\n<a class=\"button small color1 round outline\" href=\"https:\/\/youtu.be\/8fAxKmp6aR8\" target=\"_blank\" data-cp-link=\"1\" data-icon=\"fa-video-camera\" rel=\"noopener\"><span class=\"button-icon fa fa-video-camera\"><\/span><\/a>\r\n<p class=\"lead\">Testimonianze degli ex studenti<\/p>\r\n\r\n<\/div>\r\n<div class=\"col-sm-6\" data-type=\"column\"><img decoding=\"async\" class=\"shadow-large\" src=\"https:\/\/academics.dii.unipd.it\/materialsengineering\/wp-content\/uploads\/sites\/48\/2021\/07\/cropped-ingegneri-intro.png\" title=\"cropped-ingegneri-intro.png\" alt=\"\" \/><\/div>\r\n<\/div>\r\n<\/div>\r\n<\/div>","protected":false},"excerpt":{"rendered":"<p>Open Day 2021 L\u2019Open Day di presentazione dell\u2019offerta formativa 2021-22 \u00e8 costituito dalle video-presentazioni che seguono. Per rispondere a richieste di chiarimento da parte degli studenti interessati, i Docenti Referenti per l\u2019orientamento sono disponibili Venerd\u00ec 28 maggio 2021 ore 10.30 in collegamento telematico ZOOM (su prenotazione:\u00a0https:\/\/www.unipd.it\/open-day) Buona Visione! Presentazione del corso di Laurea Magistrale Click&hellip; <br \/> <a class=\"read-more\" href=\"https:\/\/academics.dii.unipd.it\/materialsengineering\/open-day-di-presentazione\/\">Read more<\/a><\/p>\n","protected":false},"author":11,"featured_media":1016,"parent":0,"menu_order":0,"comment_status":"closed","ping_status":"closed","template":"pro\/page-templates\/full-width-page.php","meta":{"footnotes":""},"folder":[],"class_list":["post-1059","page","type-page","status-publish","has-post-thumbnail","hentry"],"yoast_head":"<!-- This site is optimized with the Yoast SEO plugin v27.5 - https:\/\/yoast.com\/product\/yoast-seo-wordpress\/ -->\n<title>Open Day di presentazione - Materials Engineering - Padova University<\/title>\n<meta name=\"robots\" content=\"index, follow, max-snippet:-1, max-image-preview:large, max-video-preview:-1\" \/>\n<link rel=\"canonical\" href=\"https:\/\/academics.dii.unipd.it\/materialsengineering\/open-day-di-presentazione\/\" \/>\n<meta property=\"og:locale\" content=\"it_IT\" \/>\n<meta property=\"og:type\" content=\"article\" \/>\n<meta property=\"og:title\" content=\"Open Day di presentazione - Materials Engineering - Padova University\" \/>\n<meta property=\"og:description\" content=\"Open Day 2021 L\u2019Open Day di presentazione dell\u2019offerta formativa 2021-22 \u00e8 costituito dalle video-presentazioni che seguono. Per rispondere a richieste di chiarimento da parte degli studenti interessati, i Docenti Referenti per l\u2019orientamento sono disponibili Venerd\u00ec 28 maggio 2021 ore 10.30 in collegamento telematico ZOOM (su prenotazione:\u00a0https:\/\/www.unipd.it\/open-day) Buona Visione! Presentazione del corso di Laurea Magistrale Click&hellip; Read more\" \/>\n<meta property=\"og:url\" content=\"https:\/\/academics.dii.unipd.it\/materialsengineering\/open-day-di-presentazione\/\" \/>\n<meta property=\"og:site_name\" content=\"Materials Engineering - Padova University\" \/>\n<meta property=\"article:modified_time\" content=\"2021-11-11T10:15:22+00:00\" \/>\n<meta property=\"og:image\" content=\"https:\/\/academics.dii.unipd.it\/materialsengineering\/wp-content\/uploads\/sites\/48\/2021\/03\/14_Palazzo-Bo-1024x576-1.jpg\" \/>\n\t<meta property=\"og:image:width\" content=\"1024\" \/>\n\t<meta property=\"og:image:height\" content=\"576\" \/>\n\t<meta property=\"og:image:type\" content=\"image\/jpeg\" \/>\n<meta name=\"twitter:card\" content=\"summary_large_image\" \/>\n<meta name=\"twitter:label1\" content=\"Tempo di lettura stimato\" \/>\n\t<meta name=\"twitter:data1\" content=\"4 minuti\" \/>\n<script type=\"application\/ld+json\" class=\"yoast-schema-graph\">{\"@context\":\"https:\\\/\\\/schema.org\",\"@graph\":[{\"@type\":\"WebPage\",\"@id\":\"https:\\\/\\\/academics.dii.unipd.it\\\/materialsengineering\\\/open-day-di-presentazione\\\/\",\"url\":\"https:\\\/\\\/academics.dii.unipd.it\\\/materialsengineering\\\/open-day-di-presentazione\\\/\",\"name\":\"Open Day di presentazione - Materials Engineering - Padova University\",\"isPartOf\":{\"@id\":\"https:\\\/\\\/academics.dii.unipd.it\\\/materialsengineering\\\/#website\"},\"primaryImageOfPage\":{\"@id\":\"https:\\\/\\\/academics.dii.unipd.it\\\/materialsengineering\\\/open-day-di-presentazione\\\/#primaryimage\"},\"image\":{\"@id\":\"https:\\\/\\\/academics.dii.unipd.it\\\/materialsengineering\\\/open-day-di-presentazione\\\/#primaryimage\"},\"thumbnailUrl\":\"https:\\\/\\\/academics.dii.unipd.it\\\/materialsengineering\\\/wp-content\\\/uploads\\\/sites\\\/48\\\/2021\\\/03\\\/14_Palazzo-Bo-1024x576-1.jpg\",\"datePublished\":\"2021-03-29T14:00:16+00:00\",\"dateModified\":\"2021-11-11T10:15:22+00:00\",\"breadcrumb\":{\"@id\":\"https:\\\/\\\/academics.dii.unipd.it\\\/materialsengineering\\\/open-day-di-presentazione\\\/#breadcrumb\"},\"inLanguage\":\"it-IT\",\"potentialAction\":[{\"@type\":\"ReadAction\",\"target\":[\"https:\\\/\\\/academics.dii.unipd.it\\\/materialsengineering\\\/open-day-di-presentazione\\\/\"]}]},{\"@type\":\"ImageObject\",\"inLanguage\":\"it-IT\",\"@id\":\"https:\\\/\\\/academics.dii.unipd.it\\\/materialsengineering\\\/open-day-di-presentazione\\\/#primaryimage\",\"url\":\"https:\\\/\\\/academics.dii.unipd.it\\\/materialsengineering\\\/wp-content\\\/uploads\\\/sites\\\/48\\\/2021\\\/03\\\/14_Palazzo-Bo-1024x576-1.jpg\",\"contentUrl\":\"https:\\\/\\\/academics.dii.unipd.it\\\/materialsengineering\\\/wp-content\\\/uploads\\\/sites\\\/48\\\/2021\\\/03\\\/14_Palazzo-Bo-1024x576-1.jpg\",\"width\":1024,\"height\":576,\"caption\":\"Open Day di presentazione\"},{\"@type\":\"BreadcrumbList\",\"@id\":\"https:\\\/\\\/academics.dii.unipd.it\\\/materialsengineering\\\/open-day-di-presentazione\\\/#breadcrumb\",\"itemListElement\":[{\"@type\":\"ListItem\",\"position\":1,\"name\":\"Home\",\"item\":\"https:\\\/\\\/academics.dii.unipd.it\\\/materialsengineering\\\/\"},{\"@type\":\"ListItem\",\"position\":2,\"name\":\"Open Day di presentazione\"}]},{\"@type\":\"WebSite\",\"@id\":\"https:\\\/\\\/academics.dii.unipd.it\\\/materialsengineering\\\/#website\",\"url\":\"https:\\\/\\\/academics.dii.unipd.it\\\/materialsengineering\\\/\",\"name\":\"Materials Engineering - Padova University\",\"description\":\"\",\"publisher\":{\"@id\":\"https:\\\/\\\/academics.dii.unipd.it\\\/materialsengineering\\\/#organization\"},\"potentialAction\":[{\"@type\":\"SearchAction\",\"target\":{\"@type\":\"EntryPoint\",\"urlTemplate\":\"https:\\\/\\\/academics.dii.unipd.it\\\/materialsengineering\\\/?s={search_term_string}\"},\"query-input\":{\"@type\":\"PropertyValueSpecification\",\"valueRequired\":true,\"valueName\":\"search_term_string\"}}],\"inLanguage\":\"it-IT\"},{\"@type\":\"Organization\",\"@id\":\"https:\\\/\\\/academics.dii.unipd.it\\\/materialsengineering\\\/#organization\",\"name\":\"Dipartimento di Ingegneria Industriale Universit\u00e0 di Padova\",\"url\":\"https:\\\/\\\/academics.dii.unipd.it\\\/materialsengineering\\\/\",\"logo\":{\"@type\":\"ImageObject\",\"inLanguage\":\"it-IT\",\"@id\":\"https:\\\/\\\/academics.dii.unipd.it\\\/materialsengineering\\\/#\\\/schema\\\/logo\\\/image\\\/\",\"url\":\"https:\\\/\\\/academics.dii.unipd.it\\\/materialsengineering\\\/wp-content\\\/uploads\\\/sites\\\/48\\\/2021\\\/11\\\/logo-UniPD-DII-final.png\",\"contentUrl\":\"https:\\\/\\\/academics.dii.unipd.it\\\/materialsengineering\\\/wp-content\\\/uploads\\\/sites\\\/48\\\/2021\\\/11\\\/logo-UniPD-DII-final.png\",\"width\":521,\"height\":102,\"caption\":\"Dipartimento di Ingegneria Industriale Universit\u00e0 di Padova\"},\"image\":{\"@id\":\"https:\\\/\\\/academics.dii.unipd.it\\\/materialsengineering\\\/#\\\/schema\\\/logo\\\/image\\\/\"}}]}<\/script>\n<!-- \/ Yoast SEO plugin. -->","yoast_head_json":{"title":"Open Day di presentazione - Materials Engineering - Padova University","robots":{"index":"index","follow":"follow","max-snippet":"max-snippet:-1","max-image-preview":"max-image-preview:large","max-video-preview":"max-video-preview:-1"},"canonical":"https:\/\/academics.dii.unipd.it\/materialsengineering\/open-day-di-presentazione\/","og_locale":"it_IT","og_type":"article","og_title":"Open Day di presentazione - Materials Engineering - Padova University","og_description":"Open Day 2021 L\u2019Open Day di presentazione dell\u2019offerta formativa 2021-22 \u00e8 costituito dalle video-presentazioni che seguono. Per rispondere a richieste di chiarimento da parte degli studenti interessati, i Docenti Referenti per l\u2019orientamento sono disponibili Venerd\u00ec 28 maggio 2021 ore 10.30 in collegamento telematico ZOOM (su prenotazione:\u00a0https:\/\/www.unipd.it\/open-day) Buona Visione! Presentazione del corso di Laurea Magistrale Click&hellip; Read more","og_url":"https:\/\/academics.dii.unipd.it\/materialsengineering\/open-day-di-presentazione\/","og_site_name":"Materials Engineering - Padova University","article_modified_time":"2021-11-11T10:15:22+00:00","og_image":[{"width":1024,"height":576,"url":"https:\/\/academics.dii.unipd.it\/materialsengineering\/wp-content\/uploads\/sites\/48\/2021\/03\/14_Palazzo-Bo-1024x576-1.jpg","type":"image\/jpeg"}],"twitter_card":"summary_large_image","twitter_misc":{"Tempo di lettura stimato":"4 minuti"},"schema":{"@context":"https:\/\/schema.org","@graph":[{"@type":"WebPage","@id":"https:\/\/academics.dii.unipd.it\/materialsengineering\/open-day-di-presentazione\/","url":"https:\/\/academics.dii.unipd.it\/materialsengineering\/open-day-di-presentazione\/","name":"Open Day di presentazione - Materials Engineering - Padova University","isPartOf":{"@id":"https:\/\/academics.dii.unipd.it\/materialsengineering\/#website"},"primaryImageOfPage":{"@id":"https:\/\/academics.dii.unipd.it\/materialsengineering\/open-day-di-presentazione\/#primaryimage"},"image":{"@id":"https:\/\/academics.dii.unipd.it\/materialsengineering\/open-day-di-presentazione\/#primaryimage"},"thumbnailUrl":"https:\/\/academics.dii.unipd.it\/materialsengineering\/wp-content\/uploads\/sites\/48\/2021\/03\/14_Palazzo-Bo-1024x576-1.jpg","datePublished":"2021-03-29T14:00:16+00:00","dateModified":"2021-11-11T10:15:22+00:00","breadcrumb":{"@id":"https:\/\/academics.dii.unipd.it\/materialsengineering\/open-day-di-presentazione\/#breadcrumb"},"inLanguage":"it-IT","potentialAction":[{"@type":"ReadAction","target":["https:\/\/academics.dii.unipd.it\/materialsengineering\/open-day-di-presentazione\/"]}]},{"@type":"ImageObject","inLanguage":"it-IT","@id":"https:\/\/academics.dii.unipd.it\/materialsengineering\/open-day-di-presentazione\/#primaryimage","url":"https:\/\/academics.dii.unipd.it\/materialsengineering\/wp-content\/uploads\/sites\/48\/2021\/03\/14_Palazzo-Bo-1024x576-1.jpg","contentUrl":"https:\/\/academics.dii.unipd.it\/materialsengineering\/wp-content\/uploads\/sites\/48\/2021\/03\/14_Palazzo-Bo-1024x576-1.jpg","width":1024,"height":576,"caption":"Open Day di presentazione"},{"@type":"BreadcrumbList","@id":"https:\/\/academics.dii.unipd.it\/materialsengineering\/open-day-di-presentazione\/#breadcrumb","itemListElement":[{"@type":"ListItem","position":1,"name":"Home","item":"https:\/\/academics.dii.unipd.it\/materialsengineering\/"},{"@type":"ListItem","position":2,"name":"Open Day di presentazione"}]},{"@type":"WebSite","@id":"https:\/\/academics.dii.unipd.it\/materialsengineering\/#website","url":"https:\/\/academics.dii.unipd.it\/materialsengineering\/","name":"Materials Engineering - Padova University","description":"","publisher":{"@id":"https:\/\/academics.dii.unipd.it\/materialsengineering\/#organization"},"potentialAction":[{"@type":"SearchAction","target":{"@type":"EntryPoint","urlTemplate":"https:\/\/academics.dii.unipd.it\/materialsengineering\/?s={search_term_string}"},"query-input":{"@type":"PropertyValueSpecification","valueRequired":true,"valueName":"search_term_string"}}],"inLanguage":"it-IT"},{"@type":"Organization","@id":"https:\/\/academics.dii.unipd.it\/materialsengineering\/#organization","name":"Dipartimento di Ingegneria Industriale Universit\u00e0 di Padova","url":"https:\/\/academics.dii.unipd.it\/materialsengineering\/","logo":{"@type":"ImageObject","inLanguage":"it-IT","@id":"https:\/\/academics.dii.unipd.it\/materialsengineering\/#\/schema\/logo\/image\/","url":"https:\/\/academics.dii.unipd.it\/materialsengineering\/wp-content\/uploads\/sites\/48\/2021\/11\/logo-UniPD-DII-final.png","contentUrl":"https:\/\/academics.dii.unipd.it\/materialsengineering\/wp-content\/uploads\/sites\/48\/2021\/11\/logo-UniPD-DII-final.png","width":521,"height":102,"caption":"Dipartimento di Ingegneria Industriale Universit\u00e0 di Padova"},"image":{"@id":"https:\/\/academics.dii.unipd.it\/materialsengineering\/#\/schema\/logo\/image\/"}}]}},"_links":{"self":[{"href":"https:\/\/academics.dii.unipd.it\/materialsengineering\/wp-json\/wp\/v2\/pages\/1059","targetHints":{"allow":["GET"]}}],"collection":[{"href":"https:\/\/academics.dii.unipd.it\/materialsengineering\/wp-json\/wp\/v2\/pages"}],"about":[{"href":"https:\/\/academics.dii.unipd.it\/materialsengineering\/wp-json\/wp\/v2\/types\/page"}],"author":[{"embeddable":true,"href":"https:\/\/academics.dii.unipd.it\/materialsengineering\/wp-json\/wp\/v2\/users\/11"}],"replies":[{"embeddable":true,"href":"https:\/\/academics.dii.unipd.it\/materialsengineering\/wp-json\/wp\/v2\/comments?post=1059"}],"version-history":[{"count":108,"href":"https:\/\/academics.dii.unipd.it\/materialsengineering\/wp-json\/wp\/v2\/pages\/1059\/revisions"}],"predecessor-version":[{"id":2610,"href":"https:\/\/academics.dii.unipd.it\/materialsengineering\/wp-json\/wp\/v2\/pages\/1059\/revisions\/2610"}],"wp:featuredmedia":[{"embeddable":true,"href":"https:\/\/academics.dii.unipd.it\/materialsengineering\/wp-json\/wp\/v2\/media\/1016"}],"wp:attachment":[{"href":"https:\/\/academics.dii.unipd.it\/materialsengineering\/wp-json\/wp\/v2\/media?parent=1059"}],"wp:term":[{"taxonomy":"folder","embeddable":true,"href":"https:\/\/academics.dii.unipd.it\/materialsengineering\/wp-json\/wp\/v2\/folder?post=1059"}],"curies":[{"name":"wp","href":"https:\/\/api.w.org\/{rel}","templated":true}]}}