{"id":78,"date":"2016-04-07T11:12:16","date_gmt":"2016-04-07T09:12:16","guid":{"rendered":"http:\/\/newim.dii.unipd.it\/?page_id=78"},"modified":"2021-11-11T11:39:28","modified_gmt":"2021-11-11T10:39:28","slug":"testimonianze","status":"publish","type":"page","link":"https:\/\/academics.dii.unipd.it\/materialsengineering\/testimonianze\/","title":{"rendered":"Testimonianze"},"content":{"rendered":"<div data-label=\"Content\" data-id=\"content--1\" data-export-id=\"content-15\" data-category=\"content\" class=\"content-15 content-section content-section-spacing content-relative\" id=\"content-1\">\r\n<div class=\"gridContainer\">\r\n<div class=\"row middle-sm\">\r\n<div class=\"col-sm-6 flexbox around-xs top-xs space-bottom-xs space-top-xs\">\r\n<div class=\"overlay-box flexbox middle-xs center-xs overlay-holder\">\r\n<div class=\"overlay-box-offset shadow-medium border-color2 hide-xs offset-background\"><\/div>\r\n<img decoding=\"async\" loading=\"lazy\" class=\"flexbox shadow-large img1\" data-size=\"500x500\" src=\"https:\/\/academics.dii.unipd.it\/materialsengineering\/wp-content\/uploads\/sites\/48\/2021\/07\/cropped-cropped-test7.png\" title=\"cropped-cropped-test7.png\" alt=\"\" \/>\r\n\r\n<\/div>\r\n<\/div>\r\n<div class=\"col-sm-6\" data-type=\"column\">\r\n<h2 class=\"\">Irene Don\u00e0<\/h2>\r\n<p class=\"lead\">Ingegnere \u2013 FIAMM<\/p>\r\n<p class=\"\" style=\"text-align: justify;\">Ho scelto Ingegneria dei Materiali perch\u00e9 \u00e8 un ambito di studi recente, stimolante, su cui punteranno sempre pi\u00f9 la ricerca e l\u2019innovazione. Il mio sogno \u00e8 sempre stato migliorare e sviluppare i materiali nell\u2019ambito della sostenibilit\u00e0 ambientale. Oggi lavoro alla Fiamm, una grande azienda che produce batterie, avvisatori acustici ed antenne; in particolare partecipo allo sviluppo delle nuove batterie ecologiche \u201cal sale\u201d, per auto e bus elettrici ed accumulo energetico da fonti rinnovabili<\/p>\r\n\r\n<\/div>\r\n<\/div>\r\n<\/div>\r\n<\/div>\r\n<div data-label=\"Content\" data-id=\"content--2\" data-export-id=\"content-15\" data-category=\"content\" class=\"content-15 content-section content-section-spacing\" id=\"content-2\" style=\"background-image: none;\" data-section-ov=\"1\">\r\n<div class=\"gridContainer\">\r\n<div class=\"row middle-sm\">\r\n<div class=\"col-sm-6 flexbox around-xs top-xs space-bottom-xs space-top-xs\">\r\n<div class=\"overlay-box flexbox middle-xs center-xs overlay-holder\">\r\n<div class=\"overlay-box-offset shadow-medium border-color2 hide-xs offset-background\"><\/div>\r\n<a data-cp-link=\"1\" href=\"#\" target=\"_self\" rel=\"noopener\"><img decoding=\"async\" loading=\"lazy\" class=\"flexbox shadow-large img1\" data-size=\"500x500\" src=\"https:\/\/academics.dii.unipd.it\/materialsengineering\/wp-content\/uploads\/sites\/48\/2021\/07\/cropped-cropped-test11.png\" title=\"Ilaria Roveda\" alt=\"\" \/><\/a>\r\n\r\n<\/div>\r\n<\/div>\r\n<div class=\"col-sm-6\" data-type=\"column\">\r\n<h2 class=\"\">Giulia Franceschini<\/h2>\r\n<p class=\"lead\">PhD Student \u2013 Universit\u00e0 Denis Diderot, Parigi (Francia)<\/p>\r\n<p class=\"\" style=\"text-align: justify;\">L\u2019ingegneria ci ha permesso di avere l\u2019elettricit\u00e0, di viaggiare via aria e via mare, di andare pi\u00f9 veloci e pi\u00f9 lontano, e ancora di immaginare le citt\u00e0 del futuro affrontando le sfide che ci attendono: rispetto dell\u2019ambiente, inquinamento, gestione dei rifiuti. L\u2019esperienza, l\u2019ingegno, la responsabilit\u00e0 e l\u2019inventiva sono le competenze che vengono richieste e quindi stimolate da questa disciplina. Ho scelto di seguire il percorso di Ingegneria dei Materiali perch\u00e8 mi avrebbe permesso di approfondire una conoscenza globale relativa a tutto ci\u00f2 che ci circonda, cio\u00e8 della materia; questa conoscenza mi ha permesso poi di sviluppare un punto di vista critico sulle tecniche finora utilizzate nel settore industriale. Dopo la Laurea Magistrale, ho cominciato un dottorato in collaborazione con un partner industriale presso l\u2019Universit\u00e0 Denis Diderot di Parigi, che mira alla creazione di un prototipo per il settore automobilistico.<\/p>\r\n\r\n<\/div>\r\n<\/div>\r\n<\/div>\r\n<\/div>\r\n<div data-label=\"Content\" data-id=\"content--3\" data-export-id=\"content-15\" data-category=\"content\" class=\"content-15 content-section content-section-spacing\" id=\"content-3\" style=\"background-image: none;\">\r\n<div class=\"gridContainer\">\r\n<div class=\"row middle-sm\">\r\n<div class=\"col-sm-6 flexbox around-xs top-xs space-bottom-xs space-top-xs\">\r\n<div class=\"overlay-box flexbox middle-xs center-xs overlay-holder\">\r\n<div class=\"overlay-box-offset shadow-medium border-color2 hide-xs offset-background\"><\/div>\r\n<img decoding=\"async\" loading=\"lazy\" class=\"flexbox shadow-large img1\" data-size=\"500x500\" src=\"https:\/\/academics.dii.unipd.it\/materialsengineering\/wp-content\/uploads\/sites\/48\/2021\/07\/cropped-test12.png\" title=\"cropped-test12.png\" alt=\"\" \/>\r\n\r\n<\/div>\r\n<\/div>\r\n<div class=\"col-sm-6\" data-type=\"column\">\r\n<h2 class=\"\">Andrea Berto<\/h2>\r\n<p class=\"lead\">Implementation Consultant \u2013 Granta Design (Cambridge, U.K.)<\/p>\r\n<p class=\"\" style=\"text-align: justify;\">Ho scelto Ingegneria dei Materiali perch\u00e9 tocca un ampio range di discipline ed offre quindi molteplici sbocchi professionali. Lavoro come Implementation Consultant presso Granta Design LTD, azienda leader nel settore materials data management. La conoscenza dei materiali, delle loro propriet\u00e0, e dei processi di trasformazione \u00e8 fondamentale perch\u00e9 mi consente di dialogare \u2018alla pari\u2019 con i nostri clienti e di capire le loro esigenze in termini di gestione dei dati sui materiali.<\/p>\r\n\r\n<\/div>\r\n<\/div>\r\n<\/div>\r\n<\/div>\r\n<div data-label=\"Content\" data-id=\"content--4\" data-export-id=\"content-15\" data-category=\"content\" class=\"content-15 content-section content-section-spacing\" id=\"content-4\" style=\"background-image: none;\" data-section-ov=\"1\">\r\n<div class=\"gridContainer\">\r\n<div class=\"row middle-sm\">\r\n<div class=\"col-sm-6 flexbox around-xs top-xs space-bottom-xs space-top-xs\">\r\n<div class=\"overlay-box flexbox middle-xs center-xs overlay-holder\">\r\n<div class=\"overlay-box-offset shadow-medium border-color2 hide-xs offset-background\"><\/div>\r\n<img decoding=\"async\" loading=\"lazy\" class=\"flexbox shadow-large img1\" data-size=\"500x500\" src=\"https:\/\/academics.dii.unipd.it\/materialsengineering\/wp-content\/uploads\/sites\/48\/2021\/07\/cropped-cropped-test8.png\" title=\"cropped-cropped-test8.png\" alt=\"\" \/>\r\n\r\n<\/div>\r\n<\/div>\r\n<div class=\"col-sm-6\" data-type=\"column\">\r\n<h2 class=\"\">Francesca Bisaglia<\/h2>\r\n<p class=\"lead\">Ingegnere \u2013 RTM Breda<\/p>\r\n<p class=\"\" style=\"text-align: justify;\">Ingegneria dei Materiali offre una preparazione che permette di spaziare su svariati campi produttivi, a partire dal costituente base di ciascun componente: il materiale (plastico, metallico o ceramico) e le sue caratteristiche. Dopo la laurea mi sono specializzata nel settore metallurgico, tramite corsi di formazione mirati ed esperienze lavorative in tal campo. Attualmente lavoro in RTM Breda Srl, centro di ricerca e prova per materiali metallici strutturali.<\/p>\r\n\r\n<\/div>\r\n<\/div>\r\n<\/div>\r\n<\/div>\r\n<div data-label=\"Content\" data-id=\"content--5\" data-export-id=\"content-15\" data-category=\"content\" class=\"content-15 content-section content-section-spacing\" id=\"content-5\" style=\"background-image: none;\" data-section-ov=\"1\">\r\n<div class=\"gridContainer\">\r\n<div class=\"row middle-sm\">\r\n<div class=\"col-sm-6 flexbox around-xs top-xs space-bottom-xs space-top-xs\">\r\n<div class=\"overlay-box flexbox middle-xs center-xs overlay-holder\">\r\n<div class=\"overlay-box-offset shadow-medium border-color2 hide-xs offset-background\"><\/div>\r\n<a data-cp-link=\"1\" href=\"#\" target=\"_self\" rel=\"noopener\"><img decoding=\"async\" loading=\"lazy\" class=\"flexbox shadow-large img1\" data-size=\"500x500\" src=\"https:\/\/academics.dii.unipd.it\/materialsengineering\/wp-content\/uploads\/sites\/48\/2021\/07\/cropped-cropped-test10.png\" title=\"cropped-Costantino-Guzzardi.jpeg\" alt=\"\" \/><\/a>\r\n\r\n<\/div>\r\n<\/div>\r\n<div class=\"col-sm-6\" data-type=\"column\">\r\n<h2 class=\"\">Riccardo Antico<\/h2>\r\n<p class=\"lead\">Ingegnere \u2013 FDB<\/p>\r\n<p class=\"\" style=\"text-align: justify;\">Ho scelto ingegneria dei materiali perch\u00e9 ero alla ricerca di un corso di laurea nuovo, stimolante e con possibilit\u00e0 di applicazione pratiche e concrete. Dopo un\u2019esperienza di lavoro presso un laminatoio inglese ho iniziato a lavorare presso FDB \u2013 Forgia Di Bollate, azienda produttrice di anelli laminati in acciaio e forgiati in acciaio fino a 14 ton e 8.000 mm di diametro. La mia formazione universitaria \u00e8 adeguata al tipo di lavoro svolto, non solo per l\u2019apprendimento di conoscenze tecniche, ma anche per lo sviluppo di una appropriata forma mentis.<\/p>\r\n\r\n<\/div>\r\n<\/div>\r\n<\/div>\r\n<\/div>\r\n<div data-label=\"Content\" data-id=\"content--6\" data-export-id=\"content-18\" data-category=\"content\" class=\"content-18 content-section content-section-spacing\" id=\"content-6\" style=\"background-image: none;\" data-section-ov=\"1\">\r\n<div class=\"gridContainer\">\r\n<div class=\"row middle-sm\">\r\n<div class=\"col-sm-6 flexbox around-xs top-xs space-bottom-xs space-top-xs\">\r\n<div class=\"overlay-box flexbox middle-xs center-xs overlay-holder\">\r\n<div class=\"overlay-box-offset offset-background shadow-medium bg-color2 hide-xs\"><\/div>\r\n<img decoding=\"async\" loading=\"lazy\" class=\"flexbox shadow-large img1\" data-size=\"500x500\" src=\"https:\/\/academics.dii.unipd.it\/materialsengineering\/wp-content\/uploads\/sites\/48\/2021\/07\/cropped-test9.png\" title=\"cropped-test9.png\" alt=\"\" \/>\r\n\r\n<\/div>\r\n<\/div>\r\n<div class=\"col-sm-6\" data-type=\"column\">\r\n<h2 class=\"\">Francesco Zangrossi<\/h2>\r\n<h4 class=\"\"><span style=\"font-family: Roboto, arial, helvetica, sans-serif; font-weight: 300;\">Ingegnere \u2013 Saipem eni<\/span><\/h4>\r\n<p class=\"\" style=\"text-align: justify;\">Ho scelto Ingegneria dei Materiali per poter comprendere la natura, le caratteristiche e gli utilizzi di tutte le classi dei materiali esistenti. Ora lavoro per la Saipem s.p.a., del gruppo Eni; sono un tecnico\/operativo che si occupa di NDT e settaggi di sistemi automatici a ultrasuoni per il controllo di saldature di tubi di linee petrolifere o gasdotti sui mezzi navali.<\/p>\r\n\r\n<\/div>\r\n<\/div>\r\n<\/div>\r\n<\/div>","protected":false},"excerpt":{"rendered":"<p>Irene Don\u00e0 Ingegnere \u2013 FIAMM Ho scelto Ingegneria dei Materiali perch\u00e9 \u00e8 un ambito di studi recente, stimolante, su cui punteranno sempre pi\u00f9 la ricerca e l\u2019innovazione. Il mio sogno \u00e8 sempre stato migliorare e sviluppare i materiali nell\u2019ambito della sostenibilit\u00e0 ambientale. Oggi lavoro alla Fiamm, una grande azienda che produce batterie, avvisatori acustici ed&hellip; <br \/> <a class=\"read-more\" href=\"https:\/\/academics.dii.unipd.it\/materialsengineering\/testimonianze\/\">Read more<\/a><\/p>\n","protected":false},"author":1,"featured_media":2065,"parent":0,"menu_order":0,"comment_status":"closed","ping_status":"closed","template":"","meta":{"footnotes":""},"folder":[],"class_list":["post-78","page","type-page","status-publish","has-post-thumbnail","hentry"],"yoast_head":"<!-- This site is optimized with the Yoast SEO plugin v27.4 - https:\/\/yoast.com\/product\/yoast-seo-wordpress\/ -->\n<title>Testimonianze - Materials Engineering - Padova University<\/title>\n<meta name=\"robots\" content=\"index, follow, max-snippet:-1, max-image-preview:large, max-video-preview:-1\" \/>\n<link rel=\"canonical\" href=\"https:\/\/academics.dii.unipd.it\/materialsengineering\/testimonianze\/\" \/>\n<meta property=\"og:locale\" content=\"it_IT\" \/>\n<meta property=\"og:type\" content=\"article\" \/>\n<meta property=\"og:title\" content=\"Testimonianze - Materials Engineering - Padova University\" \/>\n<meta property=\"og:description\" content=\"Irene Don\u00e0 Ingegnere \u2013 FIAMM Ho scelto Ingegneria dei Materiali perch\u00e9 \u00e8 un ambito di studi recente, stimolante, su cui punteranno sempre pi\u00f9 la ricerca e l\u2019innovazione. Il mio sogno \u00e8 sempre stato migliorare e sviluppare i materiali nell\u2019ambito della sostenibilit\u00e0 ambientale. Oggi lavoro alla Fiamm, una grande azienda che produce batterie, avvisatori acustici ed&hellip; Read more\" \/>\n<meta property=\"og:url\" content=\"https:\/\/academics.dii.unipd.it\/materialsengineering\/testimonianze\/\" \/>\n<meta property=\"og:site_name\" content=\"Materials Engineering - Padova University\" \/>\n<meta property=\"article:modified_time\" content=\"2021-11-11T10:39:28+00:00\" \/>\n<meta property=\"og:image\" content=\"https:\/\/academics.dii.unipd.it\/materialsengineering\/wp-content\/uploads\/sites\/48\/2021\/07\/cropped-cropped-banner-witness-png3.png\" \/>\n\t<meta property=\"og:image:width\" content=\"883\" \/>\n\t<meta property=\"og:image:height\" content=\"368\" \/>\n\t<meta property=\"og:image:type\" content=\"image\/png\" \/>\n<meta name=\"twitter:card\" content=\"summary_large_image\" \/>\n<meta name=\"twitter:label1\" content=\"Tempo di lettura stimato\" \/>\n\t<meta name=\"twitter:data1\" content=\"8 minuti\" \/>\n<script type=\"application\/ld+json\" class=\"yoast-schema-graph\">{\"@context\":\"https:\\\/\\\/schema.org\",\"@graph\":[{\"@type\":\"WebPage\",\"@id\":\"https:\\\/\\\/academics.dii.unipd.it\\\/materialsengineering\\\/testimonianze\\\/\",\"url\":\"https:\\\/\\\/academics.dii.unipd.it\\\/materialsengineering\\\/testimonianze\\\/\",\"name\":\"Testimonianze - Materials Engineering - Padova University\",\"isPartOf\":{\"@id\":\"https:\\\/\\\/academics.dii.unipd.it\\\/materialsengineering\\\/#website\"},\"primaryImageOfPage\":{\"@id\":\"https:\\\/\\\/academics.dii.unipd.it\\\/materialsengineering\\\/testimonianze\\\/#primaryimage\"},\"image\":{\"@id\":\"https:\\\/\\\/academics.dii.unipd.it\\\/materialsengineering\\\/testimonianze\\\/#primaryimage\"},\"thumbnailUrl\":\"https:\\\/\\\/academics.dii.unipd.it\\\/materialsengineering\\\/wp-content\\\/uploads\\\/sites\\\/48\\\/2021\\\/07\\\/cropped-cropped-banner-witness-png3.png\",\"datePublished\":\"2016-04-07T09:12:16+00:00\",\"dateModified\":\"2021-11-11T10:39:28+00:00\",\"breadcrumb\":{\"@id\":\"https:\\\/\\\/academics.dii.unipd.it\\\/materialsengineering\\\/testimonianze\\\/#breadcrumb\"},\"inLanguage\":\"it-IT\",\"potentialAction\":[{\"@type\":\"ReadAction\",\"target\":[\"https:\\\/\\\/academics.dii.unipd.it\\\/materialsengineering\\\/testimonianze\\\/\"]}]},{\"@type\":\"ImageObject\",\"inLanguage\":\"it-IT\",\"@id\":\"https:\\\/\\\/academics.dii.unipd.it\\\/materialsengineering\\\/testimonianze\\\/#primaryimage\",\"url\":\"https:\\\/\\\/academics.dii.unipd.it\\\/materialsengineering\\\/wp-content\\\/uploads\\\/sites\\\/48\\\/2021\\\/07\\\/cropped-cropped-banner-witness-png3.png\",\"contentUrl\":\"https:\\\/\\\/academics.dii.unipd.it\\\/materialsengineering\\\/wp-content\\\/uploads\\\/sites\\\/48\\\/2021\\\/07\\\/cropped-cropped-banner-witness-png3.png\",\"width\":883,\"height\":368,\"caption\":\"Testimonianze\"},{\"@type\":\"BreadcrumbList\",\"@id\":\"https:\\\/\\\/academics.dii.unipd.it\\\/materialsengineering\\\/testimonianze\\\/#breadcrumb\",\"itemListElement\":[{\"@type\":\"ListItem\",\"position\":1,\"name\":\"Home\",\"item\":\"https:\\\/\\\/academics.dii.unipd.it\\\/materialsengineering\\\/\"},{\"@type\":\"ListItem\",\"position\":2,\"name\":\"Testimonianze\"}]},{\"@type\":\"WebSite\",\"@id\":\"https:\\\/\\\/academics.dii.unipd.it\\\/materialsengineering\\\/#website\",\"url\":\"https:\\\/\\\/academics.dii.unipd.it\\\/materialsengineering\\\/\",\"name\":\"Materials Engineering - Padova University\",\"description\":\"\",\"publisher\":{\"@id\":\"https:\\\/\\\/academics.dii.unipd.it\\\/materialsengineering\\\/#organization\"},\"potentialAction\":[{\"@type\":\"SearchAction\",\"target\":{\"@type\":\"EntryPoint\",\"urlTemplate\":\"https:\\\/\\\/academics.dii.unipd.it\\\/materialsengineering\\\/?s={search_term_string}\"},\"query-input\":{\"@type\":\"PropertyValueSpecification\",\"valueRequired\":true,\"valueName\":\"search_term_string\"}}],\"inLanguage\":\"it-IT\"},{\"@type\":\"Organization\",\"@id\":\"https:\\\/\\\/academics.dii.unipd.it\\\/materialsengineering\\\/#organization\",\"name\":\"Dipartimento di Ingegneria Industriale Universit\u00e0 di Padova\",\"url\":\"https:\\\/\\\/academics.dii.unipd.it\\\/materialsengineering\\\/\",\"logo\":{\"@type\":\"ImageObject\",\"inLanguage\":\"it-IT\",\"@id\":\"https:\\\/\\\/academics.dii.unipd.it\\\/materialsengineering\\\/#\\\/schema\\\/logo\\\/image\\\/\",\"url\":\"https:\\\/\\\/academics.dii.unipd.it\\\/materialsengineering\\\/wp-content\\\/uploads\\\/sites\\\/48\\\/2021\\\/11\\\/logo-UniPD-DII-final.png\",\"contentUrl\":\"https:\\\/\\\/academics.dii.unipd.it\\\/materialsengineering\\\/wp-content\\\/uploads\\\/sites\\\/48\\\/2021\\\/11\\\/logo-UniPD-DII-final.png\",\"width\":521,\"height\":102,\"caption\":\"Dipartimento di Ingegneria Industriale Universit\u00e0 di Padova\"},\"image\":{\"@id\":\"https:\\\/\\\/academics.dii.unipd.it\\\/materialsengineering\\\/#\\\/schema\\\/logo\\\/image\\\/\"}}]}<\/script>\n<!-- \/ Yoast SEO plugin. -->","yoast_head_json":{"title":"Testimonianze - Materials Engineering - Padova University","robots":{"index":"index","follow":"follow","max-snippet":"max-snippet:-1","max-image-preview":"max-image-preview:large","max-video-preview":"max-video-preview:-1"},"canonical":"https:\/\/academics.dii.unipd.it\/materialsengineering\/testimonianze\/","og_locale":"it_IT","og_type":"article","og_title":"Testimonianze - Materials Engineering - Padova University","og_description":"Irene Don\u00e0 Ingegnere \u2013 FIAMM Ho scelto Ingegneria dei Materiali perch\u00e9 \u00e8 un ambito di studi recente, stimolante, su cui punteranno sempre pi\u00f9 la ricerca e l\u2019innovazione. Il mio sogno \u00e8 sempre stato migliorare e sviluppare i materiali nell\u2019ambito della sostenibilit\u00e0 ambientale. Oggi lavoro alla Fiamm, una grande azienda che produce batterie, avvisatori acustici ed&hellip; Read more","og_url":"https:\/\/academics.dii.unipd.it\/materialsengineering\/testimonianze\/","og_site_name":"Materials Engineering - Padova University","article_modified_time":"2021-11-11T10:39:28+00:00","og_image":[{"width":883,"height":368,"url":"https:\/\/academics.dii.unipd.it\/materialsengineering\/wp-content\/uploads\/sites\/48\/2021\/07\/cropped-cropped-banner-witness-png3.png","type":"image\/png"}],"twitter_card":"summary_large_image","twitter_misc":{"Tempo di lettura stimato":"8 minuti"},"schema":{"@context":"https:\/\/schema.org","@graph":[{"@type":"WebPage","@id":"https:\/\/academics.dii.unipd.it\/materialsengineering\/testimonianze\/","url":"https:\/\/academics.dii.unipd.it\/materialsengineering\/testimonianze\/","name":"Testimonianze - Materials Engineering - Padova University","isPartOf":{"@id":"https:\/\/academics.dii.unipd.it\/materialsengineering\/#website"},"primaryImageOfPage":{"@id":"https:\/\/academics.dii.unipd.it\/materialsengineering\/testimonianze\/#primaryimage"},"image":{"@id":"https:\/\/academics.dii.unipd.it\/materialsengineering\/testimonianze\/#primaryimage"},"thumbnailUrl":"https:\/\/academics.dii.unipd.it\/materialsengineering\/wp-content\/uploads\/sites\/48\/2021\/07\/cropped-cropped-banner-witness-png3.png","datePublished":"2016-04-07T09:12:16+00:00","dateModified":"2021-11-11T10:39:28+00:00","breadcrumb":{"@id":"https:\/\/academics.dii.unipd.it\/materialsengineering\/testimonianze\/#breadcrumb"},"inLanguage":"it-IT","potentialAction":[{"@type":"ReadAction","target":["https:\/\/academics.dii.unipd.it\/materialsengineering\/testimonianze\/"]}]},{"@type":"ImageObject","inLanguage":"it-IT","@id":"https:\/\/academics.dii.unipd.it\/materialsengineering\/testimonianze\/#primaryimage","url":"https:\/\/academics.dii.unipd.it\/materialsengineering\/wp-content\/uploads\/sites\/48\/2021\/07\/cropped-cropped-banner-witness-png3.png","contentUrl":"https:\/\/academics.dii.unipd.it\/materialsengineering\/wp-content\/uploads\/sites\/48\/2021\/07\/cropped-cropped-banner-witness-png3.png","width":883,"height":368,"caption":"Testimonianze"},{"@type":"BreadcrumbList","@id":"https:\/\/academics.dii.unipd.it\/materialsengineering\/testimonianze\/#breadcrumb","itemListElement":[{"@type":"ListItem","position":1,"name":"Home","item":"https:\/\/academics.dii.unipd.it\/materialsengineering\/"},{"@type":"ListItem","position":2,"name":"Testimonianze"}]},{"@type":"WebSite","@id":"https:\/\/academics.dii.unipd.it\/materialsengineering\/#website","url":"https:\/\/academics.dii.unipd.it\/materialsengineering\/","name":"Materials Engineering - Padova University","description":"","publisher":{"@id":"https:\/\/academics.dii.unipd.it\/materialsengineering\/#organization"},"potentialAction":[{"@type":"SearchAction","target":{"@type":"EntryPoint","urlTemplate":"https:\/\/academics.dii.unipd.it\/materialsengineering\/?s={search_term_string}"},"query-input":{"@type":"PropertyValueSpecification","valueRequired":true,"valueName":"search_term_string"}}],"inLanguage":"it-IT"},{"@type":"Organization","@id":"https:\/\/academics.dii.unipd.it\/materialsengineering\/#organization","name":"Dipartimento di Ingegneria Industriale Universit\u00e0 di Padova","url":"https:\/\/academics.dii.unipd.it\/materialsengineering\/","logo":{"@type":"ImageObject","inLanguage":"it-IT","@id":"https:\/\/academics.dii.unipd.it\/materialsengineering\/#\/schema\/logo\/image\/","url":"https:\/\/academics.dii.unipd.it\/materialsengineering\/wp-content\/uploads\/sites\/48\/2021\/11\/logo-UniPD-DII-final.png","contentUrl":"https:\/\/academics.dii.unipd.it\/materialsengineering\/wp-content\/uploads\/sites\/48\/2021\/11\/logo-UniPD-DII-final.png","width":521,"height":102,"caption":"Dipartimento di Ingegneria Industriale Universit\u00e0 di Padova"},"image":{"@id":"https:\/\/academics.dii.unipd.it\/materialsengineering\/#\/schema\/logo\/image\/"}}]}},"_links":{"self":[{"href":"https:\/\/academics.dii.unipd.it\/materialsengineering\/wp-json\/wp\/v2\/pages\/78","targetHints":{"allow":["GET"]}}],"collection":[{"href":"https:\/\/academics.dii.unipd.it\/materialsengineering\/wp-json\/wp\/v2\/pages"}],"about":[{"href":"https:\/\/academics.dii.unipd.it\/materialsengineering\/wp-json\/wp\/v2\/types\/page"}],"author":[{"embeddable":true,"href":"https:\/\/academics.dii.unipd.it\/materialsengineering\/wp-json\/wp\/v2\/users\/1"}],"replies":[{"embeddable":true,"href":"https:\/\/academics.dii.unipd.it\/materialsengineering\/wp-json\/wp\/v2\/comments?post=78"}],"version-history":[{"count":30,"href":"https:\/\/academics.dii.unipd.it\/materialsengineering\/wp-json\/wp\/v2\/pages\/78\/revisions"}],"predecessor-version":[{"id":2612,"href":"https:\/\/academics.dii.unipd.it\/materialsengineering\/wp-json\/wp\/v2\/pages\/78\/revisions\/2612"}],"wp:featuredmedia":[{"embeddable":true,"href":"https:\/\/academics.dii.unipd.it\/materialsengineering\/wp-json\/wp\/v2\/media\/2065"}],"wp:attachment":[{"href":"https:\/\/academics.dii.unipd.it\/materialsengineering\/wp-json\/wp\/v2\/media?parent=78"}],"wp:term":[{"taxonomy":"folder","embeddable":true,"href":"https:\/\/academics.dii.unipd.it\/materialsengineering\/wp-json\/wp\/v2\/folder?post=78"}],"curies":[{"name":"wp","href":"https:\/\/api.w.org\/{rel}","templated":true}]}}