{"id":17,"date":"2015-12-09T12:17:26","date_gmt":"2015-12-09T11:17:26","guid":{"rendered":"http:\/\/newim.dii.unipd.it\/homepage\/"},"modified":"2023-05-10T12:34:39","modified_gmt":"2023-05-10T10:34:39","slug":"homepage","status":"publish","type":"page","link":"https:\/\/academics.dii.unipd.it\/meccanica\/","title":{"rendered":"Homepage"},"content":{"rendered":"<div  data-label=\"Features\" data-id=\"features--1\" data-export-id=\"features-16-card-bordered-colored\" data-category=\"features\" class=\"features-16-card-bordered-colored content-section content-section-spacing\" id=\"features-1\">\n<div  class=\"gridContainer\">\n<div  class=\"row text-center\">\n<div  class=\"section-title-col\" data-type=\"column\"><\/div>\n<\/div>\n<div  class=\"row spaced-cols\" data-type=\"row\">\n<div  class=\"col-xs-12 col-sm-6 col-md-4\">\n<div  class=\"card no-padding bottom-border-color1\">\n\n<img decoding=\"async\"  class=\"face\" src=\"https:\/\/academics.dii.unipd.it\/meccanica\/wp-content\/uploads\/sites\/25\/2021\/03\/cropped-aula_uni-scaled-1.jpg\" title=\"cropped-aula_uni-scaled-1.jpg\" alt=\"\">\n<div  data-type=\"column\" class=\"col-padding-small col-padding-small-xs description-container\">\n<h4  class=\"font-500 color1\"><span  style=\"font-weight: bold;\">Corso di Laurea<\/span><\/h4>\n<p  class=\"\" style=\"text-align: justify;\">Il corso prevede due curricula: Industriale e Formativo. \n<br >Il curriculum Industriale \u00e8 organizzato in modo da formare una figura professionale adatta a un impiego immediato nel mercato del lavoro.\n\nIl curriculum Formativo ha lo scopo di preparare con solide basi al successivo percorso della laurea magistrale.<\/p>\n\n<\/div>\n<div  data-type=\"column\" class=\"col-padding-small col-padding-small-xs read-more-container\"><a class=\"read-more\" href=\"https:\/\/academics.dii.unipd.it\/meccanica\/corso-di-laurea\" target=\"_self\" data-cp-link=\"1\" rel=\"noopener\">learn more<\/a><\/div>\n<\/div>\n<\/div>\n<div  class=\"col-xs-12 col-sm-6 col-md-4\">\n<div  class=\"card no-padding bottom-border-color1\">\n\n<img decoding=\"async\"  class=\"face\" src=\"https:\/\/academics.dii.unipd.it\/meccanica\/wp-content\/uploads\/sites\/25\/2021\/03\/lab-8_2.jpg\" title=\"lab-8_2\" alt=\"\">\n<div  data-type=\"column\" class=\"col-padding-small col-padding-small-xs description-container\">\n<h4  class=\"font-500 color1\"><span  style=\"font-weight: bold;\">Corso di Laurea Magistrale<\/span><\/h4>\n<p  class=\"\" style=\"text-align: justify;\">Il Corso di Laurea Magistrale \u00e8 la naturale prosecuzione degli studi per gli allievi che abbiano conseguito l\u2019omonimo titolo di Laurea seguendo il curriculum Formativo. Il Corso completa la formazione dell\u2019ingegnere meccanico con solide competenze nella progettazione, produzione e gestione di prodotti e sistemi.<\/p>\n\n<\/div>\n<div  data-type=\"column\" class=\"col-padding-small col-padding-small-xs read-more-container\"><a class=\"read-more\" href=\"https:\/\/academics.dii.unipd.it\/meccanica\/laurea-magistrale\" target=\"_self\" data-cp-link=\"1\" rel=\"noopener\">learn more<\/a><\/div>\n<\/div>\n<\/div>\n<div  class=\"col-xs-12 col-sm-6 col-md-4\">\n<div  class=\"card no-padding bottom-border-color1\">\n\n<img decoding=\"async\"  class=\"face\" src=\"https:\/\/academics.dii.unipd.it\/meccanica\/wp-content\/uploads\/sites\/25\/2021\/03\/mecc-term-scaled.jpg\" title=\"mecc term\" alt=\"\">\n<div  data-type=\"column\" class=\"col-padding-small col-padding-small-xs description-container\">\n<h4  class=\"font-500 color1\"><span  style=\"font-weight: bold;\">Laboratori<\/span><\/h4>\n<p  class=\"\" style=\"text-align: justify;\">Gli studi in Ingegneria Meccanica possono contare sulla disponibilit\u00e0 di numerosi Laboratori didattici e di ricerca, del polo di calcolo meccanico e della biblioteca di ingegneria industriale. I Laboratori occupano complessivamente una superficie di oltre 4500 mq e sono equipaggiati con impianti e strumentazione allo stato dell\u2019arte.<\/p>\n\n<\/div>\n<div  data-type=\"column\" class=\"col-padding-small col-padding-small-xs read-more-container\"><a class=\"read-more\" href=\"https:\/\/academics.dii.unipd.it\/meccanica\/laboratori\" target=\"_self\" data-cp-link=\"1\" rel=\"noopener\">learn more<\/a><\/div>\n<\/div>\n<\/div>\n<\/div>\n<\/div>\n<\/div><div  data-label=\"Testimonials\" data-id=\"testimonials--2\" data-export-id=\"testimonials-1\" data-category=\"testimonials\" class=\"testimonials-1 content-section content-section-spacing\" id=\"testimonials-2\" style=\"background-image: none;\" data-section-ov=\"1\">\n<div  class=\"gridContainer\">\n<div  class=\"row\">\n<div  data-type=\"column\" class=\"section-title-col\">\n<h2  class=\"\">Testimonianze<\/h2>\n<\/div>\n<\/div>\n<div  class=\"row spaced-cols content-center-sm\" data-type=\"row\">\n<div  class=\"col-sm-4\">\n\n<i  class=\"fa fa-quote-right icon color1 small quotation-icon\"><\/i>\n<p  class=\"\">Sto svolgendo il dottorato presso il centro di ricerca BAM-Berlino. L\u2019esperienza \u00e8 molto stimolante perch\u00e9 offre la possibilit\u00e0 di lavorare in un contesto internazionale e a contatto con specialisti e tecnici di diversi settori.<\/p>\n<a data-cp-link=\"1\" href=\"https:\/\/academics.dii.unipd.it\/meccanica\/testimonianze\" class=\"\" target=\"_self\" rel=\"noopener\"><img decoding=\"async\"  src=\"https:\/\/academics.dii.unipd.it\/meccanica\/wp-content\/uploads\/sites\/25\/2021\/03\/Ilaria-Roveda-1-scaled.jpg\" class=\"round icon\" title=\"Ilaria Roveda\" alt=\"\"><\/a>\n<h5  class=\"\">Ilaria Roveda<\/h5>\n<p  class=\"small\" style=\"font-style: italic;\">PhD Student @ BAM<\/p>\n\n<\/div>\n<div  class=\"col-sm-4\">\n\n<i  class=\"fa fa-quote-right icon color1 small quotation-icon\"><\/i>\n<p  class=\"\">La formazione universitaria ricevuta con il corso di laurea in ingegneria meccanica abbia contribuito allo sviluppo dello spirito critico ma soprattutto delle competenze necessarie per seguire al meglio le varie sfaccettature del mio lavoro.<\/p>\n<a data-cp-link=\"1\" href=\"https:\/\/academics.dii.unipd.it\/meccanica\/testimonianze\" class=\"\" target=\"_self\" rel=\"noopener\"><img decoding=\"async\"  src=\"https:\/\/academics.dii.unipd.it\/meccanica\/wp-content\/uploads\/sites\/25\/2021\/03\/Michael-Cattani_Testimonianza-Pic_210321-scaled.jpeg\" class=\"round icon\" title=\"Michael-Cattani_Testimonianza-Pic_210321\" alt=\"\"><\/a>\n<h5  class=\"\">Michael Cattani<\/h5>\n<p  class=\"small\" style=\"font-style: italic;\">Ferrari S.p.A.<\/p>\n\n<\/div>\n<div  class=\"col-sm-4\">\n\n<i  class=\"fa fa-quote-right icon color1 small quotation-icon\"><\/i>\n<p  class=\"\">Grazie all\u2019Universit\u00e0 di Padova ho potuto coronare il mio sogno di lavorare ogni giorno sulle motociclette, la mia pi\u00f9 grande passione fin da bambino, e di essere preparato e pronto a rispondere alle necessit\u00e0 della mia azienda.<\/p>\n<a data-cp-link=\"1\" href=\"https:\/\/academics.dii.unipd.it\/meccanica\/testimonianze\" class=\"\" target=\"_self\" rel=\"noopener\"><img decoding=\"async\"  src=\"https:\/\/academics.dii.unipd.it\/meccanica\/wp-content\/uploads\/sites\/25\/2021\/03\/1558283362311.jpg\" class=\"round icon\" title=\"1558283362311\" alt=\"\"><\/a>\n<h5  class=\"\">Nicola Masiero<\/h5>\n<p  class=\"small\" style=\"font-style: italic;\">Fantic Motor SpA<\/p>\n\n<\/div>\n<\/div>\n<\/div>\n<\/div><div  data-label=\"About\" data-id=\"about--1\" data-export-id=\"about-7\" data-category=\"about\" class=\"about-7 content-section content-section-spacing\" id=\"about-1\">\n<div  class=\"gridContainer\">\n<div  class=\"row middle-sm text-center\">\n<div  class=\"col-sm-6 space-bottom-xs\" data-type=\"column\">\n<h4  class=\"\" style=\"text-align: justify;\">PROGETTI COMPETITIVI E INIZIATIVE DEGLI STUDENTI<\/h4>\n<p  class=\"\" style=\"text-align: justify;\">I progetti studenteschi competitivi sono attivit\u00e0 nelle quali gruppi di studenti, solitamente coordinati da un docente, lavorano alla progettazione e costruzione di dispositivo manufatti ingegneristici o macchinari che poi essi stessi presentano a specifiche gare nelle quali questi sono posti in competizione con analoghi dispositivi realizzati dagli studenti di altre universit\u00e0 italiane ed estere.<\/p>\n<a class=\"button color1 round outline\" href=\"https:\/\/www.dii.unipd.it\/didattica\/progetti\" target=\"_blank\" data-cp-link=\"1\" data-icon=\"\" rel=\"noopener\">LEARN MORE<\/a>\n<h4  class=\"\" style=\"text-align: left;\">STAGE E LAVORO<\/h4>\n<p  class=\"\" style=\"text-align: justify;\">L\u2019Universit\u00e0 di Padova, mette a disposizione sulla piattaforma Moodle proposte di stage per studenti e proposte di lavoro per laureati da parte delle Aziende che operano nel settore.<\/p>\n<a class=\"button color1 round outline\" href=\"https:\/\/stem.elearning.unipd.it\/course\/view.php?id=145\" target=\"_blank\" data-cp-link=\"1\" data-icon=\"\" rel=\"noopener\">LEARN MORE<\/a>\n\n<\/div>\n<div  class=\"col-sm-6 col-relative space-bottom-xs\">\n<div  class=\"row spaced-cols\">\n<div  class=\"col-xs-6 flexbox middle-xs center-xs\"><img decoding=\"async\"  class=\"shadow-large\" data-size=\"300x300\" src=\"https:\/\/academics.dii.unipd.it\/meccanica\/wp-content\/uploads\/sites\/25\/2021\/03\/cropped-cropped-cropped-cropped-FSAE-scaled-1.jpg\" title=\"cropped-cropped-cropped-cropped-FSAE-scaled-1.jpg\" alt=\"\"><\/div>\n<div  class=\"col-xs-6 flexbox middle-xs center-xs\"><img decoding=\"async\"  class=\"shadow-large\" data-size=\"300x300\" src=\"https:\/\/academics.dii.unipd.it\/meccanica\/wp-content\/uploads\/sites\/25\/2021\/03\/cropped-FSAE1-1.jpg\" title=\"cropped-FSAE1-1.jpg\" alt=\"\"><\/div>\n<div  class=\"col-xs-6 flexbox middle-xs center-xs\"><img decoding=\"async\"  class=\"shadow-large\" data-size=\"300x300\" src=\"https:\/\/academics.dii.unipd.it\/meccanica\/wp-content\/uploads\/sites\/25\/2021\/03\/cropped-vela-scaled-1.jpg\" title=\"cropped-vela-scaled-1.jpg\" alt=\"\"><\/div>\n<div  class=\"col-xs-6 flexbox middle-xs center-xs\"><img decoding=\"async\"  class=\"shadow-large\" data-size=\"300x300\" src=\"https:\/\/academics.dii.unipd.it\/meccanica\/wp-content\/uploads\/sites\/25\/2021\/03\/cropped-cropped-IMG_0775-scaled-1.jpg\" title=\"cropped-cropped-IMG_0775-scaled-1.jpg\" alt=\"\"><\/div>\n<\/div>\n<div  class=\"center-overlay inner-shadow border-large\"><\/div>\n<\/div>\n<\/div>\n<\/div>\n<\/div><div  data-label=\"Contact\" data-id=\"contact--2\" data-export-id=\"contact-6\" data-category=\"contact\" class=\"contact-5 content-section content-section-spacing\" id=\"contact-2\" data-section-ov=\"1\">\n<div  class=\"gridContainer\">\n<div  class=\"row text-center\">\n<div  class=\"section-title-col\" data-type=\"column\">\n<h2  class=\"\">Contatti<\/h2>\n<\/div>\n<\/div>\n<div  class=\"row middle-sm\">\n<div  class=\"col-xs-12 col-sm-6 image-holder space-bottom-xs\">\n<div  data-content-shortcode=\"mesmerize_maps address=&quot;via Venezia 1, Padova&quot; zoom=&quot;75&quot;\" data-editable=\"true\" class=\"shadow-medium\">        <div class=\"mesmerize-google-maps\" style=\"width:100%\">\n            <iframe style=\"width:100%; height:100%;min-height:inherit;display:block;\" src=\"https:\/\/maps.google.com\/maps?q=via%20Venezia%201,%20Padova&#038;z=16&#038;output=embed&#038;iwloc=near\"><\/iframe>\n        <\/div>\n    <\/div>\n<\/div>\n<div  class=\"col-xs-12 col-sm-6\">\n<div  class=\"row middle-sm\">\n<div  data-type=\"column\" class=\"col-xs-12 space-bottom-small\"><\/div>\n<\/div>\n<div  class=\"row middle-sm\" data-type=\"row\">\n<div  class=\"col-xs-12 space-bottom-small\">\n<div  class=\"row\">\n<div  data-type=\"column\" class=\"col-xs-12 col-sm-fit label-col\"><\/div>\n<div  data-type=\"column\" class=\"col-xs-12 col-sm\">\n<p  class=\"lead\"><a href=\"http:\/\/www.dii.unipd.it\/didattica\" target=\"_blank\" data-cp-link=\"1\" rel=\"noopener\" class=\"\">www.dii.unipd.it\/didattica<\/a>\n\ninformazioni generali<\/p>\n<p  class=\"lead\"><span  style=\"font-weight: bold;\">Segreteria Didattica:<\/span>\nDipartimento di Ingegneria Industriale\nVia Venezia, 1 (terzo piano) \u2013 Padova\n\ndidattica@dii.unipd.it<\/p>\n<p  class=\"lead\">Prof. Giovanni Meneghetti (Presidente)\ngiovanni.meneghetti@unipd.it<\/p>\n\n<\/div>\n<\/div>\n<\/div>\n<\/div>\n<\/div>\n<\/div>\n<\/div>\n<\/div>","protected":false},"excerpt":{"rendered":"<p>Corso di Laurea Il corso prevede due curricula: Industriale e Formativo. Il curriculum Industriale \u00e8 organizzato in modo da formare una figura professionale adatta a un impiego immediato nel mercato del lavoro. Il curriculum Formativo ha lo scopo di preparare con solide basi al successivo percorso della laurea magistrale. learn more Corso di Laurea Magistrale&hellip; <br \/> <a class=\"read-more\" href=\"https:\/\/academics.dii.unipd.it\/meccanica\/\">Read more<\/a><\/p>\n","protected":false},"author":1,"featured_media":0,"parent":0,"menu_order":0,"comment_status":"closed","ping_status":"closed","template":"","meta":{"footnotes":""},"folder":[],"class_list":["post-17","page","type-page","status-publish","hentry"],"yoast_head":"<!-- This site is optimized with the Yoast SEO plugin v27.4 - https:\/\/yoast.com\/product\/yoast-seo-wordpress\/ -->\n<title>Homepage - Ingegneria Meccanica - Universit\u00e0 degli studi di Padova<\/title>\n<meta name=\"robots\" content=\"index, follow, max-snippet:-1, max-image-preview:large, max-video-preview:-1\" \/>\n<link rel=\"canonical\" href=\"https:\/\/academics.dii.unipd.it\/meccanica\/\" \/>\n<meta property=\"og:locale\" content=\"it_IT\" \/>\n<meta property=\"og:type\" content=\"article\" \/>\n<meta property=\"og:title\" content=\"Homepage - Ingegneria Meccanica - Universit\u00e0 degli studi di Padova\" \/>\n<meta property=\"og:description\" content=\"Corso di Laurea Il corso prevede due curricula: Industriale e Formativo. Il curriculum Industriale \u00e8 organizzato in modo da formare una figura professionale adatta a un impiego immediato nel mercato del lavoro. Il curriculum Formativo ha lo scopo di preparare con solide basi al successivo percorso della laurea magistrale. learn more Corso di Laurea Magistrale&hellip; Read more\" \/>\n<meta property=\"og:url\" content=\"https:\/\/academics.dii.unipd.it\/meccanica\/\" \/>\n<meta property=\"og:site_name\" content=\"Ingegneria Meccanica - Universit\u00e0 degli studi di Padova\" \/>\n<meta property=\"article:modified_time\" content=\"2023-05-10T10:34:39+00:00\" \/>\n<meta property=\"og:image\" content=\"https:\/\/academics.dii.unipd.it\/meccanica\/wp-content\/uploads\/sites\/25\/2021\/03\/cropped-aula_uni-scaled-1.jpg\" \/>\n<meta name=\"twitter:card\" content=\"summary_large_image\" \/>\n<meta name=\"twitter:label1\" content=\"Tempo di lettura stimato\" \/>\n\t<meta name=\"twitter:data1\" content=\"2 minuti\" \/>\n<script type=\"application\/ld+json\" class=\"yoast-schema-graph\">{\"@context\":\"https:\\\/\\\/schema.org\",\"@graph\":[{\"@type\":\"WebPage\",\"@id\":\"https:\\\/\\\/academics.dii.unipd.it\\\/meccanica\\\/\",\"url\":\"https:\\\/\\\/academics.dii.unipd.it\\\/meccanica\\\/\",\"name\":\"Homepage - Ingegneria Meccanica - Universit\u00e0 degli studi di Padova\",\"isPartOf\":{\"@id\":\"https:\\\/\\\/academics.dii.unipd.it\\\/meccanica\\\/#website\"},\"primaryImageOfPage\":{\"@id\":\"https:\\\/\\\/academics.dii.unipd.it\\\/meccanica\\\/#primaryimage\"},\"image\":{\"@id\":\"https:\\\/\\\/academics.dii.unipd.it\\\/meccanica\\\/#primaryimage\"},\"thumbnailUrl\":\"https:\\\/\\\/academics.dii.unipd.it\\\/meccanica\\\/wp-content\\\/uploads\\\/sites\\\/25\\\/2021\\\/03\\\/cropped-aula_uni-scaled-1.jpg\",\"datePublished\":\"2015-12-09T11:17:26+00:00\",\"dateModified\":\"2023-05-10T10:34:39+00:00\",\"breadcrumb\":{\"@id\":\"https:\\\/\\\/academics.dii.unipd.it\\\/meccanica\\\/#breadcrumb\"},\"inLanguage\":\"it-IT\",\"potentialAction\":[{\"@type\":\"ReadAction\",\"target\":[\"https:\\\/\\\/academics.dii.unipd.it\\\/meccanica\\\/\"]}]},{\"@type\":\"ImageObject\",\"inLanguage\":\"it-IT\",\"@id\":\"https:\\\/\\\/academics.dii.unipd.it\\\/meccanica\\\/#primaryimage\",\"url\":\"https:\\\/\\\/academics.dii.unipd.it\\\/meccanica\\\/wp-content\\\/uploads\\\/sites\\\/25\\\/2021\\\/03\\\/cropped-aula_uni-scaled-1.jpg\",\"contentUrl\":\"https:\\\/\\\/academics.dii.unipd.it\\\/meccanica\\\/wp-content\\\/uploads\\\/sites\\\/25\\\/2021\\\/03\\\/cropped-aula_uni-scaled-1.jpg\",\"width\":2051,\"height\":1365},{\"@type\":\"BreadcrumbList\",\"@id\":\"https:\\\/\\\/academics.dii.unipd.it\\\/meccanica\\\/#breadcrumb\",\"itemListElement\":[{\"@type\":\"ListItem\",\"position\":1,\"name\":\"Home\",\"item\":\"https:\\\/\\\/academics.dii.unipd.it\\\/meccanica\\\/\"},{\"@type\":\"ListItem\",\"position\":2,\"name\":\"Homepage\"}]},{\"@type\":\"WebSite\",\"@id\":\"https:\\\/\\\/academics.dii.unipd.it\\\/meccanica\\\/#website\",\"url\":\"https:\\\/\\\/academics.dii.unipd.it\\\/meccanica\\\/\",\"name\":\"Ingegneria Meccanica - Universit\u00e0 di Padova\",\"description\":\"\",\"publisher\":{\"@id\":\"https:\\\/\\\/academics.dii.unipd.it\\\/meccanica\\\/#organization\"},\"potentialAction\":[{\"@type\":\"SearchAction\",\"target\":{\"@type\":\"EntryPoint\",\"urlTemplate\":\"https:\\\/\\\/academics.dii.unipd.it\\\/meccanica\\\/?s={search_term_string}\"},\"query-input\":{\"@type\":\"PropertyValueSpecification\",\"valueRequired\":true,\"valueName\":\"search_term_string\"}}],\"inLanguage\":\"it-IT\"},{\"@type\":\"Organization\",\"@id\":\"https:\\\/\\\/academics.dii.unipd.it\\\/meccanica\\\/#organization\",\"name\":\"Dipartimento di Ingegneria Industriale Universit\u00e0 di Padova\",\"url\":\"https:\\\/\\\/academics.dii.unipd.it\\\/meccanica\\\/\",\"logo\":{\"@type\":\"ImageObject\",\"inLanguage\":\"it-IT\",\"@id\":\"https:\\\/\\\/academics.dii.unipd.it\\\/meccanica\\\/#\\\/schema\\\/logo\\\/image\\\/\",\"url\":\"https:\\\/\\\/academics.dii.unipd.it\\\/meccanica\\\/wp-content\\\/uploads\\\/sites\\\/25\\\/2021\\\/11\\\/logo-UniPD-DII-final.png\",\"contentUrl\":\"https:\\\/\\\/academics.dii.unipd.it\\\/meccanica\\\/wp-content\\\/uploads\\\/sites\\\/25\\\/2021\\\/11\\\/logo-UniPD-DII-final.png\",\"width\":521,\"height\":102,\"caption\":\"Dipartimento di Ingegneria Industriale Universit\u00e0 di Padova\"},\"image\":{\"@id\":\"https:\\\/\\\/academics.dii.unipd.it\\\/meccanica\\\/#\\\/schema\\\/logo\\\/image\\\/\"}}]}<\/script>\n<!-- \/ Yoast SEO plugin. -->","yoast_head_json":{"title":"Homepage - Ingegneria Meccanica - Universit\u00e0 degli studi di Padova","robots":{"index":"index","follow":"follow","max-snippet":"max-snippet:-1","max-image-preview":"max-image-preview:large","max-video-preview":"max-video-preview:-1"},"canonical":"https:\/\/academics.dii.unipd.it\/meccanica\/","og_locale":"it_IT","og_type":"article","og_title":"Homepage - Ingegneria Meccanica - Universit\u00e0 degli studi di Padova","og_description":"Corso di Laurea Il corso prevede due curricula: Industriale e Formativo. Il curriculum Industriale \u00e8 organizzato in modo da formare una figura professionale adatta a un impiego immediato nel mercato del lavoro. Il curriculum Formativo ha lo scopo di preparare con solide basi al successivo percorso della laurea magistrale. learn more Corso di Laurea Magistrale&hellip; Read more","og_url":"https:\/\/academics.dii.unipd.it\/meccanica\/","og_site_name":"Ingegneria Meccanica - Universit\u00e0 degli studi di Padova","article_modified_time":"2023-05-10T10:34:39+00:00","og_image":[{"url":"https:\/\/academics.dii.unipd.it\/meccanica\/wp-content\/uploads\/sites\/25\/2021\/03\/cropped-aula_uni-scaled-1.jpg","type":"","width":"","height":""}],"twitter_card":"summary_large_image","twitter_misc":{"Tempo di lettura stimato":"2 minuti"},"schema":{"@context":"https:\/\/schema.org","@graph":[{"@type":"WebPage","@id":"https:\/\/academics.dii.unipd.it\/meccanica\/","url":"https:\/\/academics.dii.unipd.it\/meccanica\/","name":"Homepage - Ingegneria Meccanica - Universit\u00e0 degli studi di Padova","isPartOf":{"@id":"https:\/\/academics.dii.unipd.it\/meccanica\/#website"},"primaryImageOfPage":{"@id":"https:\/\/academics.dii.unipd.it\/meccanica\/#primaryimage"},"image":{"@id":"https:\/\/academics.dii.unipd.it\/meccanica\/#primaryimage"},"thumbnailUrl":"https:\/\/academics.dii.unipd.it\/meccanica\/wp-content\/uploads\/sites\/25\/2021\/03\/cropped-aula_uni-scaled-1.jpg","datePublished":"2015-12-09T11:17:26+00:00","dateModified":"2023-05-10T10:34:39+00:00","breadcrumb":{"@id":"https:\/\/academics.dii.unipd.it\/meccanica\/#breadcrumb"},"inLanguage":"it-IT","potentialAction":[{"@type":"ReadAction","target":["https:\/\/academics.dii.unipd.it\/meccanica\/"]}]},{"@type":"ImageObject","inLanguage":"it-IT","@id":"https:\/\/academics.dii.unipd.it\/meccanica\/#primaryimage","url":"https:\/\/academics.dii.unipd.it\/meccanica\/wp-content\/uploads\/sites\/25\/2021\/03\/cropped-aula_uni-scaled-1.jpg","contentUrl":"https:\/\/academics.dii.unipd.it\/meccanica\/wp-content\/uploads\/sites\/25\/2021\/03\/cropped-aula_uni-scaled-1.jpg","width":2051,"height":1365},{"@type":"BreadcrumbList","@id":"https:\/\/academics.dii.unipd.it\/meccanica\/#breadcrumb","itemListElement":[{"@type":"ListItem","position":1,"name":"Home","item":"https:\/\/academics.dii.unipd.it\/meccanica\/"},{"@type":"ListItem","position":2,"name":"Homepage"}]},{"@type":"WebSite","@id":"https:\/\/academics.dii.unipd.it\/meccanica\/#website","url":"https:\/\/academics.dii.unipd.it\/meccanica\/","name":"Ingegneria Meccanica - Universit\u00e0 di Padova","description":"","publisher":{"@id":"https:\/\/academics.dii.unipd.it\/meccanica\/#organization"},"potentialAction":[{"@type":"SearchAction","target":{"@type":"EntryPoint","urlTemplate":"https:\/\/academics.dii.unipd.it\/meccanica\/?s={search_term_string}"},"query-input":{"@type":"PropertyValueSpecification","valueRequired":true,"valueName":"search_term_string"}}],"inLanguage":"it-IT"},{"@type":"Organization","@id":"https:\/\/academics.dii.unipd.it\/meccanica\/#organization","name":"Dipartimento di Ingegneria Industriale Universit\u00e0 di Padova","url":"https:\/\/academics.dii.unipd.it\/meccanica\/","logo":{"@type":"ImageObject","inLanguage":"it-IT","@id":"https:\/\/academics.dii.unipd.it\/meccanica\/#\/schema\/logo\/image\/","url":"https:\/\/academics.dii.unipd.it\/meccanica\/wp-content\/uploads\/sites\/25\/2021\/11\/logo-UniPD-DII-final.png","contentUrl":"https:\/\/academics.dii.unipd.it\/meccanica\/wp-content\/uploads\/sites\/25\/2021\/11\/logo-UniPD-DII-final.png","width":521,"height":102,"caption":"Dipartimento di Ingegneria Industriale Universit\u00e0 di Padova"},"image":{"@id":"https:\/\/academics.dii.unipd.it\/meccanica\/#\/schema\/logo\/image\/"}}]}},"_links":{"self":[{"href":"https:\/\/academics.dii.unipd.it\/meccanica\/wp-json\/wp\/v2\/pages\/17","targetHints":{"allow":["GET"]}}],"collection":[{"href":"https:\/\/academics.dii.unipd.it\/meccanica\/wp-json\/wp\/v2\/pages"}],"about":[{"href":"https:\/\/academics.dii.unipd.it\/meccanica\/wp-json\/wp\/v2\/types\/page"}],"author":[{"embeddable":true,"href":"https:\/\/academics.dii.unipd.it\/meccanica\/wp-json\/wp\/v2\/users\/1"}],"replies":[{"embeddable":true,"href":"https:\/\/academics.dii.unipd.it\/meccanica\/wp-json\/wp\/v2\/comments?post=17"}],"version-history":[{"count":45,"href":"https:\/\/academics.dii.unipd.it\/meccanica\/wp-json\/wp\/v2\/pages\/17\/revisions"}],"predecessor-version":[{"id":2115,"href":"https:\/\/academics.dii.unipd.it\/meccanica\/wp-json\/wp\/v2\/pages\/17\/revisions\/2115"}],"wp:attachment":[{"href":"https:\/\/academics.dii.unipd.it\/meccanica\/wp-json\/wp\/v2\/media?parent=17"}],"wp:term":[{"taxonomy":"folder","embeddable":true,"href":"https:\/\/academics.dii.unipd.it\/meccanica\/wp-json\/wp\/v2\/folder?post=17"}],"curies":[{"name":"wp","href":"https:\/\/api.w.org\/{rel}","templated":true}]}}