{"id":46,"date":"2016-03-22T12:20:26","date_gmt":"2016-03-22T11:20:26","guid":{"rendered":"http:\/\/newim.dii.unipd.it\/?page_id=46"},"modified":"2021-11-10T10:52:58","modified_gmt":"2021-11-10T09:52:58","slug":"presentazione-e-obiettivi-magistrale","status":"publish","type":"page","link":"https:\/\/academics.dii.unipd.it\/meccanica\/presentazione-e-obiettivi-magistrale\/","title":{"rendered":"Presentazione e obiettivi formativi &#8211; Magistrale"},"content":{"rendered":"<div data-label=\"Cta\" data-id=\"cta--8\" data-export-id=\"cta-centered-section-grid\" data-category=\"cta\" class=\"cta-centered-section-grid content-section content-section-spacing-medium bg-color1 white-text\" id=\"cta-8\" style=\"background-image: none\" data-section-ov=\"1\"><div class=\"gridContainer\"> <div class=\"row text-center\"><div class=\"col-xs-12 col-sm-10 col-sm-offset-1 col-md-8 col-md-offset-2\" data-type=\"column\">   <\/div> <\/div><\/div> <\/div><div data-label=\"Cta\" data-id=\"cta--3\" data-export-id=\"cta-centered-section-grid\" data-category=\"cta\" class=\"cta-centered-section-grid content-section content-section-spacing-medium bg-color1 white-text\" id=\"cta-3\" style=\"background-image: none\" data-section-ov=\"1\"><div class=\"gridContainer\"> <div class=\"row text-center\"><div class=\"col-xs-12 col-sm-10 col-sm-offset-1 col-md-8 col-md-offset-2\" data-type=\"column\">   <h2 class=\"\" style=\"text-align: left\"><span>Laurea Magistrale in Ingegneria Meccanica<\/span><\/h2><\/div> <\/div><\/div> <\/div><div data-label=\"Cta\" data-id=\"cta--1\" data-export-id=\"cta-centered-section-grid\" data-category=\"cta\" class=\"cta-centered-section-grid content-section content-section-spacing-medium bg-color1 dark-text\" id=\"cta-1\" style=\"background-image: none\" data-section-ov=\"1\"><div class=\"gridContainer\"> <div class=\"row text-center\"><div class=\"col-xs-12 col-sm-10 col-sm-offset-1 col-md-8 col-md-offset-2\" data-type=\"column\">  <p class=\"\" style=\"text-align: justify\">Il corso di Laurea Magistrale in Ingegneria Meccanica completa la formazione dell\u2019ingegnere meccanico e lo prepara a funzioni direttive e di ricerca e sviluppo nell\u2019ambito dell\u2019industria manifatturiera e dei servizi collegati. Al primo anno sono previsti insegnamenti obbligatori di approfondimento delle discipline meccaniche, mentre al secondo anno \u00e8 disponibile un\u2019offerta molto ampia di corsi a scelta (anche in inglese) organizzata in <a data-mce-href=\"..\/open-day-di-presentazione\/\" href=\"https:\/\/academics.dii.unipd.it\/meccanica\/open-day-di-presentazione\" target=\"_self\" data-mce-selected=\"inline-boundary\" data-cp-link=\"1\" rel=\"noopener\">10 Indirizzi<\/a>. Molti insegnamenti prevedono attivit\u00e0 di progettazione, sperimentazione e analisi presso i <a data-mce-href=\"..\/laboratori\/\" href=\"https:\/\/academics.dii.unipd.it\/meccanica\/laboratori\" target=\"_self\" data-mce-selected=\"inline-boundary\" data-cp-link=\"1\" rel=\"noopener\">laboratori<\/a> didattici e di ricerca.<\/p> <\/div> <\/div><\/div> <\/div><div data-label=\"Cta\" data-id=\"cta--4\" data-export-id=\"cta-centered-section-grid\" data-category=\"cta\" class=\"cta-centered-section-grid content-section content-section-spacing-medium bg-color1 dark-text\" id=\"cta-4\" style=\"background-image: none\" data-section-ov=\"1\"><div class=\"gridContainer\"> <div class=\"row text-center\"><div class=\"col-xs-12 col-sm-10 col-sm-offset-1 col-md-8 col-md-offset-2\" data-type=\"column\">  <h3 class=\"\" style=\"text-align: left\">Sbocchi occupazionali<\/h3><p class=\"\" style=\"text-align: justify\">Gli sbocchi occupazionali del laureato magistrale in Ingegneria Meccanica riguardano sia industrie meccaniche sia enti di ricerca pubblici e privati ad alto contenuto di innovazione con accentuata vocazione alla ricerca e sviluppo.<br>\r\nL\u2019ingegnere meccanico magistrale svolge tipicamente funzioni di ricerca e sviluppo, progettazione, direzione di stabilimento e gestione degli impianti complessi; la sua formazione multidisciplinare consente un facile adattamento a realt\u00e0 aziendali di diverse dimensioni e pu\u00f2 operare con successo anche in ambito tecnico-commerciale, manutenzione, gestione qualit\u00e0 e logistica.<br>\r\nLa stretta collaborazione tra Universit\u00e0 e mondo produttivo \u00e8 dimostrata anche dall\u2019istituzione di un Advisory Board industriale, avente la funzione di fornire suggerimenti e feedback sulla formazione in Ingegneria meccanica a Padova con specifico riferimento alle competenze richieste da un sistema produttivo in continua evoluzione. L\u2019Advisory Board comprende rappresentanti di Aziende significative per l\u2019Ingegneria Meccanica (Aermec, Aprilia, Askoll, Carl Zeiss IMT, Carraro, Dainese, De Pretto, Electrolux, Ferrari Gestione Sportiva, Fiamm, LivaNova, Luxottica, Marposs, SIT, Wartsilia Italia) che biennalmente discutono con i docenti le competenze e qualit\u00e0 individuali che un ingegnere meccanico deve possedere per affrontare con successo le sfide del mondo produttivo.<\/p> <\/div> <\/div><\/div> <\/div><div data-label=\"Cta\" data-id=\"cta--5\" data-export-id=\"cta-centered-section-grid\" data-category=\"cta\" class=\"cta-centered-section-grid content-section content-section-spacing-medium bg-color1 dark-text\" id=\"cta-5\" style=\"background-image: none\" data-section-ov=\"1\"><div class=\"gridContainer\"> <div class=\"row text-center\"><div class=\"col-xs-12 col-sm-10 col-sm-offset-1 col-md-8 col-md-offset-2\" data-type=\"column\">  <h3 class=\"\" style=\"text-align: left\">Accreditamento EUR-ACE<\/h3><p class=\"\" style=\"text-align: justify\">Nel 2018 il corso ha ottenuto l\u2019accreditamento internazionale <a data-mce-href=\"https:\/\/www.quacing.it\/sistema-eur-ace\/\" href=\"https:\/\/www.quacing.it\/sistema-eur-ace\" target=\"_blank\" data-mce-selected=\"inline-boundary\" rel=\"noopener\" data-cp-link=\"1\" class=\"\">EUR-ACE<\/a> (EURopean ACcredited Engineer) che definisce gli \u2018standard\u2019 che identificano i corsi in ingegneria di alta qualit\u00e0 in Europa e nel mondo. Tali standard sono stati stabiliti tenendo conto dei punti di vista e delle prospettive di tutte le principali parti interessate: studenti, universit\u00e0, datori di lavoro, organizzazioni professionali e agenzie di accreditamento. L\u2019accreditamento \u00e8 stato conseguito in quanto il corso di studio soddisfa elevati standard di: organizzazione, qualit\u00e0 dei professori, grado di soddisfazione degli studenti per le competenze acquisite e livello di occupazione. Questo \u00e8 riconosciuto dai datori di lavoro in tutta Europa e inoltre garantisce agli studenti l\u2019acquisizione del titolo <a data-mce-href=\"https:\/\/www.feani.org\/feani\/eur-ing-title\/what-eur-ing-title\" href=\"https:\/\/www.feani.org\/feani\/eur-ing-title\/what-eur-ing-title\" target=\"_blank\" rel=\"noopener\" data-mce-selected=\"inline-boundary\" data-cp-link=\"1\" class=\"\">EUR ING<\/a><\/p> <\/div> <\/div><\/div> <\/div><div data-label=\"Cta\" data-id=\"cta--6\" data-export-id=\"cta-centered-section-grid\" data-category=\"cta\" class=\"cta-centered-section-grid content-section content-section-spacing-medium bg-color1 dark-text\" id=\"cta-6\" style=\"background-image: none\" data-section-ov=\"1\"><div class=\"gridContainer\"> <div class=\"row text-center\"><div class=\"col-xs-12 col-sm-10 col-sm-offset-1 col-md-8 col-md-offset-2\" data-type=\"column\">  <h3 class=\"\" style=\"text-align: left\">Corpo docente<\/h3><p class=\"\" style=\"text-align: left\">I docenti hanno una rilevante esperienza didattica e di ricerca scientifica, che si attua tramite consolidate collaborazioni sia con aziende del tessuto imprenditoriale italiano e straniero, che con prestigiosi gruppi di ricerca internazionali. Il laureato magistrale in Ingegneria Meccanica formato a Padova risulta pertanto avere una preparazione che \u00e8 tra le pi\u00f9 solide fornite in Italia e particolarmente apprezzata a livello industriale.<\/p> <\/div> <\/div><\/div> <\/div><div data-label=\"Cta\" data-id=\"cta--7\" data-export-id=\"cta-centered-section-grid\" data-category=\"cta\" class=\"cta-centered-section-grid content-section content-section-spacing-medium bg-color1 dark-text\" id=\"cta-7\" style=\"background-image: none\" data-section-ov=\"1\"><div class=\"gridContainer\"> <div class=\"row text-center\"><div class=\"col-xs-12 col-sm-10 col-sm-offset-1 col-md-8 col-md-offset-2\" data-type=\"column\">  <h3 class=\"\" style=\"text-align: left\">Accesso<\/h3><p class=\"\" style=\"text-align: justify\">L\u2019accesso naturale al Corso di Laurea Magistrale in Ingegneria Meccanica avviene dal Curriculum Formativo del Corso di Laurea in Ingegneria Meccanica di Padova. Informazioni sull\u2019accesso da parte di studenti che hanno conseguito la Laurea in altre Sedi universitarie, o che hanno conseguito Lauree in discipline diverse dall\u2019Ingegneria Meccanica, sono riportate in <a data-mce-href=\"..\/trasferimenti\/\" href=\"https:\/\/academics.dii.unipd.it\/meccanica\/trasferimenti\" target=\"_self\" data-mce-selected=\"inline-boundary\" data-cp-link=\"1\" rel=\"noopener\">questa pagina<\/a>.<\/p> <\/div> <\/div><\/div> <\/div>","protected":false},"excerpt":{"rendered":"<p>Laurea Magistrale in Ingegneria Meccanica Il corso di Laurea Magistrale in Ingegneria Meccanica completa la formazione dell\u2019ingegnere meccanico e lo prepara a funzioni direttive e di ricerca e sviluppo nell\u2019ambito dell\u2019industria manifatturiera e dei servizi collegati. Al primo anno sono previsti insegnamenti obbligatori di approfondimento delle discipline meccaniche, mentre al secondo anno \u00e8 disponibile un\u2019offerta&hellip; <br \/> <a class=\"read-more\" href=\"https:\/\/academics.dii.unipd.it\/meccanica\/presentazione-e-obiettivi-magistrale\/\">Read more<\/a><\/p>\n","protected":false},"author":1,"featured_media":867,"parent":0,"menu_order":0,"comment_status":"closed","ping_status":"closed","template":"pro\/page-templates\/full-width-page.php","meta":{"footnotes":""},"folder":[],"class_list":["post-46","page","type-page","status-publish","has-post-thumbnail","hentry"],"yoast_head":"<!-- This site is optimized with the Yoast SEO plugin v27.4 - https:\/\/yoast.com\/product\/yoast-seo-wordpress\/ -->\n<title>Presentazione e obiettivi formativi - Magistrale - Ingegneria Meccanica - Universit\u00e0 degli studi di Padova<\/title>\n<meta name=\"robots\" content=\"index, follow, max-snippet:-1, max-image-preview:large, max-video-preview:-1\" \/>\n<link rel=\"canonical\" href=\"https:\/\/academics.dii.unipd.it\/meccanica\/presentazione-e-obiettivi-magistrale\/\" \/>\n<meta property=\"og:locale\" content=\"it_IT\" \/>\n<meta property=\"og:type\" content=\"article\" \/>\n<meta property=\"og:title\" content=\"Presentazione e obiettivi formativi - Magistrale - Ingegneria Meccanica - Universit\u00e0 degli studi di Padova\" \/>\n<meta property=\"og:description\" content=\"Laurea Magistrale in Ingegneria Meccanica Il corso di Laurea Magistrale in Ingegneria Meccanica completa la formazione dell\u2019ingegnere meccanico e lo prepara a funzioni direttive e di ricerca e sviluppo nell\u2019ambito dell\u2019industria manifatturiera e dei servizi collegati. Al primo anno sono previsti insegnamenti obbligatori di approfondimento delle discipline meccaniche, mentre al secondo anno \u00e8 disponibile un\u2019offerta&hellip; Read more\" \/>\n<meta property=\"og:url\" content=\"https:\/\/academics.dii.unipd.it\/meccanica\/presentazione-e-obiettivi-magistrale\/\" \/>\n<meta property=\"og:site_name\" content=\"Ingegneria Meccanica - Universit\u00e0 degli studi di Padova\" \/>\n<meta property=\"article:modified_time\" content=\"2021-11-10T09:52:58+00:00\" \/>\n<meta property=\"og:image\" content=\"https:\/\/academics.dii.unipd.it\/meccanica\/wp-content\/uploads\/sites\/25\/2021\/03\/orientarsi_0.png\" \/>\n\t<meta property=\"og:image:width\" content=\"980\" \/>\n\t<meta property=\"og:image:height\" content=\"375\" \/>\n\t<meta property=\"og:image:type\" content=\"image\/png\" \/>\n<meta name=\"twitter:card\" content=\"summary_large_image\" \/>\n<meta name=\"twitter:label1\" content=\"Tempo di lettura stimato\" \/>\n\t<meta name=\"twitter:data1\" content=\"3 minuti\" \/>\n<script type=\"application\/ld+json\" class=\"yoast-schema-graph\">{\"@context\":\"https:\\\/\\\/schema.org\",\"@graph\":[{\"@type\":\"WebPage\",\"@id\":\"https:\\\/\\\/academics.dii.unipd.it\\\/meccanica\\\/presentazione-e-obiettivi-magistrale\\\/\",\"url\":\"https:\\\/\\\/academics.dii.unipd.it\\\/meccanica\\\/presentazione-e-obiettivi-magistrale\\\/\",\"name\":\"Presentazione e obiettivi formativi - Magistrale - Ingegneria Meccanica - Universit\u00e0 degli studi di Padova\",\"isPartOf\":{\"@id\":\"https:\\\/\\\/academics.dii.unipd.it\\\/meccanica\\\/#website\"},\"primaryImageOfPage\":{\"@id\":\"https:\\\/\\\/academics.dii.unipd.it\\\/meccanica\\\/presentazione-e-obiettivi-magistrale\\\/#primaryimage\"},\"image\":{\"@id\":\"https:\\\/\\\/academics.dii.unipd.it\\\/meccanica\\\/presentazione-e-obiettivi-magistrale\\\/#primaryimage\"},\"thumbnailUrl\":\"https:\\\/\\\/academics.dii.unipd.it\\\/meccanica\\\/wp-content\\\/uploads\\\/sites\\\/25\\\/2021\\\/03\\\/orientarsi_0.png\",\"datePublished\":\"2016-03-22T11:20:26+00:00\",\"dateModified\":\"2021-11-10T09:52:58+00:00\",\"breadcrumb\":{\"@id\":\"https:\\\/\\\/academics.dii.unipd.it\\\/meccanica\\\/presentazione-e-obiettivi-magistrale\\\/#breadcrumb\"},\"inLanguage\":\"it-IT\",\"potentialAction\":[{\"@type\":\"ReadAction\",\"target\":[\"https:\\\/\\\/academics.dii.unipd.it\\\/meccanica\\\/presentazione-e-obiettivi-magistrale\\\/\"]}]},{\"@type\":\"ImageObject\",\"inLanguage\":\"it-IT\",\"@id\":\"https:\\\/\\\/academics.dii.unipd.it\\\/meccanica\\\/presentazione-e-obiettivi-magistrale\\\/#primaryimage\",\"url\":\"https:\\\/\\\/academics.dii.unipd.it\\\/meccanica\\\/wp-content\\\/uploads\\\/sites\\\/25\\\/2021\\\/03\\\/orientarsi_0.png\",\"contentUrl\":\"https:\\\/\\\/academics.dii.unipd.it\\\/meccanica\\\/wp-content\\\/uploads\\\/sites\\\/25\\\/2021\\\/03\\\/orientarsi_0.png\",\"width\":980,\"height\":375,\"caption\":\"Presentazione e obiettivi formativi\"},{\"@type\":\"BreadcrumbList\",\"@id\":\"https:\\\/\\\/academics.dii.unipd.it\\\/meccanica\\\/presentazione-e-obiettivi-magistrale\\\/#breadcrumb\",\"itemListElement\":[{\"@type\":\"ListItem\",\"position\":1,\"name\":\"Home\",\"item\":\"https:\\\/\\\/academics.dii.unipd.it\\\/meccanica\\\/\"},{\"@type\":\"ListItem\",\"position\":2,\"name\":\"Presentazione e obiettivi formativi &#8211; Magistrale\"}]},{\"@type\":\"WebSite\",\"@id\":\"https:\\\/\\\/academics.dii.unipd.it\\\/meccanica\\\/#website\",\"url\":\"https:\\\/\\\/academics.dii.unipd.it\\\/meccanica\\\/\",\"name\":\"Ingegneria Meccanica - Universit\u00e0 di Padova\",\"description\":\"\",\"publisher\":{\"@id\":\"https:\\\/\\\/academics.dii.unipd.it\\\/meccanica\\\/#organization\"},\"potentialAction\":[{\"@type\":\"SearchAction\",\"target\":{\"@type\":\"EntryPoint\",\"urlTemplate\":\"https:\\\/\\\/academics.dii.unipd.it\\\/meccanica\\\/?s={search_term_string}\"},\"query-input\":{\"@type\":\"PropertyValueSpecification\",\"valueRequired\":true,\"valueName\":\"search_term_string\"}}],\"inLanguage\":\"it-IT\"},{\"@type\":\"Organization\",\"@id\":\"https:\\\/\\\/academics.dii.unipd.it\\\/meccanica\\\/#organization\",\"name\":\"Dipartimento di Ingegneria Industriale Universit\u00e0 di Padova\",\"url\":\"https:\\\/\\\/academics.dii.unipd.it\\\/meccanica\\\/\",\"logo\":{\"@type\":\"ImageObject\",\"inLanguage\":\"it-IT\",\"@id\":\"https:\\\/\\\/academics.dii.unipd.it\\\/meccanica\\\/#\\\/schema\\\/logo\\\/image\\\/\",\"url\":\"https:\\\/\\\/academics.dii.unipd.it\\\/meccanica\\\/wp-content\\\/uploads\\\/sites\\\/25\\\/2021\\\/11\\\/logo-UniPD-DII-final.png\",\"contentUrl\":\"https:\\\/\\\/academics.dii.unipd.it\\\/meccanica\\\/wp-content\\\/uploads\\\/sites\\\/25\\\/2021\\\/11\\\/logo-UniPD-DII-final.png\",\"width\":521,\"height\":102,\"caption\":\"Dipartimento di Ingegneria Industriale Universit\u00e0 di Padova\"},\"image\":{\"@id\":\"https:\\\/\\\/academics.dii.unipd.it\\\/meccanica\\\/#\\\/schema\\\/logo\\\/image\\\/\"}}]}<\/script>\n<!-- \/ Yoast SEO plugin. -->","yoast_head_json":{"title":"Presentazione e obiettivi formativi - Magistrale - Ingegneria Meccanica - Universit\u00e0 degli studi di Padova","robots":{"index":"index","follow":"follow","max-snippet":"max-snippet:-1","max-image-preview":"max-image-preview:large","max-video-preview":"max-video-preview:-1"},"canonical":"https:\/\/academics.dii.unipd.it\/meccanica\/presentazione-e-obiettivi-magistrale\/","og_locale":"it_IT","og_type":"article","og_title":"Presentazione e obiettivi formativi - Magistrale - Ingegneria Meccanica - Universit\u00e0 degli studi di Padova","og_description":"Laurea Magistrale in Ingegneria Meccanica Il corso di Laurea Magistrale in Ingegneria Meccanica completa la formazione dell\u2019ingegnere meccanico e lo prepara a funzioni direttive e di ricerca e sviluppo nell\u2019ambito dell\u2019industria manifatturiera e dei servizi collegati. Al primo anno sono previsti insegnamenti obbligatori di approfondimento delle discipline meccaniche, mentre al secondo anno \u00e8 disponibile un\u2019offerta&hellip; Read more","og_url":"https:\/\/academics.dii.unipd.it\/meccanica\/presentazione-e-obiettivi-magistrale\/","og_site_name":"Ingegneria Meccanica - Universit\u00e0 degli studi di Padova","article_modified_time":"2021-11-10T09:52:58+00:00","og_image":[{"width":980,"height":375,"url":"https:\/\/academics.dii.unipd.it\/meccanica\/wp-content\/uploads\/sites\/25\/2021\/03\/orientarsi_0.png","type":"image\/png"}],"twitter_card":"summary_large_image","twitter_misc":{"Tempo di lettura stimato":"3 minuti"},"schema":{"@context":"https:\/\/schema.org","@graph":[{"@type":"WebPage","@id":"https:\/\/academics.dii.unipd.it\/meccanica\/presentazione-e-obiettivi-magistrale\/","url":"https:\/\/academics.dii.unipd.it\/meccanica\/presentazione-e-obiettivi-magistrale\/","name":"Presentazione e obiettivi formativi - Magistrale - Ingegneria Meccanica - Universit\u00e0 degli studi di Padova","isPartOf":{"@id":"https:\/\/academics.dii.unipd.it\/meccanica\/#website"},"primaryImageOfPage":{"@id":"https:\/\/academics.dii.unipd.it\/meccanica\/presentazione-e-obiettivi-magistrale\/#primaryimage"},"image":{"@id":"https:\/\/academics.dii.unipd.it\/meccanica\/presentazione-e-obiettivi-magistrale\/#primaryimage"},"thumbnailUrl":"https:\/\/academics.dii.unipd.it\/meccanica\/wp-content\/uploads\/sites\/25\/2021\/03\/orientarsi_0.png","datePublished":"2016-03-22T11:20:26+00:00","dateModified":"2021-11-10T09:52:58+00:00","breadcrumb":{"@id":"https:\/\/academics.dii.unipd.it\/meccanica\/presentazione-e-obiettivi-magistrale\/#breadcrumb"},"inLanguage":"it-IT","potentialAction":[{"@type":"ReadAction","target":["https:\/\/academics.dii.unipd.it\/meccanica\/presentazione-e-obiettivi-magistrale\/"]}]},{"@type":"ImageObject","inLanguage":"it-IT","@id":"https:\/\/academics.dii.unipd.it\/meccanica\/presentazione-e-obiettivi-magistrale\/#primaryimage","url":"https:\/\/academics.dii.unipd.it\/meccanica\/wp-content\/uploads\/sites\/25\/2021\/03\/orientarsi_0.png","contentUrl":"https:\/\/academics.dii.unipd.it\/meccanica\/wp-content\/uploads\/sites\/25\/2021\/03\/orientarsi_0.png","width":980,"height":375,"caption":"Presentazione e obiettivi formativi"},{"@type":"BreadcrumbList","@id":"https:\/\/academics.dii.unipd.it\/meccanica\/presentazione-e-obiettivi-magistrale\/#breadcrumb","itemListElement":[{"@type":"ListItem","position":1,"name":"Home","item":"https:\/\/academics.dii.unipd.it\/meccanica\/"},{"@type":"ListItem","position":2,"name":"Presentazione e obiettivi formativi &#8211; Magistrale"}]},{"@type":"WebSite","@id":"https:\/\/academics.dii.unipd.it\/meccanica\/#website","url":"https:\/\/academics.dii.unipd.it\/meccanica\/","name":"Ingegneria Meccanica - Universit\u00e0 di Padova","description":"","publisher":{"@id":"https:\/\/academics.dii.unipd.it\/meccanica\/#organization"},"potentialAction":[{"@type":"SearchAction","target":{"@type":"EntryPoint","urlTemplate":"https:\/\/academics.dii.unipd.it\/meccanica\/?s={search_term_string}"},"query-input":{"@type":"PropertyValueSpecification","valueRequired":true,"valueName":"search_term_string"}}],"inLanguage":"it-IT"},{"@type":"Organization","@id":"https:\/\/academics.dii.unipd.it\/meccanica\/#organization","name":"Dipartimento di Ingegneria Industriale Universit\u00e0 di Padova","url":"https:\/\/academics.dii.unipd.it\/meccanica\/","logo":{"@type":"ImageObject","inLanguage":"it-IT","@id":"https:\/\/academics.dii.unipd.it\/meccanica\/#\/schema\/logo\/image\/","url":"https:\/\/academics.dii.unipd.it\/meccanica\/wp-content\/uploads\/sites\/25\/2021\/11\/logo-UniPD-DII-final.png","contentUrl":"https:\/\/academics.dii.unipd.it\/meccanica\/wp-content\/uploads\/sites\/25\/2021\/11\/logo-UniPD-DII-final.png","width":521,"height":102,"caption":"Dipartimento di Ingegneria Industriale Universit\u00e0 di Padova"},"image":{"@id":"https:\/\/academics.dii.unipd.it\/meccanica\/#\/schema\/logo\/image\/"}}]}},"_links":{"self":[{"href":"https:\/\/academics.dii.unipd.it\/meccanica\/wp-json\/wp\/v2\/pages\/46","targetHints":{"allow":["GET"]}}],"collection":[{"href":"https:\/\/academics.dii.unipd.it\/meccanica\/wp-json\/wp\/v2\/pages"}],"about":[{"href":"https:\/\/academics.dii.unipd.it\/meccanica\/wp-json\/wp\/v2\/types\/page"}],"author":[{"embeddable":true,"href":"https:\/\/academics.dii.unipd.it\/meccanica\/wp-json\/wp\/v2\/users\/1"}],"replies":[{"embeddable":true,"href":"https:\/\/academics.dii.unipd.it\/meccanica\/wp-json\/wp\/v2\/comments?post=46"}],"version-history":[{"count":43,"href":"https:\/\/academics.dii.unipd.it\/meccanica\/wp-json\/wp\/v2\/pages\/46\/revisions"}],"predecessor-version":[{"id":1824,"href":"https:\/\/academics.dii.unipd.it\/meccanica\/wp-json\/wp\/v2\/pages\/46\/revisions\/1824"}],"wp:featuredmedia":[{"embeddable":true,"href":"https:\/\/academics.dii.unipd.it\/meccanica\/wp-json\/wp\/v2\/media\/867"}],"wp:attachment":[{"href":"https:\/\/academics.dii.unipd.it\/meccanica\/wp-json\/wp\/v2\/media?parent=46"}],"wp:term":[{"taxonomy":"folder","embeddable":true,"href":"https:\/\/academics.dii.unipd.it\/meccanica\/wp-json\/wp\/v2\/folder?post=46"}],"curies":[{"name":"wp","href":"https:\/\/api.w.org\/{rel}","templated":true}]}}