{"id":46,"date":"2016-03-22T12:20:26","date_gmt":"2016-03-22T11:20:26","guid":{"rendered":"http:\/\/newim.dii.unipd.it\/?page_id=46"},"modified":"2021-11-15T09:06:49","modified_gmt":"2021-11-15T08:06:49","slug":"presentazione-e-obiettivi","status":"publish","type":"page","link":"https:\/\/academics.dii.unipd.it\/sicurezza\/presentazione-e-obiettivi\/","title":{"rendered":"Presentazione e obiettivi formativi"},"content":{"rendered":"<div data-label=\"Cta\" data-id=\"cta--8\" data-export-id=\"cta-centered-section-grid\" data-category=\"cta\" class=\"cta-centered-section-grid content-section content-section-spacing-medium bg-color1 white-text\" id=\"cta-8\" style=\"background-image: none\" data-section-ov=\"1\"><div class=\"gridContainer\"> <div class=\"row text-center\"><div class=\"col-xs-12 col-sm-10 col-sm-offset-1 col-md-8 col-md-offset-2\" data-type=\"column\">   <\/div> <\/div><\/div> <\/div><div data-label=\"Cta\" data-id=\"cta--3\" data-export-id=\"cta-centered-section-grid\" data-category=\"cta\" class=\"cta-centered-section-grid content-section content-section-spacing-medium bg-color1 white-text\" id=\"cta-3\" style=\"background-image: none\" data-section-ov=\"1\"><div class=\"gridContainer\"> <div class=\"row text-center\"><div class=\"col-xs-12 col-sm-10 col-sm-offset-1 col-md-8 col-md-offset-2\" data-type=\"column\">   <h2 class=\"\" style=\"text-align: center\"><span>Laurea Magistrale in Ingegneria della Sicurezza Civile e Industriale<\/span><\/h2><\/div> <\/div><\/div> <\/div><div data-label=\"Cta\" data-id=\"cta--1\" data-export-id=\"cta-centered-section-grid\" data-category=\"cta\" class=\"cta-centered-section-grid content-section content-section-spacing-medium bg-color1 dark-text\" id=\"cta-1\" style=\"background-image: none\" data-section-ov=\"1\"><div class=\"gridContainer\"> <div class=\"row text-center\"><div class=\"col-xs-12 col-sm-10 col-sm-offset-1 col-md-8 col-md-offset-2\" data-type=\"column\">  <p class=\"\" style=\"text-align: justify\">Un tema di grande rilevanza e attualit\u00e0 \u00e8 la sicurezza, la prevenzione e la mitigazione dei rischi nell\u2019ambito civile e industriale, nei luoghi di lavoro e nella progettazione e gestione di strutture e infrastrutture.<br>\r\nIl corso di Laurea Magistrale in Ingegneria della Sicurezza Civile e Industriale riunisce in una visione olistica e interdisciplinare numerose discipline ingegneristiche e ha lo scopo di formare una figura professionale versatile. L\u2019 \u201cingegnere della sicurezza\u201d sar\u00e0 capace di operare e intervenire in maniera concrete sia in fase progettuale che costruttiva e gestionale e rappresenta una delle figure professionali pi\u00f9 richieste nell\u2019ambito sia privato che pubblico.<br>\r\nIl percorso formativo, articolato in due curricoli (civile e industriale), \u00e8 strutturato in modo che l\u2019allievo ingegnere acquisisca una robusta formazione e la capacit\u00e0 di applicare concretamente i migliori strumenti innovativi per affrontare le problematiche della sicurezza in ambito civile e industriale, in un approccio coordinato e trasversale.<br>\r\nPi\u00f9 in particolare, grazie a questo percorso formativo fortemente orientato all\u2019interdisciplinariet\u00e0, l\u2019ingegnere della sicurezza ha la capacit\u00e0 di affrontare le principali tematiche della sicurezza legate alla prevenzione incendi, alle attivit\u00e0 inerenti alle costruzioni civili e all\u2019industria manifatturiera e di processo. Inoltre, possiede le conoscenze e le competenze utili per applicare metodologie strutturate per l\u2019individuazione dei fattori di rischio, per la loro prevenzione e mitigazione nonch\u00e9 per la gestione della sicurezza nei luoghi di lavoro, nelle infrastrutture civile e industriali e nei processi produttivi. Il percorso biennale \u00e8 inoltre arricchito da approfondimenti sui temi tecnico-normativi correlati alla sicurezza e da concetti legati ai rischi emergenti e correlati ad eventi sismici, con la possibilit\u00e0 per gli studenti di declinare il loro specifico percorso maggiormente nell\u2019ambito civile o industriale attraverso la scelta del curriculum preferito.<br>\r\nIl raggiungimento degli elevati obiettivi qualificanti del corso di laurea magistrale \u00e8 ottenuto attraverso un percorso formativo specifico nel quale l\u2019allievo ingegnere acquisisce le capacit\u00e0 tecniche, organizzative e gestionali che gli consentono di analizzare, progettare, sviluppare e rendere operativi e sicuri edifici e strutture civili, impianti industriali e sistemi integrati, anche complessi. In dettaglio, il conseguimento di tali obiettivi richiede che lo studente acquisisca approfondite capacit\u00e0 critiche nel settore dell\u2019analisi del rischio degli edifici civili e delle infrastrutture, degli impianti dell\u2019industria di processo, nonch\u00e9  delle modalit\u00e0 tecniche gestionali della qualit\u00e0, della sicurezza delle strutture civili e dei processi industriali. L\u2019integrazione di tali aspetti sar\u00e0 raggiunta attraverso la complementarit\u00e0 dei temi trattati nei singoli corsi e l\u2019abitudine ad affrontare le problematiche con approccio multidisciplinare e l\u2019acquisizione di conoscenze e competenze attraverso casi studio.\r\n<br>Vista la grande rilevanza e attualit\u00e0 della sicurezza e prevenzione dei rischi, occorre quindi formare tecnici e professionisti capaci di operare in questo settore cruciale.<br>\r\nLe tematiche affrontate e sviluppate dal Corso di Laurea Magistrale in Ingegneria della Sicurezza Civile ed Industriale rappresentano strumenti fondamentali per un corretto e sostenibile sviluppo delle societ\u00e0 industrializzate, nonch\u00e9 per garantire la competitivit\u00e0 a livello internazionale.<\/p> <\/div> <\/div><\/div> <\/div><div data-label=\"Cta\" data-id=\"cta--4\" data-export-id=\"cta-centered-section-grid\" data-category=\"cta\" class=\"cta-centered-section-grid content-section content-section-spacing-medium bg-color1 dark-text\" id=\"cta-4\" style=\"background-image: none\" data-section-ov=\"1\"><div class=\"gridContainer\"> <div class=\"row text-center\"><div class=\"col-xs-12 col-sm-10 col-sm-offset-1 col-md-8 col-md-offset-2\" data-type=\"column\">  <h3 class=\"\" style=\"text-align: left\">Sbocchi occupazionali<\/h3><p class=\"\" style=\"text-align: justify\">Il laureato in Ingegneria della Sicurezza Civile ed Industriale sar\u00e0 caratterizzato da un profilo professionale spiccatamente orientato al \u201cproblem solving\u201d, tale da poter essere immediatamente inserito nella progettazione in ambito di ingegneria civile, nella protezione industriale e nella sicurezza nell\u2019industria di processo, nell\u2019analisi dei rischi industriali, nella gestione e monitoraggio dei processi industriali, nel controllo della qualit\u00e0 dei prodotti, nella gestione, controllo e minimizzazione degli impatti ambientali, nelle attivit\u00e0 di auditing e nella gestione delle emergenze di attivit\u00e0 di primo intervento in caso di incidenti rilevanti e disastri ambientali.<br>\r\nIn particolare, il laureato magistrale in Ingegneria della Sicurezza Civile e Industriale potr\u00e0 operare come:<br>\r\n\u2022\tlibero professionista esperto di sicurezza a favore di societ\u00e0 di progettazione, in societ\u00e0 di produzione, in enti pubblici, ecc.;<br>\r\n\u2022\tesperto in materia di progettazione e prevenzione antincendio;<br>\r\n\u2022\tesperto di gestione della sicurezza presso stabilimenti, installazioni ed infrastrutture industriali di vario genere ed entit\u00e0;<br>\r\n\u2022\tresponsabile del servizio di prevenzione e protezione (RSPP) di aziende ed enti, nonch\u00e9 altri ruoli di responsabilit\u00e0 previsti dalla legislazione vigente in materia di salute e sicurezza sul lavoro;<br>\r\n\u2022\tanalista del rischio presso societ\u00e0 di ingegneria, studi professionali, enti pubblici e\/o privati, e pubblica amministrazione per verificare la sicurezza di infrastrutture industriali esistenti o da realizzare;<br>\r\n\u2022\tresponsabile in materia di sicurezza negli Organi di controllo e vigilanza della Pubblica Amministrazione (Vigili del Fuoco, INAIL, ARPA, Protezione Civile, Organismi di Certificazione, ecc.)<br>\r\n\u2022\tgestore della progettazione dei sistemi di sicurezza, di controllo e monitoraggio di stabilimenti produttivi, aziende industriali e di servizi;<br>\r\n\u2022\taddetto alla verifica dei rapporti di sicurezza per stabilimenti a rischio di incidente rilevante, alla pianificazione delle emergenze e alla pianificazione territoriale presso la pubblica amministrazione;<br>\r\n\u2022\tconsulente come Risk Manager nel settore commerciale, bancario, assicurativo, in enti pubblici e privati, ecc.<\/p> <\/div> <\/div><\/div> <\/div><div data-label=\"Cta\" data-id=\"cta--5\" data-export-id=\"cta-centered-section-grid\" data-category=\"cta\" class=\"cta-centered-section-grid content-section content-section-spacing-medium bg-color1 dark-text\" id=\"cta-5\" style=\"background-image: none\" data-section-ov=\"1\"><div class=\"gridContainer\"> <div class=\"row text-center\"><div class=\"col-xs-12 col-sm-10 col-sm-offset-1 col-md-8 col-md-offset-2\" data-type=\"column\">  <h3 class=\"\" style=\"text-align: left\">Certificazioni professionali<\/h3><p class=\"\" style=\"text-align: justify\">Accanto al titolo di studio di Laureato Magistrale per la Classe LM26 Ingegneria della Sicurezza Civile e Industriale, il percorso formativo \u00e8 delineato in modo tale che possano essere acquisite tutte le competenze per aver riconosciute le certificazioni professionali di seguito indicate.<br>\r\nTali certificazioni riguarderanno le qualifiche di :<br>\r\n\u2022 Responsabile per la Sicurezza nei cantieri previsto dal Testo Unico 81\/2008 sulla sicurezza sul lavoro<br>\r\n\u2022 Responsabile del Servizio di Prevenzione e Protezione previsto dal Testo Unico 81\/2008 sulla sicurezza sul lavoro<br>\r\n\u2022 Tecnico per la prevenzione incendi (accreditato presso albo del Ministero degli Interni, tramite apposita convenzione con il Corpo Nazionale del Vigili del Fuoco e Universit\u00e0 degli studi di Padova).<\/p> <\/div> <\/div><\/div> <\/div><div data-label=\"Cta\" data-id=\"cta--6\" data-export-id=\"cta-centered-section-grid\" data-category=\"cta\" class=\"cta-centered-section-grid content-section content-section-spacing-medium bg-color1 dark-text\" id=\"cta-6\" style=\"background-image: none\" data-section-ov=\"1\"><div class=\"gridContainer\"> <div class=\"row text-center\"><div class=\"col-xs-12 col-sm-10 col-sm-offset-1 col-md-8 col-md-offset-2\" data-type=\"column\">  <h3 class=\"\" style=\"text-align: left\">Corpo docente<\/h3><p class=\"\" style=\"text-align: left\">I docenti dei corsi caratterizzanti sono ingegneri di diversa formazione con una rilevante esperienza professionale e scientifica nei diversi ambiti dell\u2019analisi del rischio e nei settori della prevenzione sia in ambito civile che industriale.<br>\r\nIl laureato magistrale in Ingegneria della Sicurezza Civile e Industriale formato a Padova risulta pertanto avere una preparazione che \u00e8 tra le pi\u00f9 solide e interdisciplinari fornite in Italia.<\/p> <\/div> <\/div><\/div> <\/div><div data-label=\"Cta\" data-id=\"cta--7\" data-export-id=\"cta-centered-section-grid\" data-category=\"cta\" class=\"cta-centered-section-grid content-section content-section-spacing-medium bg-color1 dark-text\" id=\"cta-7\" style=\"background-image: none\" data-section-ov=\"1\"><div class=\"gridContainer\"> <div class=\"row text-center\"><div class=\"col-xs-12 col-sm-10 col-sm-offset-1 col-md-8 col-md-offset-2\" data-type=\"column\">  <h3 class=\"\" style=\"text-align: left\">Accesso<\/h3><p class=\"\" style=\"text-align: justify\">Gli studenti che intendono iscriversi al Corso di laurea magistrale in Ingegneria della Sicurezza Civile e Industriale devono essere in possesso della laurea o del diploma universitario di durata triennale o di altro titolo di studio conseguito in Italia o all\u2019estero e riconosciuto idoneo in base alla normativa vigente.<br>\r\nI requisiti curriculari richiesti per l\u2019accesso sono:<br>\r\na) il possesso di una laurea nella Classe L-7 Ingegneria Civile e Ambientale o nella Classe L-9 Ingegneria Industriale,<br>\r\nb) ovvero, per laureati in classi diverse da L-7 ed L-9:<br>&nbsp; &nbsp; \u2013 aver conseguito complessivamente non meno di 30 CFU nei settori delle materie di base (matematica, fisica, chimica e informatica) nel loro complesso;<br>&nbsp; &nbsp; &nbsp; \u2013 aver conseguito non meno di 40 CFU nei settori dell\u2019Ingegneria Civile e\/o Industriale nel loro complesso.<br>\r\nc) Per l\u2019accesso \u00e8 richiesta inoltre la conoscenza della lingua inglese, ad un livello comunque non inferiore a B1.<br>\r\n\r\n<br>L\u2019iscrizione al Corso di Laurea Magistrale in Ingegneria della sicurezza civile e industriale \u00e8 subordinata al possesso dei requisiti curriculari richiesti per l\u2019accesso. Essi sono riportati nell\u2019 Avviso di ammissione della Scuola di Ingegneria, disponibile in questa pagina, nella quale \u00e8 descritta anche la procedura formale che gli interessati dovranno seguire per la preimmatricolazione e l\u2019eventuale richiesta ufficiale di Valutazione preventiva e riconoscimento crediti.<br>\r\nGli interessati possono in qualunque momento ottenere una valutazione informale del proprio caso facendone richiesta alla Commissione Pratiche Studenti del Corso di Studio. Il parere della Commissione \u00e8 solo orientativo e non ufficiale; l\u2019unica deliberazione ufficiale \u00e8 infatti quella che viene fornita a seguito di presentazione di domanda ufficiale di valutazione dei requisiti curricolari minimi, secondo la procedura di Ateneo. La valutazione preventiva permette per\u00f2 di avere una risposta attendibile in tempi molto rapidi, in qualunque momento dell\u2019anno e senza alcuna spesa.<br>\r\nPer ottenere la valutazione informale, i candidati devono inviare una e-mail a sicurezzacivileindustriale.dii@unipd.it con Oggetto \u201cValutazione prerequisiti informale studente Nome Cognome\u201d, nella quale va descritta la richiesta e vanno obbligatoriamente allegati:<br>\r\n\u2013 il proprio piano di studio per il Corso di Laurea di Laurea (triennale) e\/o Magistrale frequentati, indicando chiaramente i settori scientifico-disciplinari (SSD) degli insegnamenti e gli esami superati;<br>\r\n\u2013 i programmi ufficiali con i contenuti di ciascuno degli insegnamenti.<br>* Eventuali comunicazioni e-mail successive alla prima dovranno sempre riportare l\u2019intera storia dei messaggi e-mail gi\u00e0 intercorsi, per dar modo a chi legge (anche a distanza di tempo) di ricostruire immediatamente tutte le comunicazioni gi\u00e0 intercorse (usare cio\u00e8 sempre il tasto REPLY per tutte le e-mail successive alla prima inviata)<\/p> <\/div> <\/div><\/div> <\/div>","protected":false},"excerpt":{"rendered":"<p>Laurea Magistrale in Ingegneria della Sicurezza Civile e Industriale Un tema di grande rilevanza e attualit\u00e0 \u00e8 la sicurezza, la prevenzione e la mitigazione dei rischi nell\u2019ambito civile e industriale, nei luoghi di lavoro e nella progettazione e gestione di strutture e infrastrutture. Il corso di Laurea Magistrale in Ingegneria della Sicurezza Civile e Industriale&hellip; <br \/> <a class=\"read-more\" href=\"https:\/\/academics.dii.unipd.it\/sicurezza\/presentazione-e-obiettivi\/\">Read more<\/a><\/p>\n","protected":false},"author":1,"featured_media":867,"parent":0,"menu_order":0,"comment_status":"closed","ping_status":"closed","template":"pro\/page-templates\/full-width-page.php","meta":{"footnotes":""},"folder":[],"class_list":["post-46","page","type-page","status-publish","has-post-thumbnail","hentry"],"yoast_head":"<!-- This site is optimized with the Yoast SEO plugin v27.3 - https:\/\/yoast.com\/product\/yoast-seo-wordpress\/ -->\n<title>Presentazione e obiettivi formativi - Ingegneria della Sicurezza civile e industriale - Universit\u00e0 degli studi di Padova<\/title>\n<meta name=\"robots\" content=\"index, follow, max-snippet:-1, max-image-preview:large, max-video-preview:-1\" \/>\n<link rel=\"canonical\" href=\"https:\/\/academics.dii.unipd.it\/sicurezza\/presentazione-e-obiettivi\/\" \/>\n<meta property=\"og:locale\" content=\"it_IT\" \/>\n<meta property=\"og:type\" content=\"article\" \/>\n<meta property=\"og:title\" content=\"Presentazione e obiettivi formativi - Ingegneria della Sicurezza civile e industriale - Universit\u00e0 degli studi di Padova\" \/>\n<meta property=\"og:description\" content=\"Laurea Magistrale in Ingegneria della Sicurezza Civile e Industriale Un tema di grande rilevanza e attualit\u00e0 \u00e8 la sicurezza, la prevenzione e la mitigazione dei rischi nell\u2019ambito civile e industriale, nei luoghi di lavoro e nella progettazione e gestione di strutture e infrastrutture. Il corso di Laurea Magistrale in Ingegneria della Sicurezza Civile e Industriale&hellip; Read more\" \/>\n<meta property=\"og:url\" content=\"https:\/\/academics.dii.unipd.it\/sicurezza\/presentazione-e-obiettivi\/\" \/>\n<meta property=\"og:site_name\" content=\"Ingegneria della Sicurezza civile e industriale - Universit\u00e0 degli studi di Padova\" \/>\n<meta property=\"article:modified_time\" content=\"2021-11-15T08:06:49+00:00\" \/>\n<meta property=\"og:image\" content=\"https:\/\/academics.dii.unipd.it\/sicurezza\/wp-content\/uploads\/sites\/32\/2021\/03\/orientarsi_0.png\" \/>\n\t<meta property=\"og:image:width\" content=\"980\" \/>\n\t<meta property=\"og:image:height\" content=\"375\" \/>\n\t<meta property=\"og:image:type\" content=\"image\/png\" \/>\n<meta name=\"twitter:card\" content=\"summary_large_image\" \/>\n<meta name=\"twitter:label1\" content=\"Tempo di lettura stimato\" \/>\n\t<meta name=\"twitter:data1\" content=\"3 minuti\" \/>\n<script type=\"application\/ld+json\" class=\"yoast-schema-graph\">{\"@context\":\"https:\\\/\\\/schema.org\",\"@graph\":[{\"@type\":\"WebPage\",\"@id\":\"https:\\\/\\\/academics.dii.unipd.it\\\/sicurezza\\\/presentazione-e-obiettivi\\\/\",\"url\":\"https:\\\/\\\/academics.dii.unipd.it\\\/sicurezza\\\/presentazione-e-obiettivi\\\/\",\"name\":\"Presentazione e obiettivi formativi - Ingegneria della Sicurezza civile e industriale - Universit\u00e0 degli studi di Padova\",\"isPartOf\":{\"@id\":\"https:\\\/\\\/academics.dii.unipd.it\\\/sicurezza\\\/#website\"},\"primaryImageOfPage\":{\"@id\":\"https:\\\/\\\/academics.dii.unipd.it\\\/sicurezza\\\/presentazione-e-obiettivi\\\/#primaryimage\"},\"image\":{\"@id\":\"https:\\\/\\\/academics.dii.unipd.it\\\/sicurezza\\\/presentazione-e-obiettivi\\\/#primaryimage\"},\"thumbnailUrl\":\"https:\\\/\\\/academics.dii.unipd.it\\\/sicurezza\\\/wp-content\\\/uploads\\\/sites\\\/32\\\/2021\\\/03\\\/orientarsi_0.png\",\"datePublished\":\"2016-03-22T11:20:26+00:00\",\"dateModified\":\"2021-11-15T08:06:49+00:00\",\"breadcrumb\":{\"@id\":\"https:\\\/\\\/academics.dii.unipd.it\\\/sicurezza\\\/presentazione-e-obiettivi\\\/#breadcrumb\"},\"inLanguage\":\"it-IT\",\"potentialAction\":[{\"@type\":\"ReadAction\",\"target\":[\"https:\\\/\\\/academics.dii.unipd.it\\\/sicurezza\\\/presentazione-e-obiettivi\\\/\"]}]},{\"@type\":\"ImageObject\",\"inLanguage\":\"it-IT\",\"@id\":\"https:\\\/\\\/academics.dii.unipd.it\\\/sicurezza\\\/presentazione-e-obiettivi\\\/#primaryimage\",\"url\":\"https:\\\/\\\/academics.dii.unipd.it\\\/sicurezza\\\/wp-content\\\/uploads\\\/sites\\\/32\\\/2021\\\/03\\\/orientarsi_0.png\",\"contentUrl\":\"https:\\\/\\\/academics.dii.unipd.it\\\/sicurezza\\\/wp-content\\\/uploads\\\/sites\\\/32\\\/2021\\\/03\\\/orientarsi_0.png\",\"width\":980,\"height\":375,\"caption\":\"Presentazione e obiettivi formativi\"},{\"@type\":\"BreadcrumbList\",\"@id\":\"https:\\\/\\\/academics.dii.unipd.it\\\/sicurezza\\\/presentazione-e-obiettivi\\\/#breadcrumb\",\"itemListElement\":[{\"@type\":\"ListItem\",\"position\":1,\"name\":\"Home\",\"item\":\"https:\\\/\\\/academics.dii.unipd.it\\\/sicurezza\\\/\"},{\"@type\":\"ListItem\",\"position\":2,\"name\":\"Presentazione e obiettivi formativi\"}]},{\"@type\":\"WebSite\",\"@id\":\"https:\\\/\\\/academics.dii.unipd.it\\\/sicurezza\\\/#website\",\"url\":\"https:\\\/\\\/academics.dii.unipd.it\\\/sicurezza\\\/\",\"name\":\"Ingegneria della Sicurezza civile e industriale - Universit\u00e0 degli studi di Padova\",\"description\":\"\",\"publisher\":{\"@id\":\"https:\\\/\\\/academics.dii.unipd.it\\\/sicurezza\\\/#organization\"},\"potentialAction\":[{\"@type\":\"SearchAction\",\"target\":{\"@type\":\"EntryPoint\",\"urlTemplate\":\"https:\\\/\\\/academics.dii.unipd.it\\\/sicurezza\\\/?s={search_term_string}\"},\"query-input\":{\"@type\":\"PropertyValueSpecification\",\"valueRequired\":true,\"valueName\":\"search_term_string\"}}],\"inLanguage\":\"it-IT\"},{\"@type\":\"Organization\",\"@id\":\"https:\\\/\\\/academics.dii.unipd.it\\\/sicurezza\\\/#organization\",\"name\":\"Dipartimento di Ingegneria Industriale Universit\u00e0 di Padova\",\"url\":\"https:\\\/\\\/academics.dii.unipd.it\\\/sicurezza\\\/\",\"logo\":{\"@type\":\"ImageObject\",\"inLanguage\":\"it-IT\",\"@id\":\"https:\\\/\\\/academics.dii.unipd.it\\\/sicurezza\\\/#\\\/schema\\\/logo\\\/image\\\/\",\"url\":\"https:\\\/\\\/academics.dii.unipd.it\\\/sicurezza\\\/wp-content\\\/uploads\\\/sites\\\/32\\\/2021\\\/11\\\/logo-UniPD-DII-final.png\",\"contentUrl\":\"https:\\\/\\\/academics.dii.unipd.it\\\/sicurezza\\\/wp-content\\\/uploads\\\/sites\\\/32\\\/2021\\\/11\\\/logo-UniPD-DII-final.png\",\"width\":521,\"height\":102,\"caption\":\"Dipartimento di Ingegneria Industriale Universit\u00e0 di Padova\"},\"image\":{\"@id\":\"https:\\\/\\\/academics.dii.unipd.it\\\/sicurezza\\\/#\\\/schema\\\/logo\\\/image\\\/\"}}]}<\/script>\n<!-- \/ Yoast SEO plugin. -->","yoast_head_json":{"title":"Presentazione e obiettivi formativi - Ingegneria della Sicurezza civile e industriale - Universit\u00e0 degli studi di Padova","robots":{"index":"index","follow":"follow","max-snippet":"max-snippet:-1","max-image-preview":"max-image-preview:large","max-video-preview":"max-video-preview:-1"},"canonical":"https:\/\/academics.dii.unipd.it\/sicurezza\/presentazione-e-obiettivi\/","og_locale":"it_IT","og_type":"article","og_title":"Presentazione e obiettivi formativi - Ingegneria della Sicurezza civile e industriale - Universit\u00e0 degli studi di Padova","og_description":"Laurea Magistrale in Ingegneria della Sicurezza Civile e Industriale Un tema di grande rilevanza e attualit\u00e0 \u00e8 la sicurezza, la prevenzione e la mitigazione dei rischi nell\u2019ambito civile e industriale, nei luoghi di lavoro e nella progettazione e gestione di strutture e infrastrutture. Il corso di Laurea Magistrale in Ingegneria della Sicurezza Civile e Industriale&hellip; Read more","og_url":"https:\/\/academics.dii.unipd.it\/sicurezza\/presentazione-e-obiettivi\/","og_site_name":"Ingegneria della Sicurezza civile e industriale - Universit\u00e0 degli studi di Padova","article_modified_time":"2021-11-15T08:06:49+00:00","og_image":[{"width":980,"height":375,"url":"https:\/\/academics.dii.unipd.it\/sicurezza\/wp-content\/uploads\/sites\/32\/2021\/03\/orientarsi_0.png","type":"image\/png"}],"twitter_card":"summary_large_image","twitter_misc":{"Tempo di lettura stimato":"3 minuti"},"schema":{"@context":"https:\/\/schema.org","@graph":[{"@type":"WebPage","@id":"https:\/\/academics.dii.unipd.it\/sicurezza\/presentazione-e-obiettivi\/","url":"https:\/\/academics.dii.unipd.it\/sicurezza\/presentazione-e-obiettivi\/","name":"Presentazione e obiettivi formativi - Ingegneria della Sicurezza civile e industriale - Universit\u00e0 degli studi di Padova","isPartOf":{"@id":"https:\/\/academics.dii.unipd.it\/sicurezza\/#website"},"primaryImageOfPage":{"@id":"https:\/\/academics.dii.unipd.it\/sicurezza\/presentazione-e-obiettivi\/#primaryimage"},"image":{"@id":"https:\/\/academics.dii.unipd.it\/sicurezza\/presentazione-e-obiettivi\/#primaryimage"},"thumbnailUrl":"https:\/\/academics.dii.unipd.it\/sicurezza\/wp-content\/uploads\/sites\/32\/2021\/03\/orientarsi_0.png","datePublished":"2016-03-22T11:20:26+00:00","dateModified":"2021-11-15T08:06:49+00:00","breadcrumb":{"@id":"https:\/\/academics.dii.unipd.it\/sicurezza\/presentazione-e-obiettivi\/#breadcrumb"},"inLanguage":"it-IT","potentialAction":[{"@type":"ReadAction","target":["https:\/\/academics.dii.unipd.it\/sicurezza\/presentazione-e-obiettivi\/"]}]},{"@type":"ImageObject","inLanguage":"it-IT","@id":"https:\/\/academics.dii.unipd.it\/sicurezza\/presentazione-e-obiettivi\/#primaryimage","url":"https:\/\/academics.dii.unipd.it\/sicurezza\/wp-content\/uploads\/sites\/32\/2021\/03\/orientarsi_0.png","contentUrl":"https:\/\/academics.dii.unipd.it\/sicurezza\/wp-content\/uploads\/sites\/32\/2021\/03\/orientarsi_0.png","width":980,"height":375,"caption":"Presentazione e obiettivi formativi"},{"@type":"BreadcrumbList","@id":"https:\/\/academics.dii.unipd.it\/sicurezza\/presentazione-e-obiettivi\/#breadcrumb","itemListElement":[{"@type":"ListItem","position":1,"name":"Home","item":"https:\/\/academics.dii.unipd.it\/sicurezza\/"},{"@type":"ListItem","position":2,"name":"Presentazione e obiettivi formativi"}]},{"@type":"WebSite","@id":"https:\/\/academics.dii.unipd.it\/sicurezza\/#website","url":"https:\/\/academics.dii.unipd.it\/sicurezza\/","name":"Ingegneria della Sicurezza civile e industriale - Universit\u00e0 degli studi di Padova","description":"","publisher":{"@id":"https:\/\/academics.dii.unipd.it\/sicurezza\/#organization"},"potentialAction":[{"@type":"SearchAction","target":{"@type":"EntryPoint","urlTemplate":"https:\/\/academics.dii.unipd.it\/sicurezza\/?s={search_term_string}"},"query-input":{"@type":"PropertyValueSpecification","valueRequired":true,"valueName":"search_term_string"}}],"inLanguage":"it-IT"},{"@type":"Organization","@id":"https:\/\/academics.dii.unipd.it\/sicurezza\/#organization","name":"Dipartimento di Ingegneria Industriale Universit\u00e0 di Padova","url":"https:\/\/academics.dii.unipd.it\/sicurezza\/","logo":{"@type":"ImageObject","inLanguage":"it-IT","@id":"https:\/\/academics.dii.unipd.it\/sicurezza\/#\/schema\/logo\/image\/","url":"https:\/\/academics.dii.unipd.it\/sicurezza\/wp-content\/uploads\/sites\/32\/2021\/11\/logo-UniPD-DII-final.png","contentUrl":"https:\/\/academics.dii.unipd.it\/sicurezza\/wp-content\/uploads\/sites\/32\/2021\/11\/logo-UniPD-DII-final.png","width":521,"height":102,"caption":"Dipartimento di Ingegneria Industriale Universit\u00e0 di Padova"},"image":{"@id":"https:\/\/academics.dii.unipd.it\/sicurezza\/#\/schema\/logo\/image\/"}}]}},"_links":{"self":[{"href":"https:\/\/academics.dii.unipd.it\/sicurezza\/wp-json\/wp\/v2\/pages\/46","targetHints":{"allow":["GET"]}}],"collection":[{"href":"https:\/\/academics.dii.unipd.it\/sicurezza\/wp-json\/wp\/v2\/pages"}],"about":[{"href":"https:\/\/academics.dii.unipd.it\/sicurezza\/wp-json\/wp\/v2\/types\/page"}],"author":[{"embeddable":true,"href":"https:\/\/academics.dii.unipd.it\/sicurezza\/wp-json\/wp\/v2\/users\/1"}],"replies":[{"embeddable":true,"href":"https:\/\/academics.dii.unipd.it\/sicurezza\/wp-json\/wp\/v2\/comments?post=46"}],"version-history":[{"count":53,"href":"https:\/\/academics.dii.unipd.it\/sicurezza\/wp-json\/wp\/v2\/pages\/46\/revisions"}],"predecessor-version":[{"id":2256,"href":"https:\/\/academics.dii.unipd.it\/sicurezza\/wp-json\/wp\/v2\/pages\/46\/revisions\/2256"}],"wp:featuredmedia":[{"embeddable":true,"href":"https:\/\/academics.dii.unipd.it\/sicurezza\/wp-json\/wp\/v2\/media\/867"}],"wp:attachment":[{"href":"https:\/\/academics.dii.unipd.it\/sicurezza\/wp-json\/wp\/v2\/media?parent=46"}],"wp:term":[{"taxonomy":"folder","embeddable":true,"href":"https:\/\/academics.dii.unipd.it\/sicurezza\/wp-json\/wp\/v2\/folder?post=46"}],"curies":[{"name":"wp","href":"https:\/\/api.w.org\/{rel}","templated":true}]}}