{"id":76,"date":"2016-04-07T11:11:51","date_gmt":"2016-04-07T09:11:51","guid":{"rendered":"http:\/\/newim.dii.unipd.it\/?page_id=76"},"modified":"2021-11-15T09:18:41","modified_gmt":"2021-11-15T08:18:41","slug":"sbocchi-e-dati-occupazionali","status":"publish","type":"page","link":"https:\/\/academics.dii.unipd.it\/sicurezza\/sbocchi-e-dati-occupazionali\/","title":{"rendered":"Sbocchi e dati occupazionali"},"content":{"rendered":"<div data-label=\"Content\" data-id=\"content--1\" data-export-id=\"content-7\" data-category=\"content\" class=\"content-7 content-section content-section-spacing\" id=\"content-1\" style=\"background-image: none\" data-section-ov=\"1\"><div class=\"gridContainer\"> <div class=\"row middle-sm\"><div class=\"col-sm-6 space-bottom-xs\" data-type=\"column\"> <h2 class=\"\">Laurea magistrale in Ingegneria della sicurezza civile e industriale<\/h2> <p class=\"\" style=\"text-align: justify\">Il laureato in Ingegneria della Sicurezza Civile ed Industriale trova rapidamente impiego in tutti i principali settori industriali e civile. In particolare il laureato sar\u00e0 caratterizzato da un profilo professionale spiccatamente orientato al \u201cproblem solving\u201d, tale da poter essere immediatamente inserito nella progettazione in ambito di ingegneria civile, nella protezione industriale e nella sicurezza nell\u2019industria di processo, nell\u2019analisi dei rischi industriali, nella gestione e monitoraggio dei processi industriali, nel controllo della qualit\u00e0 dei prodotti, nella gestione, controllo e minimizzazione degli impatti ambientali, nelle attivit\u00e0 di auditing e nella gestione delle emergenze di attivit\u00e0 di primo intervento in caso di incidenti rilevanti e disastri ambientali.<\/p> <a class=\"button color1 round outline\" href=\"https:\/\/academics.dii.unipd.it\/sicurezza\/testimonianze\" target=\"_self\" data-cp-link=\"1\" data-icon=\"\" rel=\"noopener\">LEARN MORE<\/a><\/div> <div class=\"col-sm-6\" data-type=\"column\"> <img decoding=\"async\" class=\"shadow-large\" src=\"https:\/\/academics.dii.unipd.it\/sicurezza\/wp-content\/uploads\/sites\/32\/2021\/03\/cropped-aula_uni-scaled-2.jpg\" title=\"cropped-aula_uni-scaled-2.jpg\" alt=\"\"><\/div> <\/div><\/div> <\/div>","protected":false},"excerpt":{"rendered":"<p>Laurea magistrale in Ingegneria della sicurezza civile e industriale Il laureato in Ingegneria della Sicurezza Civile ed Industriale trova rapidamente impiego in tutti i principali settori industriali e civile. In particolare il laureato sar\u00e0 caratterizzato da un profilo professionale spiccatamente orientato al \u201cproblem solving\u201d, tale da poter essere immediatamente inserito nella progettazione in ambito di&hellip; <br \/> <a class=\"read-more\" href=\"https:\/\/academics.dii.unipd.it\/sicurezza\/sbocchi-e-dati-occupazionali\/\">Read more<\/a><\/p>\n","protected":false},"author":1,"featured_media":1301,"parent":0,"menu_order":0,"comment_status":"closed","ping_status":"closed","template":"pro\/page-templates\/full-width-page.php","meta":{"footnotes":""},"folder":[],"class_list":["post-76","page","type-page","status-publish","has-post-thumbnail","hentry"],"yoast_head":"<!-- This site is optimized with the Yoast SEO plugin v27.4 - https:\/\/yoast.com\/product\/yoast-seo-wordpress\/ -->\n<title>Sbocchi e dati occupazionali - Ingegneria della Sicurezza civile e industriale - Universit\u00e0 degli studi di Padova<\/title>\n<meta name=\"robots\" content=\"index, follow, max-snippet:-1, max-image-preview:large, max-video-preview:-1\" \/>\n<link rel=\"canonical\" href=\"https:\/\/academics.dii.unipd.it\/sicurezza\/sbocchi-e-dati-occupazionali\/\" \/>\n<meta property=\"og:locale\" content=\"it_IT\" \/>\n<meta property=\"og:type\" content=\"article\" \/>\n<meta property=\"og:title\" content=\"Sbocchi e dati occupazionali - Ingegneria della Sicurezza civile e industriale - Universit\u00e0 degli studi di Padova\" \/>\n<meta property=\"og:description\" content=\"Laurea magistrale in Ingegneria della sicurezza civile e industriale Il laureato in Ingegneria della Sicurezza Civile ed Industriale trova rapidamente impiego in tutti i principali settori industriali e civile. In particolare il laureato sar\u00e0 caratterizzato da un profilo professionale spiccatamente orientato al \u201cproblem solving\u201d, tale da poter essere immediatamente inserito nella progettazione in ambito di&hellip; Read more\" \/>\n<meta property=\"og:url\" content=\"https:\/\/academics.dii.unipd.it\/sicurezza\/sbocchi-e-dati-occupazionali\/\" \/>\n<meta property=\"og:site_name\" content=\"Ingegneria della Sicurezza civile e industriale - Universit\u00e0 degli studi di Padova\" \/>\n<meta property=\"article:modified_time\" content=\"2021-11-15T08:18:41+00:00\" \/>\n<meta property=\"og:image\" content=\"https:\/\/academics.dii.unipd.it\/sicurezza\/wp-content\/uploads\/sites\/32\/2021\/03\/Mechanical-engineer-the-graduate-who-earns-well-2-scaled.jpg\" \/>\n\t<meta property=\"og:image:width\" content=\"2560\" \/>\n\t<meta property=\"og:image:height\" content=\"1330\" \/>\n\t<meta property=\"og:image:type\" content=\"image\/jpeg\" \/>\n<meta name=\"twitter:card\" content=\"summary_large_image\" \/>\n<meta name=\"twitter:label1\" content=\"Tempo di lettura stimato\" \/>\n\t<meta name=\"twitter:data1\" content=\"2 minuti\" \/>\n<script type=\"application\/ld+json\" class=\"yoast-schema-graph\">{\"@context\":\"https:\\\/\\\/schema.org\",\"@graph\":[{\"@type\":\"WebPage\",\"@id\":\"https:\\\/\\\/academics.dii.unipd.it\\\/sicurezza\\\/sbocchi-e-dati-occupazionali\\\/\",\"url\":\"https:\\\/\\\/academics.dii.unipd.it\\\/sicurezza\\\/sbocchi-e-dati-occupazionali\\\/\",\"name\":\"Sbocchi e dati occupazionali - Ingegneria della Sicurezza civile e industriale - Universit\u00e0 degli studi di Padova\",\"isPartOf\":{\"@id\":\"https:\\\/\\\/academics.dii.unipd.it\\\/sicurezza\\\/#website\"},\"primaryImageOfPage\":{\"@id\":\"https:\\\/\\\/academics.dii.unipd.it\\\/sicurezza\\\/sbocchi-e-dati-occupazionali\\\/#primaryimage\"},\"image\":{\"@id\":\"https:\\\/\\\/academics.dii.unipd.it\\\/sicurezza\\\/sbocchi-e-dati-occupazionali\\\/#primaryimage\"},\"thumbnailUrl\":\"https:\\\/\\\/academics.dii.unipd.it\\\/sicurezza\\\/wp-content\\\/uploads\\\/sites\\\/32\\\/2021\\\/03\\\/Mechanical-engineer-the-graduate-who-earns-well-2-scaled.jpg\",\"datePublished\":\"2016-04-07T09:11:51+00:00\",\"dateModified\":\"2021-11-15T08:18:41+00:00\",\"breadcrumb\":{\"@id\":\"https:\\\/\\\/academics.dii.unipd.it\\\/sicurezza\\\/sbocchi-e-dati-occupazionali\\\/#breadcrumb\"},\"inLanguage\":\"it-IT\",\"potentialAction\":[{\"@type\":\"ReadAction\",\"target\":[\"https:\\\/\\\/academics.dii.unipd.it\\\/sicurezza\\\/sbocchi-e-dati-occupazionali\\\/\"]}]},{\"@type\":\"ImageObject\",\"inLanguage\":\"it-IT\",\"@id\":\"https:\\\/\\\/academics.dii.unipd.it\\\/sicurezza\\\/sbocchi-e-dati-occupazionali\\\/#primaryimage\",\"url\":\"https:\\\/\\\/academics.dii.unipd.it\\\/sicurezza\\\/wp-content\\\/uploads\\\/sites\\\/32\\\/2021\\\/03\\\/Mechanical-engineer-the-graduate-who-earns-well-2-scaled.jpg\",\"contentUrl\":\"https:\\\/\\\/academics.dii.unipd.it\\\/sicurezza\\\/wp-content\\\/uploads\\\/sites\\\/32\\\/2021\\\/03\\\/Mechanical-engineer-the-graduate-who-earns-well-2-scaled.jpg\",\"width\":2560,\"height\":1330,\"caption\":\"Sbocchi e dati occupazionali\"},{\"@type\":\"BreadcrumbList\",\"@id\":\"https:\\\/\\\/academics.dii.unipd.it\\\/sicurezza\\\/sbocchi-e-dati-occupazionali\\\/#breadcrumb\",\"itemListElement\":[{\"@type\":\"ListItem\",\"position\":1,\"name\":\"Home\",\"item\":\"https:\\\/\\\/academics.dii.unipd.it\\\/sicurezza\\\/\"},{\"@type\":\"ListItem\",\"position\":2,\"name\":\"Sbocchi e dati occupazionali\"}]},{\"@type\":\"WebSite\",\"@id\":\"https:\\\/\\\/academics.dii.unipd.it\\\/sicurezza\\\/#website\",\"url\":\"https:\\\/\\\/academics.dii.unipd.it\\\/sicurezza\\\/\",\"name\":\"Ingegneria della Sicurezza civile e industriale - Universit\u00e0 degli studi di Padova\",\"description\":\"\",\"publisher\":{\"@id\":\"https:\\\/\\\/academics.dii.unipd.it\\\/sicurezza\\\/#organization\"},\"potentialAction\":[{\"@type\":\"SearchAction\",\"target\":{\"@type\":\"EntryPoint\",\"urlTemplate\":\"https:\\\/\\\/academics.dii.unipd.it\\\/sicurezza\\\/?s={search_term_string}\"},\"query-input\":{\"@type\":\"PropertyValueSpecification\",\"valueRequired\":true,\"valueName\":\"search_term_string\"}}],\"inLanguage\":\"it-IT\"},{\"@type\":\"Organization\",\"@id\":\"https:\\\/\\\/academics.dii.unipd.it\\\/sicurezza\\\/#organization\",\"name\":\"Dipartimento di Ingegneria Industriale Universit\u00e0 di Padova\",\"url\":\"https:\\\/\\\/academics.dii.unipd.it\\\/sicurezza\\\/\",\"logo\":{\"@type\":\"ImageObject\",\"inLanguage\":\"it-IT\",\"@id\":\"https:\\\/\\\/academics.dii.unipd.it\\\/sicurezza\\\/#\\\/schema\\\/logo\\\/image\\\/\",\"url\":\"https:\\\/\\\/academics.dii.unipd.it\\\/sicurezza\\\/wp-content\\\/uploads\\\/sites\\\/32\\\/2021\\\/11\\\/logo-UniPD-DII-final.png\",\"contentUrl\":\"https:\\\/\\\/academics.dii.unipd.it\\\/sicurezza\\\/wp-content\\\/uploads\\\/sites\\\/32\\\/2021\\\/11\\\/logo-UniPD-DII-final.png\",\"width\":521,\"height\":102,\"caption\":\"Dipartimento di Ingegneria Industriale Universit\u00e0 di Padova\"},\"image\":{\"@id\":\"https:\\\/\\\/academics.dii.unipd.it\\\/sicurezza\\\/#\\\/schema\\\/logo\\\/image\\\/\"}}]}<\/script>\n<!-- \/ Yoast SEO plugin. -->","yoast_head_json":{"title":"Sbocchi e dati occupazionali - Ingegneria della Sicurezza civile e industriale - Universit\u00e0 degli studi di Padova","robots":{"index":"index","follow":"follow","max-snippet":"max-snippet:-1","max-image-preview":"max-image-preview:large","max-video-preview":"max-video-preview:-1"},"canonical":"https:\/\/academics.dii.unipd.it\/sicurezza\/sbocchi-e-dati-occupazionali\/","og_locale":"it_IT","og_type":"article","og_title":"Sbocchi e dati occupazionali - Ingegneria della Sicurezza civile e industriale - Universit\u00e0 degli studi di Padova","og_description":"Laurea magistrale in Ingegneria della sicurezza civile e industriale Il laureato in Ingegneria della Sicurezza Civile ed Industriale trova rapidamente impiego in tutti i principali settori industriali e civile. In particolare il laureato sar\u00e0 caratterizzato da un profilo professionale spiccatamente orientato al \u201cproblem solving\u201d, tale da poter essere immediatamente inserito nella progettazione in ambito di&hellip; Read more","og_url":"https:\/\/academics.dii.unipd.it\/sicurezza\/sbocchi-e-dati-occupazionali\/","og_site_name":"Ingegneria della Sicurezza civile e industriale - Universit\u00e0 degli studi di Padova","article_modified_time":"2021-11-15T08:18:41+00:00","og_image":[{"width":2560,"height":1330,"url":"https:\/\/academics.dii.unipd.it\/sicurezza\/wp-content\/uploads\/sites\/32\/2021\/03\/Mechanical-engineer-the-graduate-who-earns-well-2-scaled.jpg","type":"image\/jpeg"}],"twitter_card":"summary_large_image","twitter_misc":{"Tempo di lettura stimato":"2 minuti"},"schema":{"@context":"https:\/\/schema.org","@graph":[{"@type":"WebPage","@id":"https:\/\/academics.dii.unipd.it\/sicurezza\/sbocchi-e-dati-occupazionali\/","url":"https:\/\/academics.dii.unipd.it\/sicurezza\/sbocchi-e-dati-occupazionali\/","name":"Sbocchi e dati occupazionali - Ingegneria della Sicurezza civile e industriale - Universit\u00e0 degli studi di Padova","isPartOf":{"@id":"https:\/\/academics.dii.unipd.it\/sicurezza\/#website"},"primaryImageOfPage":{"@id":"https:\/\/academics.dii.unipd.it\/sicurezza\/sbocchi-e-dati-occupazionali\/#primaryimage"},"image":{"@id":"https:\/\/academics.dii.unipd.it\/sicurezza\/sbocchi-e-dati-occupazionali\/#primaryimage"},"thumbnailUrl":"https:\/\/academics.dii.unipd.it\/sicurezza\/wp-content\/uploads\/sites\/32\/2021\/03\/Mechanical-engineer-the-graduate-who-earns-well-2-scaled.jpg","datePublished":"2016-04-07T09:11:51+00:00","dateModified":"2021-11-15T08:18:41+00:00","breadcrumb":{"@id":"https:\/\/academics.dii.unipd.it\/sicurezza\/sbocchi-e-dati-occupazionali\/#breadcrumb"},"inLanguage":"it-IT","potentialAction":[{"@type":"ReadAction","target":["https:\/\/academics.dii.unipd.it\/sicurezza\/sbocchi-e-dati-occupazionali\/"]}]},{"@type":"ImageObject","inLanguage":"it-IT","@id":"https:\/\/academics.dii.unipd.it\/sicurezza\/sbocchi-e-dati-occupazionali\/#primaryimage","url":"https:\/\/academics.dii.unipd.it\/sicurezza\/wp-content\/uploads\/sites\/32\/2021\/03\/Mechanical-engineer-the-graduate-who-earns-well-2-scaled.jpg","contentUrl":"https:\/\/academics.dii.unipd.it\/sicurezza\/wp-content\/uploads\/sites\/32\/2021\/03\/Mechanical-engineer-the-graduate-who-earns-well-2-scaled.jpg","width":2560,"height":1330,"caption":"Sbocchi e dati occupazionali"},{"@type":"BreadcrumbList","@id":"https:\/\/academics.dii.unipd.it\/sicurezza\/sbocchi-e-dati-occupazionali\/#breadcrumb","itemListElement":[{"@type":"ListItem","position":1,"name":"Home","item":"https:\/\/academics.dii.unipd.it\/sicurezza\/"},{"@type":"ListItem","position":2,"name":"Sbocchi e dati occupazionali"}]},{"@type":"WebSite","@id":"https:\/\/academics.dii.unipd.it\/sicurezza\/#website","url":"https:\/\/academics.dii.unipd.it\/sicurezza\/","name":"Ingegneria della Sicurezza civile e industriale - Universit\u00e0 degli studi di Padova","description":"","publisher":{"@id":"https:\/\/academics.dii.unipd.it\/sicurezza\/#organization"},"potentialAction":[{"@type":"SearchAction","target":{"@type":"EntryPoint","urlTemplate":"https:\/\/academics.dii.unipd.it\/sicurezza\/?s={search_term_string}"},"query-input":{"@type":"PropertyValueSpecification","valueRequired":true,"valueName":"search_term_string"}}],"inLanguage":"it-IT"},{"@type":"Organization","@id":"https:\/\/academics.dii.unipd.it\/sicurezza\/#organization","name":"Dipartimento di Ingegneria Industriale Universit\u00e0 di Padova","url":"https:\/\/academics.dii.unipd.it\/sicurezza\/","logo":{"@type":"ImageObject","inLanguage":"it-IT","@id":"https:\/\/academics.dii.unipd.it\/sicurezza\/#\/schema\/logo\/image\/","url":"https:\/\/academics.dii.unipd.it\/sicurezza\/wp-content\/uploads\/sites\/32\/2021\/11\/logo-UniPD-DII-final.png","contentUrl":"https:\/\/academics.dii.unipd.it\/sicurezza\/wp-content\/uploads\/sites\/32\/2021\/11\/logo-UniPD-DII-final.png","width":521,"height":102,"caption":"Dipartimento di Ingegneria Industriale Universit\u00e0 di Padova"},"image":{"@id":"https:\/\/academics.dii.unipd.it\/sicurezza\/#\/schema\/logo\/image\/"}}]}},"_links":{"self":[{"href":"https:\/\/academics.dii.unipd.it\/sicurezza\/wp-json\/wp\/v2\/pages\/76","targetHints":{"allow":["GET"]}}],"collection":[{"href":"https:\/\/academics.dii.unipd.it\/sicurezza\/wp-json\/wp\/v2\/pages"}],"about":[{"href":"https:\/\/academics.dii.unipd.it\/sicurezza\/wp-json\/wp\/v2\/types\/page"}],"author":[{"embeddable":true,"href":"https:\/\/academics.dii.unipd.it\/sicurezza\/wp-json\/wp\/v2\/users\/1"}],"replies":[{"embeddable":true,"href":"https:\/\/academics.dii.unipd.it\/sicurezza\/wp-json\/wp\/v2\/comments?post=76"}],"version-history":[{"count":11,"href":"https:\/\/academics.dii.unipd.it\/sicurezza\/wp-json\/wp\/v2\/pages\/76\/revisions"}],"predecessor-version":[{"id":2175,"href":"https:\/\/academics.dii.unipd.it\/sicurezza\/wp-json\/wp\/v2\/pages\/76\/revisions\/2175"}],"wp:featuredmedia":[{"embeddable":true,"href":"https:\/\/academics.dii.unipd.it\/sicurezza\/wp-json\/wp\/v2\/media\/1301"}],"wp:attachment":[{"href":"https:\/\/academics.dii.unipd.it\/sicurezza\/wp-json\/wp\/v2\/media?parent=76"}],"wp:term":[{"taxonomy":"folder","embeddable":true,"href":"https:\/\/academics.dii.unipd.it\/sicurezza\/wp-json\/wp\/v2\/folder?post=76"}],"curies":[{"name":"wp","href":"https:\/\/api.w.org\/{rel}","templated":true}]}}